{"id":726,"date":"2021-04-14T16:04:15","date_gmt":"2021-04-14T14:04:15","guid":{"rendered":"https:\/\/thuenengesellschaft.h18566.web142.dogado.net\/?page_id=726"},"modified":"2021-09-14T08:55:15","modified_gmt":"2021-09-14T06:55:15","slug":"monographien-aufsaetze","status":"publish","type":"page","link":"https:\/\/www.thuenen.info\/?page_id=726","title":{"rendered":"Monographien &#038; Aufs\u00e4tze"},"content":{"rendered":"\n<h4 class=\"wp-block-heading\">Einzelne Schriften<\/h4>\n\n\n\n<p>Zusammenstellung von Arbeitsleistungen der Tagel\u00f6hner und Gespanne. o.O., o.J. [nach 1843].<\/p>\n\n\n\n<p>Bestimmungsgr\u00fcnde f\u00fcr Arbeitslohn und Unternehmer-Gewinn. Ein Bruchst\u00fcck aus dem 2., noch ungedruckten Theile der Schrift 2Der isolierte Staat&#8230;\u201c, hrsg. u. mit Anm. vers. von Otto Berlin. Neustrelitz, 1848.<\/p>\n\n\n\n<h4 class=\"wp-block-heading\">Beitr\u00e4ge in den Neuen Annalen der Mecklenburgischen Landwirthschafts-Gesellschaft, Rostock.<\/h4>\n\n\n\n<p>Bericht \u00fcber einige mit dem englischen Exstirpator angestellten Versuche, Bd. 1, 1813, S. 475-478.<\/p>\n\n\n\n<p>\u00dcber die Einf\u00fchrung eines Kreditsystems in Mecklenburg und \u00fcber die Bestimmung des Pfandwertes der mecklenburgischen Landg\u00fcter, Bd. 4, 1817, S. 401-544.<\/p>\n\n\n\n<p>Berechnung der durch das Loshaken des Mergels zu Tellow gef\u00f6rderten Arbeiten, Bd. 5, 1818, S. 480-481.<\/p>\n\n\n\n<p>Welchen Einflu\u00df haben die Nahrungsmittel, welche die Schafe erhalten, auf die G\u00fcte der Wolle?, Bd. 6, 1819, S. 119- 127.<\/p>\n\n\n\n<p>Mittheilungen landwirthschaftlicher Erfahrungen und Beobachtungen, Bd. 6, 1819, S. 209-215. [Bericht \u00fcber Erfahrungen mit Mergeln, S. 211].<\/p>\n\n\n\n<p>Mittheilungen landwirthschaftlicher Erfahrungen und Beobachtungen, Bd. 6, 1819, S. 209-215. [Beobachtungen \u00fcber den Hasselburger Saatweizen, S. 214].<\/p>\n\n\n\n<p>\u00dcber das Lagern des Weitzens, Bd. 6, 1819, S. 233-236.<\/p>\n\n\n\n<p>Ansichten \u00fcber die Wirkungen der englischen Kornakte auf Mecklenburg, Bd. 6, 1819, S.&nbsp;715-720.<\/p>\n\n\n\n<p>\u00dcber die quantitative Wirkung des Dungs und \u00fcber die Aussaugungskraft der Gew\u00e4chse, Bd. 8, 1821, S. 166-221.<\/p>\n\n\n\n<p>\u00dcber einen erweiterten Anbau der Handelsgew\u00e4chse, Bd. 10, 1823, S. 368-379.<\/p>\n\n\n\n<p>\u00dcber den Rost im Weitzen, Bd. 10, 1823, S. 382-387.<\/p>\n\n\n\n<p>Auf Futterersparung hindeutende Beobachtungen sowohl bei Schafen als K\u00fchen, Bd. 11, 1824, S. 311-312. [Vgl. auch:&nbsp; Ausz\u00fcge aus den Districts-Protokollen und Berichte des Mecklenburgischen Patriotischen Vereins, 1824, Sp. 146].<\/p>\n\n\n\n<p>Dringende Empfehlung der zwischen Rostock und Neubrandenburg intendirten Kunststra\u00dfe, Bd. 15, 1828, S. 707-736. [Gutachten Th\u00fcnens dazu S. 719-733].<\/p>\n\n\n\n<p>Forstwirtschaftliche Fragen, Bd. 16, 1829, S. 172-174.<\/p>\n\n\n\n<p>Berechnung der Unterhaltungskosten eines Gespanns Pferde und der Transportkosten des Korns, Bd. 16, 1829, S. 638-672.<\/p>\n\n\n\n<p>Vorschlag zur Errichtung einer Deposital-Zettelbank in Mecklenburg, Bd. 17, 1831, S. 1-10.<\/p>\n\n\n\n<p>Reduktion der Grade des GRAVERT&#8217;schen Wollmessers auf die des K\u00d6HLER&#8217;schen, Bd. 17, 1831, S. 775-777.<\/p>\n\n\n\n<p>Zum Andenken an den verstorbenen Dom\u00e4nenrat Pogge, Bd. 18, 1832, S. 1-4.<\/p>\n\n\n\n<p>Bemerkungen zu der Abhandlung des Herrn Oberforstmeisters, Baron von Stenglin, \u00fcber die Wirkung des gebrannten Mergels, Bd. 18, 1832, S. 123-141.<\/p>\n\n\n\n<p>Bericht \u00fcber die diesj\u00e4hrige in G\u00fcstrow stattgefundene Schafschau, Bd. 18, 1832, S. 274-282.<\/p>\n\n\n\n<p>Bericht \u00fcber die am 22. Mai 1832 zu G\u00fcstrow stattgefundene Schafschau, Bd. 18, 1832, S.&nbsp;481-514.<\/p>\n\n\n\n<p>Fragen in bezug auf Schafzucht, Bd. 18, 1832, S. 734-747.<\/p>\n\n\n\n<p>Bericht \u00fcber die am 29. Mai 1833 zu G\u00fcstrow stattgefundene Schafschau, Bd. 19, 1834, S. 30-60.<\/p>\n\n\n\n<p>Einige Fragen, die Statik des Landbaues betreffend, und deren Beantwortung, Bd. 19, 1834, S. 108-134. [Beantwortung durch Th\u00fcnen S. 112-131].<\/p>\n\n\n\n<p>Poa annua, j\u00e4hriges Viehgras, Bd. 19, 1834, S. 261-264.<\/p>\n\n\n\n<p>Wollmarkt und Wollniederlage, Bd. 19, 1834, S. 527-532.<\/p>\n\n\n\n<p>Welche Stadt, Rostock oder G\u00fcstrow, eignet sich am besten zu einem Zentralwollmarkt?, Bd.&nbsp;19, 1834, S. 533-537.<\/p>\n\n\n\n<p>Bericht \u00fcber die am 21. Mai 1834 zu G\u00fcstrow stattgefundene Schafschau, Bd. 19, 1834, S.&nbsp;739-756.<\/p>\n\n\n\n<p>Vorwort Th\u00fcnens zu einem [Schaff\u00fctterungsfragen betreffenden] Schreiben des Herrn Homeyer auf Murchin an ihn, Bd. 21, 1837, S. 400-401.<\/p>\n\n\n\n<p>\u00dcber den Gebrauch des Haken und des Pfluges: Erachten des Hauptdirektorio des Patriotischen Vereins\/ Johann Heinrich von Th\u00fcnen; F. L. Graf von der Osten-Sacken, Bd. 21, 1837, S. 534-571.<\/p>\n\n\n\n<p>Weitere Bemerkungen des Herrn Dr. von Th\u00fcnen \u00fcber den Mecklenburgischen Haken, Bd. 21, 1837, S. 576-587.<\/p>\n\n\n\n<p>Notizen \u00fcber den Hakenpflug vom Herrn Dr. von Th\u00fcnen, Bd. 21, 1837, S. 587-640.<\/p>\n\n\n\n<p>Bericht \u00fcber die 23. und 24. Mai in G\u00fcstrow stattgefundene Pr\u00fcfung landwirthschaftlicher Maschinen und Instrumente, Bd.&nbsp; 23, 1839, S. 687-698.<\/p>\n\n\n\n<p>Reflektionen, veranla\u00dft durch die am 23. und 24. Mai 1839 zu G\u00fcstrow stattgefundene Pr\u00fcfung landwirthschaftlicher Maschinen und Instrumente, Bd. 23, 1839, S. 699-711.<\/p>\n\n\n\n<p>Bericht \u00fcber die am 6. Juni 1838 zu G\u00fcstrow stattgefundene Schafschau, Bd. 24, 1840, S.&nbsp;265-287.<\/p>\n\n\n\n<p>Resultate der Versuche \u00fcber Vertiefung der Ackerkrume im Sommer 1840, Bd. 25, 1841, S. 202-212. [Vgl. auch: Ausz\u00fcge aus den Districts-Protokollen und Berichte des Mecklenburgischen Patriotischen Vereins 1841, Sp. 2930-2932].<\/p>\n\n\n\n<p>Resultate der ferneren Versuche \u00fcber Vertiefung der Ackerkrume im Sommer 1840, Bd. 25, 1841, S. 588-592.<\/p>\n\n\n\n<p>Resultat des Versuchs \u00fcber Vertiefung der Ackerkrume, Bd. 26, 1842, S. 665-668.<\/p>\n\n\n\n<p>Versuch \u00fcber die Wirkung der Vertiefung der Ackerkrume, Bd. 26, 1842, S. 688-694. [Vgl. auch: Amtlicher Bericht \u00fcber die 6. Versammlung deutscher Land- und Forstwirthe 1842 zu Stuttgart. Stuttgart, 1843, S. 289-291].<\/p>\n\n\n\n<p>Bericht \u00fcber die am 6. Juni 1843 zu G\u00fcstrow stattgefundene Schafschau, Bd. 28, 1844, S.&nbsp;113-138.<\/p>\n\n\n\n<p>\u00dcber die F\u00fctterung der Pferde mit ged\u00e4mpften Kartoffeln, Bd. 28, 1844, S. 146-159.<\/p>\n\n\n\n<p>Fortsetzung des Versuchs \u00fcber die Vertiefung der Ackerkrume auf dem Gute Schwandt, Bd.&nbsp;28, 1844, S. 160-161.<\/p>\n\n\n\n<h4 class=\"wp-block-heading\">Beitr\u00e4ge in den Ausz\u00fcgen aus den Districts-Protokollen und Berichte des Mecklenburgischen Patriotischen Vereins.<\/h4>\n\n\n\n<p>Wollmarkt und Woll-Sortirungs-Anstalt, 1826, Sp. 288-289; 303-304 [Englische Kammwolle S. 303-304].<\/p>\n\n\n\n<p>Die Produktionskosten des Getreides in Tellow, 1826, Sp. 292.<\/p>\n\n\n\n<p>Gr\u00fcne D\u00fcngung, 1827, Sp. 453-455. [Gr\u00fcne D\u00fcngung zu Tellow Sp. 455].<\/p>\n\n\n\n<p>Forstwirthschaftliche Fragen, 1827, Sp. 457-458.<\/p>\n\n\n\n<p>Unma\u00dfgebliche Vorschl\u00e4ge zur Absch\u00e4tzung der Schafe, die zum Verkauf ins Ausland bestimmt sind, 1828, Sp. 563-566.<\/p>\n\n\n\n<p>Forstwirtschaftliche Fragen, 1830, Sp. 900.<\/p>\n\n\n\n<p>Ansichten \u00fcber die Errichtung eines landwirthschaftlichen Instituts in Mecklenburg, 1830, Sp.&nbsp;879. [Vgl. auch: Neuen Annalen der Mecklenburgischen Landwirthschafts-Gesellschaft, Rostock, Bd. 17, 1831, S. 282-322].<\/p>\n\n\n\n<p>Erachten \u00fcber die Verbesserung des Ackerbaus der St\u00e4dte, 1831, Sp. 989; 1040. [Vgl. auch: Neuen Annalen der Mecklenburgischen Landwirthschafts-Gesellschaft, Rostock, Bd. 17, 1831, S. 337-433].<\/p>\n\n\n\n<p>[D\u00fcngung mit gebranntem Mergel], 1834, Sp. 1283-1284.<\/p>\n\n\n\n<p>[Zur Funktion des Th\u00fcnenschen Hakenpfluges], 1835, Sp. 1390.<\/p>\n\n\n\n<p>Kleeschlag, 1837, Sp. 1789-1790.<\/p>\n\n\n\n<p>Versuche \u00fcber Vertiefung der Ackerkrume, 1837, Sp. 1743-1744. [Vgl. auch:&nbsp; Neuen Annalen der Mecklenburgischen Landwirthschafts-Gesellschaft, Rostock, Bd. 25, 1841, S. 202-212].<\/p>\n\n\n\n<p>Forstwirthschaftliche Fragen, 1838, Sp. 1971.<\/p>\n\n\n\n<p>[Versuche zur Vertiefung der Ackerkrume] 1. Ergebnisse, 1839, Sp. 2370.<\/p>\n\n\n\n<p>Zusammenstellung der Resultate, welche der Versuch \u00fcber Vertiefung der Ackerkrume im Sommer 1839 gegeben hat,&nbsp; 1840, Sp. 2667-2670.<\/p>\n\n\n\n<p>Einrichtung von Musterwirthschaften f\u00fcr kleinere Landwirthe, 1843, Sp. 4305-4306.<\/p>\n\n\n\n<h4 class=\"wp-block-heading\">Beitr\u00e4ge in der Landwirtschaftliche Erz\u00e4hler, Gro\u00df Flottbeck.<\/h4>\n\n\n\n<p>Berechnung der Arbeit und der Kosten des Mergelns auf dem Gute Tellow in dem Jahre 1815\/16, 1818, S. 6-8.<\/p>\n\n\n\n<h4 class=\"wp-block-heading\">Beitr\u00e4ge in Amtliche Berichte \u00fcber die Versammlungen deutscher Land- und Forstwirthe.<\/h4>\n\n\n\n<p>Verfahren bei der Anstellung des Versuchs \u00fcber die Vertiefung der Ackerkrume, in: Amtliche Berichte \u00fcber die 3. Versammlung deutscher Land- und Forstwirthe zu Potsdam im September 1839. Berlin, 1840, S. 293-295.<\/p>\n\n\n\n<p>\u00dcber das Befahren der Moorwiesen mit Erde, in: Amtliche Berichte \u00fcber die 5. Versammlung deutscher Land- und Forstwirthe zu Doberan im September 1841. G\u00fcstrow, 1842, S. 66-71.<\/p>\n\n\n\n<p>Kornertrag eines seit 20 Jahren nicht ged\u00fcngten, im Gute Tellow befindlichen Ackerst\u00fccks, in: Amtliche Berichte \u00fcber die 5. Versammlung deutscher Land- und Forstwirthe zu Doberan im September 1841. G\u00fcstrow, 1842, S. 213-216.<\/p>\n\n\n\n<h4 class=\"wp-block-heading\">Beitr\u00e4ge im Freim\u00fcthigen Abendblatt, Schwerin.<\/h4>\n\n\n\n<p>Bruchst\u00fccke aus einer Abhandlung \u00fcber die Steuerreform in Mecklenburg. A. Die Maischbottichsteuer, Jg. 28, Nr. 1453, 6.11.1846, Sp. 881-885.<\/p>\n\n\n\n<p>Bruchst\u00fccke aus einer Abhandlung \u00fcber die Steuerreform in Mecklenburg. B. Die Entlastung der St\u00e4dte, Jg. 28, &nbsp;Nr. 1455, 20.11.1846, Sp. 927-930.<\/p>\n\n\n\n<p>Beschlu\u00df, Jg. 28, Nr. 1456, 27.11.1846, Sp. 941-945.<\/p>\n\n\n\n<h4 class=\"wp-block-heading\">Beitr\u00e4ge in den Landwirthschaftlichen Annalen des Mecklenburgischen Patriotischen Vereins, Rostock.<\/h4>\n\n\n\n<p>Versuch, aus den, in der Preisschrift mit dem Motto \u201eVitam impendere vero\u201c enthaltenen Daten, die Nahrhaftigkeit der verschiedenen angewandten Futtermittel darzustellen, Bd. 1, 1846, Heft 4, S. 35-37.<\/p>\n\n\n\n<p>Berichterstattung \u00fcber die durch Vermittlung des Mecklenburgischen Patriotischen Vereins im Jahre 1846 angestellten landwirthschaftlichen Versuche, Bd. 2, 1847, Heft 2, S. 113-133. [Mitautor: E. D. H. Becker. Versuchsbericht Th\u00fcnens \u00fcber Tellow: S. 128-129].<\/p>\n\n\n\n<h4 class=\"wp-block-heading\">Posthum ver\u00f6ffentlichte Beitr\u00e4ge im Th\u00fcnen-Archiv. Organ f\u00fcr exakte Wirtschaftsforschung, Jena.<\/h4>\n\n\n\n<p>Die doppelte Buchhaltung des Herrn von Voght, Bd. 1, 1906, S. 113-122.<\/p>\n\n\n\n<p>Die Beschreibung der Landwirtschaft in dem Dorfe Gro\u00df-Flottbeck bei Hamburg, Bd. 1, 1906, S. 122-132.<\/p>\n\n\n\n<p>Kosten der Haushaltung in Tellow (Herbst 1810), Bd. 2, 1909, S. 554-567.<\/p>\n\n\n\n<h4 class=\"wp-block-heading\">Editionen<\/h4>\n\n\n\n<p>\u00dcber das Los der Arbeiter. Ein Traum ernsten Inhalts. \u00dcber den nat\u00fcrlichen Arbeitslohn. Bestimmungen \u00fcber den Anteil der Dorfbewohner zu Tellow an den Gutseinnahmen, in: Thier, Erich: Wegbereiter des deutschen Sozialismus: eine Auswahl aus ihren Schriften. Stuttgart 1940, S. 107-122.<\/p>\n\n\n\n<p>Johann Heinrich von Th\u00fcnen. Ausgew\u00e4hlte Texte, ausgew. u. kommentiert von Walter Braeuer. Meisenheim\/Glan 1951.&nbsp;<strong>Rezensionen:<\/strong>&nbsp;Napp-Zinn, Anton-Felix, in: Jahrb\u00fccher f\u00fcr National\u00f6konomie und Statistik, Bd. 164, 1952, Heft 4. Bousquet, Georges H., in: Revue d\u2019histoire \u00e9conomiques et sociale, 1952. Buchholz, Kurt-Theodor: Johann Heinrich von Th\u00fcnen. Der gro\u00dfe National\u00f6konom in Mecklenburg, in: Unser Mecklenburg, Nr. 123, 25.11.1960, S. 4. Driehaus, Karl, in: Diplom-Landwirt, Bd. 12, 1962, Heft 3, S. 58.<\/p>\n\n\n\n<p>Kruse, Alfred: National\u00f6konomie. Ausgew\u00e4hlte Texte zur Geschichte einer Wissenschaft. Stuttgart 1960, S. 159-164.<\/p>\n\n\n\n<p>Die konstitutionellen Staaten und das Los der Arbeiter, in: Jantke, Karl: Die Eigentumslosen. Der deutsche Pauperismus und der Emanzipationskrise in Darstellungen und Deutungen der zeitgen\u00f6ssischen Literatur. Freiburg u. M\u00fcnchen 1965. S. 436-447.<\/p>\n","protected":false},"excerpt":{"rendered":"<p>Einzelne Schriften Zusammenstellung von Arbeitsleistungen der Tagel\u00f6hner und Gespanne. o.O., o.J. [nach 1843]. Bestimmungsgr\u00fcnde f\u00fcr Arbeitslohn und Unternehmer-Gewinn. Ein Bruchst\u00fcck aus dem 2., noch ungedruckten Theile der Schrift 2Der isolierte Staat&#8230;\u201c, hrsg. u. mit Anm. vers. von Otto Berlin. Neustrelitz,<\/p>\n","protected":false},"author":1,"featured_media":0,"parent":706,"menu_order":2,"comment_status":"closed","ping_status":"closed","template":"","meta":{"footnotes":""},"class_list":["post-726","page","type-page","status-publish","hentry"],"_links":{"self":[{"href":"https:\/\/www.thuenen.info\/index.php?rest_route=\/wp\/v2\/pages\/726","targetHints":{"allow":["GET"]}}],"collection":[{"href":"https:\/\/www.thuenen.info\/index.php?rest_route=\/wp\/v2\/pages"}],"about":[{"href":"https:\/\/www.thuenen.info\/index.php?rest_route=\/wp\/v2\/types\/page"}],"author":[{"embeddable":true,"href":"https:\/\/www.thuenen.info\/index.php?rest_route=\/wp\/v2\/users\/1"}],"replies":[{"embeddable":true,"href":"https:\/\/www.thuenen.info\/index.php?rest_route=%2Fwp%2Fv2%2Fcomments&post=726"}],"version-history":[{"count":2,"href":"https:\/\/www.thuenen.info\/index.php?rest_route=\/wp\/v2\/pages\/726\/revisions"}],"predecessor-version":[{"id":1185,"href":"https:\/\/www.thuenen.info\/index.php?rest_route=\/wp\/v2\/pages\/726\/revisions\/1185"}],"up":[{"embeddable":true,"href":"https:\/\/www.thuenen.info\/index.php?rest_route=\/wp\/v2\/pages\/706"}],"wp:attachment":[{"href":"https:\/\/www.thuenen.info\/index.php?rest_route=%2Fwp%2Fv2%2Fmedia&parent=726"}],"curies":[{"name":"wp","href":"https:\/\/api.w.org\/{rel}","templated":true}]}}