{"id":724,"date":"2021-04-14T16:02:45","date_gmt":"2021-04-14T14:02:45","guid":{"rendered":"https:\/\/thuenengesellschaft.h18566.web142.dogado.net\/?page_id=724"},"modified":"2021-11-05T08:53:27","modified_gmt":"2021-11-05T07:53:27","slug":"ausgaben-isolierter-staat","status":"publish","type":"page","link":"https:\/\/www.thuenen.info\/?page_id=724","title":{"rendered":"Ausgaben Isolierter Staat"},"content":{"rendered":"\n<p>Der isolirte Staat in Beziehung auf Landwirthschaft und National-\u00d6konomie, oder Untersuchungen \u00fcber den Einflu\u00df, den die Getreidepreise, der Reichthum des Bodens und die Abgaben auf den Ackerbau aus\u00fcben. Hamburg 1826.&nbsp;<strong>Rezensionen:<\/strong>&nbsp;[Staudinger, Lucas Andreas], in: Schleswig-Holstein-Lauenburgische Provinzialberichte, 1827, S. 6-22. Leipziger Literatur Zeitung, Nr. 99, 1827, S. 786 f.<\/p>\n\n\n\n<p>Der isolirte Staat in Beziehung auf Landwirthschaft und National\u00f6konomie. 2., verm. u. verb. Aufl. Teil 1: Untersuchungen \u00fcber den Einflu\u00df, den die Getreidepreise, der Reichthum des Bodens und die Abgaben auf den Ackerbau aus\u00fcben. Rostock 1842.&nbsp;<strong>Rezensionen:<\/strong>&nbsp;Pfeil, W., in: Kritische Bl\u00e4tter f\u00fcr Jagd- und Forstwirthschaft, Nr. 19, 1844, S. 26-49. Rau, Karl Heinrich, in: Landwirthschaftliche Literatur-Zeitung, Nr. 3, 1843, S. 32-51, 128-129 und 228-236. Baumstark, E., in: Annalen der Landwirthschaft in den K\u00f6niglich Preu\u00dfischen Staaten, Nr. 22, 1864, S. 79-88. Ders., in: Jahrb\u00fccher f\u00fcr National\u00f6konomie und Staatswissenschaften, Bd. 31, 1878, S. 376 f.<\/p>\n\n\n\n<p>Der isolirte Staat in Beziehung auf Landwirthschaft und National\u00f6konomie. Teil 2, Abt. 1: Der naturgem\u00e4\u00dfe Arbeitslohn und dessen Verh\u00e4ltni\u00df zum Zinsfu\u00df und zur Landrente. Rostock 1850.<\/p>\n\n\n\n<p>Recherches sur l&#8217;influence que le prix des grains, la richesse du sol et les imp\u00f4ts exercent sur les syst\u00e8mes de culture\/ trad. de la allemand par Jules Laverri\u00e8re. Paris 1851.<\/p>\n\n\n\n<p>Uedinennoe gosudarstvo v otno\u0161enii k ob\u0161cestvennoj \u00e9konomii. Iz tvorenija&#8230; izvleceno i prisposobleno dlja Russkich citatelej\/ perevod. Mathieu Wolkoff. Karlsruhe 1857.<\/p>\n\n\n\n<p>Le salaire naturel et son rapport au taux de l&#8217;int\u00e9r\u00eat\/ trad. de l&#8217;allemand par Mathieu Wolkoff. &#8211; Paris, 1857.&nbsp;<strong>Rezension:<\/strong>&nbsp;Leymarie, A., in: In: Journal des \u00e9conmistes, Nr. 15, 1857, S. 250-254.<\/p>\n\n\n\n<p>Der isolirte Staat in Beziehung auf Landwirthschaft und National\u00f6konomie. Teil 2, Abt. 2: Der naturgem\u00e4\u00dfe Arbeitslohn und dessen Verh\u00e4ltni\u00df zum Zinsfu\u00df und zur Landrente. Rostock, 1863. Teil 3: Grunds\u00e4tze zur Bestimmung der Bodenrente, der vorteilhaftesten Umtriebszeit und des Werths der Holzbest\u00e4nde von verschiedenem Alter f\u00fcr Kieferwaldungen.&nbsp; Rostock, 1863.&nbsp;<strong>Rezension:<\/strong>&nbsp;John, E., in: Landwirthschaftliche Annalen des Mecklenburg Patriotischen Vereins, Jg. 41, Nr. 2, 1863, S. 324 f.<\/p>\n\n\n\n<p>Der isolirte Staat in Beziehung auf Landwirthschaft und National\u00f6konomie, hrsg. von Hermann Schumacher-Zarchlin. 3. Aufl. Berlin 1875. Teil 1: Untersuchungen \u00fcber den Einflu\u00df, den die Getreidepreise, der Reichthum des Bodens und die Abgaben auf den Ackerbau aus\u00fcben. Teil 2:&nbsp; Der naturgem\u00e4\u00dfe Arbeitslohn und dessen Verh\u00e4ltnis zu Zinsfu\u00df und zur Landrente. 1. und 2. Abt. Teil 3: Grunds\u00e4tze zur Bestimmung der Bodenrente, der vorteilhaftesten Umtriebszeit und des Werths der Holzbest\u00e4nde von verschiedenem Alter f\u00fcr Kieferwaldungen.<\/p>\n\n\n\n<p>Ricerche sull&#8217;influenza che il prezzo del grano, la richezza del suolo e le imposte esercitano sui sistemi di coltura. Torino, 1875.<\/p>\n\n\n\n<p>Der isolierte Staat in Beziehung auf Landwirtschaft und National\u00f6konomie: Neudr. nach d. Ausg. letzter Hand, 2. bzw. 1. Aufl., 1842 bzw. 1850, eingel. von Heinrich Waentig. Jena, 1910. 2. Aufl.: Jena 1921. 3. Aufl.: Jena 1930. 4. unver\u00e4nd. Aufl.: Stuttgart 1966. 5. unver\u00e4nd. Aufl.: Aalen 1990.<\/p>\n\n\n\n<p>Izolirovannoe gosudarstvo v ego otno\u0161enii k sel&#8217;skmomu chozjajstvu i nacional&#8217;noj \u00e9konomii. Moskau, 1926.&nbsp;<strong>Rezension:<\/strong>&nbsp;Gordeev, G., in: Na agrarnom fronte, Nr. 4, 1927, S. 162-171.<\/p>\n\n\n\n<p>Osamoceny st\u00e1t. Prag, 1927.<\/p>\n\n\n\n<p>[Forschungen zum Isolierten Staat], hrsg. von Yasuo Kondo. \u00dcbersetzung des dt. Textes, Bd. 1-2, 2 von 1875 ins Japanische. &#8211; 1929.<\/p>\n\n\n\n<p>The isolated state in relation to agriculture and political economy. Second part, in: Dempsey, Bernard W.: The frontier wage. The economic organization of free agents. Chicago 1960.<\/p>\n\n\n\n<p>Der isolierte Staat in Beziehung auf Landwirtschaft und National\u00f6konomie, neu hrsg. von Walter Braeuer u. Eberhard E. A. Gerhardt. Darmstadt 1966.<\/p>\n\n\n\n<p>Von Th\u00fcnens Isolated State, transl. by Carla M. Wartenberg. Ed. with an introd. by Peter Hall. Oxford, New York 1966. [Mit Auswahlbibliographie zur Standorttheorie Th\u00fcnens im englischen Sprachraum]<\/p>\n\n\n\n<p>Chiumen koritsukoku no kenkyu, hrsg. von Yasuo Kondo. Tokyo, 1974.<\/p>\n\n\n\n<p>&nbsp;[Der Isolierte Staat, T. 1 &#8211; 3], \u00fcbers. von Yasuo Kondo. Teil 3 unter Mitarbeit von S. Kumashiro. Tokyo 1989.<\/p>\n\n\n\n<p>Th\u00fcnen Heinrich von: Der isolierte Staat in Beziehung auf Landwirtschaft und National\u00f6konomie, hrsg. und unter Benutzung unver\u00f6ff. Manuskripte kommentiert von Hermann Lehmann in Zusammenarbeit mit Lutz Werner. Berlin 1990.\u00a0<strong>Rezension:<\/strong>\u00a0Heitz, Gerhard, in: Zeitschrift f\u00fcr Geschichtswisschaft, Bd. 41, 1993, H. 3, S. 275\u00a0f.<\/p>\n\n\n\n<p>Der isolierte Staat in Beziehung auf Landwirtschaft und National\u00f6konomie. 3.Teil: Grunds\u00e4tze zur Bestimmung der Bodenrenten, der vorteilhaftesten Umtriebszeit und des Werts der Holzbest\u00e4nde von verschiedenem Alter f\u00fcr Kiefernwaldungen. Herausgegeben als Reprint der 1875er Ausgabe vom Th\u00fcnen-Museum Tellow in Zusammenarbeit mit der Th\u00fcnengesellschaft e.V. Mit einem Geleitwort von Paul A. Samuelson und einem Begleittext von Ulrich van Suntum. Tellow 2008.<\/p>\n\n\n\n<p>The Isolated State in Relation to Agriculture and Political Economy. Part III: Principles for the Determination of Rent, the Most Advantageous Rotation Period and the Value of Stands of Varying Age in Pinewoods. Translated from German by Keith Tribe. Edited with Introd.  by Ulrich van Suntum on Behalf of Th\u00fcnengesellschaft e.V.. Preface by Paul A. Samuelson. Palgrave Macmillan 2009<\/p>\n\n\n\n<p><\/p>\n","protected":false},"excerpt":{"rendered":"<p>Der isolirte Staat in Beziehung auf Landwirthschaft und National-\u00d6konomie, oder Untersuchungen \u00fcber den Einflu\u00df, den die Getreidepreise, der Reichthum des Bodens und die Abgaben auf den Ackerbau aus\u00fcben. Hamburg 1826.&nbsp;Rezensionen:&nbsp;[Staudinger, Lucas Andreas], in: Schleswig-Holstein-Lauenburgische Provinzialberichte, 1827, S. 6-22. Leipziger Literatur<\/p>\n","protected":false},"author":1,"featured_media":0,"parent":706,"menu_order":1,"comment_status":"closed","ping_status":"closed","template":"","meta":{"footnotes":""},"class_list":["post-724","page","type-page","status-publish","hentry"],"_links":{"self":[{"href":"https:\/\/www.thuenen.info\/index.php?rest_route=\/wp\/v2\/pages\/724","targetHints":{"allow":["GET"]}}],"collection":[{"href":"https:\/\/www.thuenen.info\/index.php?rest_route=\/wp\/v2\/pages"}],"about":[{"href":"https:\/\/www.thuenen.info\/index.php?rest_route=\/wp\/v2\/types\/page"}],"author":[{"embeddable":true,"href":"https:\/\/www.thuenen.info\/index.php?rest_route=\/wp\/v2\/users\/1"}],"replies":[{"embeddable":true,"href":"https:\/\/www.thuenen.info\/index.php?rest_route=%2Fwp%2Fv2%2Fcomments&post=724"}],"version-history":[{"count":3,"href":"https:\/\/www.thuenen.info\/index.php?rest_route=\/wp\/v2\/pages\/724\/revisions"}],"predecessor-version":[{"id":2024,"href":"https:\/\/www.thuenen.info\/index.php?rest_route=\/wp\/v2\/pages\/724\/revisions\/2024"}],"up":[{"embeddable":true,"href":"https:\/\/www.thuenen.info\/index.php?rest_route=\/wp\/v2\/pages\/706"}],"wp:attachment":[{"href":"https:\/\/www.thuenen.info\/index.php?rest_route=%2Fwp%2Fv2%2Fmedia&parent=724"}],"curies":[{"name":"wp","href":"https:\/\/api.w.org\/{rel}","templated":true}]}}