{"id":717,"date":"2021-04-14T15:58:17","date_gmt":"2021-04-14T13:58:17","guid":{"rendered":"https:\/\/thuenengesellschaft.h18566.web142.dogado.net\/?page_id=717"},"modified":"2021-09-14T08:55:25","modified_gmt":"2021-09-14T06:55:25","slug":"schriften-ohne-verfasser","status":"publish","type":"page","link":"https:\/\/www.thuenen.info\/?page_id=717","title":{"rendered":"Schriften ohne Verfasser"},"content":{"rendered":"\n<p>[von Th\u00fcnen wird als Ehrendoktor der Philosophie verk\u00fcndet]: Auszug aus der Chronik der Universit\u00e4t zu Rostock \u00fcber die Feier anl\u00e4\u00dflich der \u201e3. hundertj\u00e4hrigen Feier des am 25. Junius 1530 in Augsburg \u00fcbergebenen Glaubensbekenntnisses.\u201c, in: Freim\u00fcthiges Abendblatt, Nr. 595, 1820.<\/p>\n\n\n\n<p>Bemerkungen zu den von Hrn. von Th\u00fcnen aufgestellten forstwissenschaftlichen Anfragen, in: Neue Annalen der Mecklenburgischen Landwirthschafts-Gesellschaft, Bd. 18, 1832, H. 5-6, S. 320.<\/p>\n\n\n\n<p>Th\u00fcnen, Johann Heinrich, in: Landwirthschaftliches Conversations-Lexicon f\u00fcr Practiker und Laien. Bd. 4. Prag 1838, S. 651-652.<\/p>\n\n\n\n<p>[\u00dcberreichung des Diploms \u00fcber die Ernennung zum Ehrenb\u00fcrger der Stadt Teterow an Dr. h.c. J. H. von Th\u00fcnen am 1. Pfingsttag, den 11. Juni 1848, zu Tellow durch die B\u00fcrgerschaft der Stadt.], in: Freim\u00fcthiges Abendblatt, Nr. 30, 1848. Vgl. auch. B\u00fcrger-Zeitung Teterow, 11.06.1848.<\/p>\n\n\n\n<p>Dem Senior ihrer Familie Johann Heinrich von Th\u00fcnen auf Tellow widmen diesen Abdruck aus der Teterow&#8217;er Zeitung dessen Geschwister in tief gef\u00fchlten Mitgenusse der ehrenden Anerkennung, die ihm von der B\u00fcrgerschaft der Stadt Teterow am 11. Juny 1848 durch feierliche Darbringung ihres Ehrenb\u00fcrgerrechtes zu Theil wurde, in: B\u00fcrger-Zeitung Teterow, 16.06.1848. Vgl. auch: Teterower Nachrichten, 28.07.1898.<\/p>\n\n\n\n<p>Aufzeichnungen aus dem Leben des Gutsbesitzers Dr. von Th\u00fcnen auf Tellow in Mecklenburg, in: Mecklenburgisches Gemeinn\u00fctziges Archiv, 1851, S. 147-155.<\/p>\n\n\n\n<p>Der isolirte Staat in Beziehung auf National-\u00d6konomie und Landwirthschaft. Ein Beitrag zur Kenntni\u00df und zur Erinnerung an J. H. von Th\u00fcnen auf Tellow, in: Archiv f\u00fcr Landeskunde in den Gro\u00dfherzogth\u00fcmern Mecklenburg und Rev\u00fce der Landwirthschaft, um 1860.<\/p>\n\n\n\n<p>Thaers Denkmal in Berlin: Enth\u00fcllung desselben am 5. Nov. 1860. Erinnerung an Joh. Heinr. von Th\u00fcnen, in: Archiv f\u00fcr Landeskunde in den Gro\u00dfherzogth\u00fcmern Mecklenburg und Rev\u00fce der Landwirthschaft, Bd. 10, 1860, S. 544-547.<\/p>\n\n\n\n<p>von Th\u00fcnen-Tellow, in: Denkmal Albrecht Thaers zu Berlin. Nach dem Entwurf von Chr. Rauch ausgef\u00fchrt von H. Hagen mit Text von Theodor Fontane. Berlin [um 1860], S. 23-24.<\/p>\n\n\n\n<p>von Th\u00fcnen, Johann Heinrich, in: Archiv f\u00fcr Landeskunde in den Gro\u00dfherzogth\u00fcmern Mecklenburg und Rev\u00fce der Landwirthschaft, Bd. 17, 1867, S. 460-497.<\/p>\n\n\n\n<p>von Th\u00fcnen, Johann Heinrich, in: Weser-Zeitung, 26.11.1867.<\/p>\n\n\n\n<p>Johann Heinrich von Th\u00fcnen, in: Deutsche landwirtschaftliche Presse, 23.06.1883.<\/p>\n\n\n\n<p>Johann Heinrich von Th\u00fcnen, in: Leipziger Zeitung, 1883. Wissenschaftliche Beilage, S. 399.<\/p>\n\n\n\n<p>Johann Heinrich Th\u00fcnens 100j\u00e4hriger Geburtstag, in: Deutsche landwirtschaftliche Zeitung, 28.06.1883.<\/p>\n\n\n\n<p>Die Th\u00fcnenfeier in Tellow, in: Mecklenburgischer Anzeiger, 27.06.1883.<\/p>\n\n\n\n<p>Johann Heinrich von Th\u00fcnen, in: Grenzboten, Bd. 43, 1884, S. 628.<\/p>\n\n\n\n<p>Johann Heinrich von Th\u00fcnen und seine Schriften, in: Deutsches Adelsblatt, Bd. 4, 1886, S. 317.<\/p>\n\n\n\n<p>Marmorb\u00fcste J. H. von Th\u00fcnens, in: Mecklenburger Nachrichten, 27.07.1888.<\/p>\n\n\n\n<p>Johann Heinrich von Th\u00fcnen, in: Mecklenburger Nachrichten, 15.01.1889.<\/p>\n\n\n\n<p>Die Th\u00fcnen-Feier in Berlin, in: Mecklenburger Nachrichten, 15.01.1889.<\/p>\n\n\n\n<p>Johann Heinrich von Th\u00fcnen, in: Enzyclop\u00e4die der neueren Geschichte, begr. von Wilhelm Herbst. Bd. 5. Gotha 1890, S. 79 ff.<\/p>\n\n\n\n<p>Dr. Johann Heinrich von Th\u00fcnen, in: Buch ber\u00fchmter Landwirte. 100 kurze Lebensabrisse hervorragender deutscher Fachgenossen mit besonderer Ber\u00fccksichtigung ihrer Verdienste um die Landwirtschaft. G\u00fcstrow 1893. S. 122-144.<\/p>\n\n\n\n<p>Th\u00fcnen, Johann Heinrich, in: Handw\u00f6rterbuch der Staatswissenschaften.<\/p>\n\n\n\n<p>Bd. 6. Jena 1894, S. 223-226.<\/p>\n\n\n\n<p>Th\u00fcnen, in: Allgemeine deutsche Biographie. Bd. 38. Leipzig 1894, S. 213-218.<\/p>\n\n\n\n<p>Rente und Rohertrag [Anwendung einiger S\u00e4tze aus Ricardo&#8217;s und Th\u00fcnen&#8217;s Grundrententheorie auf die Gegenwart], in: Grenzboten, Bd. 56, 1897, S. 486-492.<\/p>\n\n\n\n<p>De Thunen, in : Nouveau dictionnaire d&#8217;economie politique. Bd. 2. 2. Aufl. Paris 1900, S. 1009-1013.<\/p>\n\n\n\n<p>Th\u00fcnen, Johann Heinrich von, in: La grande encyclop\u00e9die. Bd. 31. Paris 1902, S. 49.<\/p>\n\n\n\n<p>Th\u00fcnen-Archiv in Rostock, in: Landwirtschaftliche Annalen des Mecklenburgischen Patriotischen Vereins, Bd. 41, 1902, H. 20, S. 160, H. 24, S. 192. Vgl. auch: Schleswiger Zeitung, 25.05.1902.<\/p>\n\n\n\n<p>Johann Heinrich von Th\u00fcnen, in: Illustrierte landwirtschaftliche Zeitung. Bd. 25, 1905, H. 20, S. 1.<\/p>\n\n\n\n<p>Th\u00fcnen, Johann Heinrich, in: W\u00f6rterbuch der Volkswirtschaft. Bd. 2. 2. Aufl. Jena 1907, S. 1074.<\/p>\n\n\n\n<p>[Ehrenpromotion von Th\u00fcnen auf Tellow], in: Die Matrikel der Universit\u00e4t Rostock. Bd. 5. Rostock 1912, S. 125.<\/p>\n\n\n\n<p>Johann Heinrich von Th\u00fcnen, in: Oldenburgisches Sonntagsblatt, 12.10.1918.<\/p>\n\n\n\n<p>Oldenburger Ehrentafel: Johann Heinrich von Th\u00fcnen Oldenburgisches Sonntagsblatt, 12.10.1918.<\/p>\n\n\n\n<p>Illustriertes Landwirtschaftslexikon. 2 Bde. 6. Aufl. Berlin 1923.<\/p>\n\n\n\n<p>Th\u00fcnen, Johann Heinrich, in: Dictionary of political economy. Bd. 3. London 1926, S. 540-541.<\/p>\n\n\n\n<p>Th\u00fcnen, J. H., in: Handw\u00f6rterbuch des Kaufmanns. Lexikon f\u00fcr Handel und Industrie. Bd. 5. Hamburg 1927, S. 613.<\/p>\n\n\n\n<p>Theme of Th\u00fcnen on average distance\/ state Russian geographical society, section of statistic. o. O. 1928.<\/p>\n\n\n\n<p>Th\u00fcnen, Juan Enrique, in: Enciclopedia universal ilustrada. T. LXI. Europeco-Americana. Madrid 1928, S. 716.<\/p>\n\n\n\n<p>Verzeichnis betriebswirtschaftlicher Ver\u00f6ffentlichungen der Jahre 1920-30. Reichsarbeitsgemeinschaft deutscher Hochschulinstitute f\u00fcr landwirtschaftliche Betriebslehre. o. O o. J.<\/p>\n\n\n\n<p>Er\u00f6ffnungsfeier des Th\u00fcnen-Instituts der Landwirtschaftskammer in Rostock, in: Rostocker Anzeiger, 10.01.1931.<\/p>\n\n\n\n<p>Th\u00fcnen, in: W\u00f6rterbuch der Volkswirtschaft. Bd. 3. 4. Aufl. Jena 1933, S. 601.<\/p>\n\n\n\n<p>Festschrift zum 150. Geburtstag von J. H. von Th\u00fcnen. Rostock 1933.<\/p>\n\n\n\n<p>J. H. v. Th\u00fcnen zum 150. Geburtstag: Versuch der W\u00fcrdigung einer Forscherpers\u00f6nlichkeit. Rostock 1933.<\/p>\n\n\n\n<p>Gustav Drechsler und Johann Heinrich von Th\u00fcnen zum Ged\u00e4chtnis, in: Jahrbuch der Gesellschaft f\u00fcr Geschichte und Literatur der Landwirtschaft, Bd. 32, 1933, H. 2.<\/p>\n\n\n\n<p>Ehrung Th\u00fcnens durch Benennung einer Stra\u00dfe nach ihm wird angeregt, in: Nachrichten f\u00fcr Stadt und Land, 21.04.1933.<\/p>\n\n\n\n<p>Ehrungen zu Th\u00fcnens 150. Geburtstag: Umbenennung des Elisabethufers in \u201evon Th\u00fcnen-Ufer\u201c zu Jever, in: Weser-Zeitung, 3.06.1933.<\/p>\n\n\n\n<p>Johann Heinrich von Th\u00fcnen. Der gro\u00dfe Forscher und Mensch, in: Jeversches Wochenblatt, 24.06.1933.<\/p>\n\n\n\n<p>J. H. von Th\u00fcnen, in: Bund, 27.06.1933.<\/p>\n\n\n\n<p>Johann Heinrich von Th\u00fcnen zum 150j\u00e4hrigen Geburtstag, in: Rostocker Illustrierte, Beilage des Rostocker Anzeiger. 13.07.1933.<\/p>\n\n\n\n<p>Landwirt und National\u00f6konom Johann Heinrich von Th\u00fcnen, 150. Geburtstag am 24. Juni 1933, in: Nachrichten f\u00fcr Stadt und Land, 23.06.1933.<\/p>\n\n\n\n<p>Siedlung ist not!, in: Deutscher Rundfunk, Bd. 11, 1933, H. 4.<\/p>\n\n\n\n<p>Die Th\u00fcnen-Feiern in Rostock: Hauptversammlung des Mecklenburgischen Patriotischen Vereins am 24.06.1933, in: Rostocker Anzeiger, 27.06.1933.<\/p>\n\n\n\n<p>Johann Heinrich von Th\u00fcnen, in: Der Gro\u00dfe Brockhaus. Bd. 18. 15. Aufl. Leipzig 1934, S. 653.<\/p>\n\n\n\n<p>Johann Heinrich von Th\u00fcnen, in: Tausend Jahre Jever: 400 Jahre Stadt. Oldenburg 1936, S. 176.<\/p>\n\n\n\n<p>Th\u00fcnen, in: Enciclopedia Italiana. Bd. 33. Rom 1937, S. 786.<\/p>\n\n\n\n<p>Johann Heinrich von Th\u00fcnen: Mann der praktischen Wissenschaft, in: Mecklenburgische Zeitung, 30.04.1937.<\/p>\n\n\n\n<p>Mecklenburg, ein deutsches Land im Wandel der Zeit. 2. Aufl. Rostock 1938, S. 211, 316.<\/p>\n\n\n\n<p>Intensit\u00e4t, Wertdichte und Absatzlage. Zum Vortrag Dr. Petersens \u00fcber die fundamentale Standortlehre, in: Wiener landwirtschaftliche Zeitung, Nr. 88, 1938, S. 92.<\/p>\n\n\n\n<p>J. H. von Th\u00fcnen vom 24.06.1783 bis 22.09.1850, in: Gro\u00dfe M\u00e4nner Niedersachsens. Der V\u00e4ter Taten verpflichten. Oldenburg 1939.<\/p>\n\n\n\n<p>Johann Heinrich von Th\u00fcnen, in: Heimatkalender Weser-Ems, Bd. 1, 1942, S. 11.<\/p>\n\n\n\n<p>Bahnbrecher europ\u00e4ischer Gro\u00dfraum-Landwirtschaft, in: Wochenblatt der Landesbauernschaft Baden, Bd. 112, 1944, S. 258. Vgl. auch: Wochenblatt der Landesbauernschaft Hessen-Nassau, Bd. 11, 1944, S. 24. Wochenblatt der Landesbauernschaft Kurhessen, Bd. 48, 1944, S. 24. Wochenblatt der Landesbauernschaft Kurmark, Bd. 43, 1944, S. 249. Wochenblatt der Landesbauernschaft Westmark, Bd. 10, 1944, S. 24. Wochenblatt der Landesbauernschaft Schleswig-Holstein, Bd. 11, 1944, S. 246. Wochenblatt der Landesbauernschaft Sudentenland, Bd. 8, 1944, S. 257. Wochenblatt der Landesbauernschaft W\u00fcrttemberg, Bd. 111, 1944, S. 250.<\/p>\n\n\n\n<p>Johann Heinrich von Th\u00fcnen und die deutsche Volkswirtschaft, in: Deutscher Nahrungsmittel-Gro\u00dfhandel, Bd. 34, 1944, S. 139.<\/p>\n\n\n\n<p>Th\u00fcnen, ein Sohn unseres Gaues, in: Wochenblatt der Landesbauernschaft Weser-Ems, Bd. 91, 1944, S. 246.<\/p>\n\n\n\n<p>Th\u00fcnen-Gesellschaft, B\u00fcro: Sinn und Gesetz wissenschaftlicher Forschung, in: Deutsche. Agrarpolitik, Bd. 2, 1944, H. 9, S. 249-254.<\/p>\n\n\n\n<p>Th\u00fcnens geistiges Erbe wird in der Gemeinschaftsarbeit vertieft, in: Wochenblatt der Landesbauernschaft Schleswig-Holstein, Bd. 11, 1944, S. 265.<\/p>\n\n\n\n<p>Die Er\u00f6ffnungstagung der Th\u00fcnen-Gesellschaft, in: Forschungsdienst: Zentralorgan der Landwirtschaftswissenschaften, Bd. 17, 1944, H. 8, S. 435-436.<\/p>\n\n\n\n<p>Zeitungsdienst des Reichsn\u00e4hrstandes, 9.06.1944.<\/p>\n\n\n\n<p>Agrargeschichte f\u00fcr Mecklenburg von Prof. Petersen aus Th\u00fcnens Nachlass in Vorbereitung, in: Rostocker Anzeiger, 31.01.1945.<\/p>\n\n\n\n<p>Umbenennung von Stra\u00dfen in Schwerin am 13. Nov. 1945, in: Volksstimme, 10.11.1945.<\/p>\n\n\n\n<p>Heinrich von Th\u00fcnen und die Bodenreform, in: Demokratische Erneuerung. Schwerin 1946, S. 8.<\/p>\n\n\n\n<p>Th\u00fcnen und unsere Transportsorgen, in: Norddeutsche Zeitung, 23.12.1947.<\/p>\n\n\n\n<p>Ehrentafel Mecklenburger Demokraten 1848: Vork\u00e4mpfer f\u00fcr deutsche Einheit und Freiheit, in: Landeszeitung, Ausg. Rostock, 21.04.1948.<\/p>\n\n\n\n<p>J. H. von Th\u00fcnen: 100. Todestag, in: Deutsche Bauern-Zeitung, 18.09.1949, S. 8.<\/p>\n\n\n\n<p>Auf den Spuren Johann Heinrich von Th\u00fcnens. Zu seinem 100. Todestag am 22. Sept. 1950, in: Landwirtschafts-Bl\u00e4tter, Bd. 97, 1950, H. 40, S. 839.<\/p>\n\n\n\n<p>De dr deent is so god, as de dr lohnt: Gedanken zur Arbeiter-F\u00fcrsorge vor 150 Jahren bei J. H. von Th\u00fcnen, in: Nordwest-Zeitung, 21.09.1950.<\/p>\n\n\n\n<p>Ein ber\u00fchmter Sohn des Jeverlandes: Johann Heinrich von Th\u00fcnen, in: Historienkalender, Bd. 113, 1950, S. 27.<\/p>\n\n\n\n<p>Die Familie von Th\u00fcnen in Oldenburg, in: Nordwest-Zeitung, 21.09.1950.<\/p>\n\n\n\n<p>Johann Heinrich von Th\u00fcnen zum 100. Todestag, in: Hessenbauer, Bd. 3, 1950, H. 38, S. 614.<\/p>\n\n\n\n<p>Zeitgenossen \u00fcber J. H. von Th\u00fcnen, in: Nordwest-Zeitung, 21.09.1950.<\/p>\n\n\n\n<p>Marx, Karl: abschlie\u00dfende Stellungnahme zu den Lehren J. H. von Th\u00fcnens im Jahre 1875. Rostock 1951. Maschinenschrift im Th\u00fcnen-Archiv.<\/p>\n\n\n\n<p>Professor Seedorf 70 Jahre alt &#8211; von Seedorfs Sch\u00fclern und Freundeskreis, in: Deutsche Bauern-Korrespondenz, Bd. 4, 1951, H. 19, S. 10-11.<\/p>\n\n\n\n<p>Johann Heinrich von Th\u00fcnen und Friedrich Aereboe, in: M\u00e4nner, die Nahrung schufen. Hannover 1952, S. 27-51.<\/p>\n\n\n\n<p>Johann Heinrich von Th\u00fcnen, deutscher Volkswirtschaftler, Begr\u00fcnder der Agrarwissenschaft, in: Winkler Prins Encyclopaedie. Bd. 17. 6. Aufl. Amsterdam 1953, S. 466-467.<\/p>\n\n\n\n<p>Th\u00fcnen, Johann Heinrich von, in: Encyclopedia Americana. The international reference work. Bd. 26. New York 1955, S. 601.<\/p>\n\n\n\n<p>Johann Heinrich von Th\u00fcnen, in: Evangelisches Soziallexikon. Stuttgart 1956, S. 1037-1038.<\/p>\n\n\n\n<p>Ideengeschichte der Agrarwirtschaft und Agrarpolitik im deutschen Sprachgebiet. 2 Bd. M\u00fcnchen 1958.<\/p>\n\n\n\n<p>Johann Heinrich von Th\u00fcnen: 1783-1850, in: Die gro\u00dfen Deutschen: Deutsche Biographie. Bd. 5. Berlin 1957, S. 229-235.<\/p>\n\n\n\n<p>Johann Heinrich von Th\u00fcnen. Ein Wegweiser durch die Ausstellung \u00fcber Leben und Wirken des Land- und Forstwirts Johann Heinrich von Th\u00fcnen 1783-1850 anl\u00e4\u00dflich der Wiederkehr des 175. Geburtstages am 24. Juni 1958 im Landesmuseum Oldenburg i. O., 23.-26. Juni 1958. Oldenburg, 1958.<\/p>\n\n\n\n<p>Johann Heinrich von Th\u00fcnen: Vortr\u00e4ge der Wissenschaftlichen Gesellschaft f\u00fcr Geschichte des Landvolks und der Landwirtschaft aus Anla\u00df der 175. Wiederkehr seines Geburtstages am 24. und 25. Juni 1958. Frankfurt am Main 1958.<\/p>\n\n\n\n<p>Thunen (Baron Jean Henri), in: Dictionaire des sciences economiques. Bd. 2. Paris, 1958.<\/p>\n\n\n\n<p>Kreise um Th\u00fcnen, in: Die WELT, 23.06.1958.<\/p>\n\n\n\n<p>Ein gro\u00dfer Wohlt\u00e4ter der Menschheit, in: Nordwest-Zeitung, 25.06.1958.<\/p>\n\n\n\n<p>Th\u00fcnen war seiner Zeit voraus, in: Nordwest-Zeitung, 26.06.1958.<\/p>\n\n\n\n<p>Th\u00fcnens Werk ist auch heute noch lebendig. Die deutsche Wissenschaft veranstaltet zur Feier seines 175. Geburtstages eine repr\u00e4sentative Tagung in Oldenburg und Jever, in: Deutsche Bauernzeitung, 3.07.1958.<\/p>\n\n\n\n<p>Probleme des r\u00e4umlichen Gleichgewichts in der Wirtschaftswissenschaft: Verhandlung auf der Tagung des Vereins f\u00fcr Sozialpolitik, Gesellschaft f\u00fcr Wirtschafts- und Sozialwissenschaften in G\u00f6ttingen 1958 aus Anla\u00df der 175. Wiederkehr des Geburtstages von Joh. Heinrich von Th\u00fcnen. Berlin 1959.<\/p>\n\n\n\n<p>Die Volkswirtschaft. Die Wandlungen alter Grunds\u00e4tze und die Lehre von heute. Berlin 1959, S. 134-136.<\/p>\n\n\n\n<p>Th\u00fcnen als National\u00f6konom, in: Handw\u00f6rterbuch der Sozialwissenschaften. Bd. 10. Stuttgart, 1959, S. 386-389.<\/p>\n\n\n\n<p>Th\u00fcnen als Agrar\u00f6konom, in: Handw\u00f6rterbuch der Sozialwissenschaften. Bd. 10. Stuttgart 1959, S. 389-392.<\/p>\n\n\n\n<p>Th\u00fcnen, Johann Heinrich von, in: Encyclopaedia of the social sciences.<\/p>\n\n\n\n<p>Bd. 14. New York 1959, S. 627-628.<\/p>\n\n\n\n<p>Ehrenberg, Richard, in: Handw\u00f6rterbuch der Sozialwissenschaften. Bd. 3. Stuttgart 1961, S. 32-33.<\/p>\n\n\n\n<p>Johann Heinrich von Th\u00fcnen: Auswahlbibliographie, in: Literatur \u00fcber deutsche \u00d6konomen. Bd. 2. Berlin 1963, S. 439-459.<\/p>\n\n\n\n<p>Bibliographia historiae rerum rusticorum internationalis. Berichtsjahr 1960\/61. Budapest 1964.<\/p>\n\n\n\n<p>Johann Heinrich von Th\u00fcnen. Er leistete die Vorarbeit f\u00fcr das moderne betriebswirtschaftliche Denken, in: Technik u. Landwirtschaft. Landtechnischer Ratgeber, Bd. 17, 1965, H. 21, S. 513-515.<\/p>\n\n\n\n<p>Johann Heinrich von Th\u00fcnen, in: Lebensbilder gro\u00dfer National\u00f6konomen. Berlin 1965, S. 205-216.<\/p>\n\n\n\n<p>Geschichte der Volkswirtschaftslehre. K\u00f6ln 1967, S. 144-157.<\/p>\n\n\n\n<p>Wielka encyklopedia powszechna. Warszawa 1968, S. 521.<\/p>\n\n\n\n<p>Johann Heinrich von Th\u00fcnen, in: International encyclopedia of the social sciences. Bd. 16. New York 1968, S. 17-20.<\/p>\n\n\n\n<p>Agrarwirtschaft und Agrarpolitik. K\u00f6ln 1969.<\/p>\n\n\n\n<p>Wirtschaftsgeographie. Darmstadt 1969.<\/p>\n\n\n\n<p>Geschichte der Universit\u00e4t Rostock 1419-1969. 2 Bd. Berlin 1969, S. 120, 187, 271.<\/p>\n\n\n\n<p>Johann Heinrich von Th\u00fcnen, in: Westermann-Lexikon der Geographie. Bd. 4. Braunschweig 1970, S. 585-586.<\/p>\n\n\n\n<p>Johann Heinrich von Th\u00fcnen, in: Gro\u00dfe Landwirte. Frankfurt am Main 1970, S. 132-144.<\/p>\n\n\n\n<p>Chronik der Agrarpolitik und Agrarwirtschaft des Deutschen Reiches von 1933-1945, in: Berichte \u00fcber Landwirtschaft, Bd. 188, 1972.<\/p>\n\n\n\n<p>Johann Heinrich von Th\u00fcnen, in: Biographisches W\u00f6rterbuch zur deutschen Geschichte. Bd. 3. 2. Aufl. M\u00fcnchen 1975, Sp. 2889-2890.<\/p>\n\n\n\n<p>Zweihundert Jahre Adam Smith \u201eReichtum der Nationen\u201c. Internationales Kolloquium vom 30.09. bis 1.10.1975 in Halle. Berlin 1976.<\/p>\n\n\n\n<p>Th\u00fcnen, Johann Heinrich von, in: Meyers neues Lexikon. Bd. 13. 2. Aufl. Leipzig 1976, S. 568<\/p>\n\n\n\n<p>Von Th\u00fcnen, Johann Heinrich, in: Schleswig-holsteinisches biographisches Lexikon. Bd. 4. o. O. 1976, S. 220 f.<\/p>\n\n\n\n<p>Grundlinien des \u00f6konomischen Denkens in Deutschland. Von den Anf\u00e4ngen bis zur Mitte des 19. Jh. Berlin 1977.<\/p>\n\n\n\n<p>Standortprobleme der Agrarproduktion. M\u00fcnchen 1977.<\/p>\n\n\n\n<p>Theodor Brinkmann zum Ged\u00e4chtnis 1977. M\u00fcnster-Hiltrup 1977.<\/p>\n\n\n\n<p>Th\u00fcnen, Johann Heinrich von, in: Meyers Enzyklop\u00e4disches Lexikon. Bd. 23. Mannheim 1978, S. 458.<\/p>\n\n\n\n<p>Von den b\u00fcrgerlichen Agrarreformen zur sozialistischen Landwirtschaft der DDR. Berlin 1978. 2. \u00fcberarb. u. erg. Aufl. Berlin 1985.<\/p>\n\n\n\n<p>Studien zur Geschichte der Produktivkr\u00e4fte: Deutschland zur Zeit der industriellen Revolution. Berlin 1979, S. 401.<\/p>\n\n\n\n<p>Handw\u00f6rterbuch der mathematischen Wirtschaftswissenschaften. Bd. 1. Wirtschaftstheorie. Wiesbaden 1979, S. 362-363, 369.<\/p>\n\n\n\n<p>Th\u00fcnen, Johann Heinrich von, in: New encyclopaedia Britannica. Bd. 9. Ready Reference and Index. 15. Aufl. London 1979, S. 985-986.<\/p>\n\n\n\n<p>Th\u00fcnen, Johann Heinrich von, in: Lessico universali Italiano, di lingua lettere arti, scienze e technika. Bd. 23. Rom 1980, S. 23.<\/p>\n\n\n\n<p>Th\u00fcnen, Johann Heinrich von, in: \u00d6konomisches Lexikon. Bd. 3. 3. Aufl. Berlin 1980, S. 320-321.<\/p>\n\n\n\n<p>Th\u00fcnen-Symposium: veranstaltet von der Wilhelm-Pieck-Universit\u00e4t Rostock, der Akademie der Landwirtschaftswissenschaften der DDR und der Historikergesellschaft der DDR vom 22. bis 24. Juni 1983 anl\u00e4\u00dflich des 200. Geburtstages von Johann Heinrich von Th\u00fcnen (1783-1850). Thesen der Referate und Diskussionsbeitr\u00e4ge. Rostock 1983.<\/p>\n\n\n\n<p>Erinnerung an Heinrich von Th\u00fcnen: Thaer-Gesellschaft tagte in Jever, in: Nord-West-Zeitung, 7.05.1983.<\/p>\n\n\n\n<p>Von Th\u00fcnens Forschungsergebnisse haben nichts von ihrer Aussagekraft eingeb\u00fc\u00dft. Zum 200. Geburtstag des ber\u00fchmten Jeverl\u00e4nders, in: Anzeiger f\u00fcr Harlingerland, 9.05.1983.<\/p>\n\n\n\n<p>Stationen auf einem Weg lebendiger Geschichte: Prof. Dr. Herbert Luck wird heute 60 Jahre alt, in: Ostsee-Zeitung, 8.06.1983.<\/p>\n\n\n\n<p>Lebenswerk von Th\u00fcnen gew\u00fcrdigt, in: Ostsee-Zeitung, 23.06.1983.<\/p>\n\n\n\n<p>Heinrich von Th\u00fcnen-Medaille f\u00fcr Landwirtschaftsgesellschaft, in: Kieler Nachrichten, 25.06.1983.<\/p>\n\n\n\n<p>Symposium w\u00fcrdigt Lebenswerk, in: Norddeutsche Neueste Nachrichten, 27.06.1983.<\/p>\n\n\n\n<p>Zeugen und Zeugnisse: Schweriner Ausstellung im Karl-Marx-Jahr im Staatlichen Museum am Alten Garten, in: Schweriner Volkszeitung, 11.03.1983.<\/p>\n\n\n\n<p>Beitr\u00e4ge zur 200. Wiederkehr des Geburtstages von Johann Heinrich von Th\u00fcnen, in: Zeitschrift f\u00fcr Wirtschaft und Sozialwissenschaften, Bd. 103, 1983, H. 6.<\/p>\n\n\n\n<p>Seminar po novym metodam issledovanij v ekonomiceskoj geografii. Otdelenie ekonomiceskoj geografii k 200-letiju so dnja ro\u017edenija I. G. Tjunena\/ Geograficeskoe ob\u0161cestvo Sojuza SSSR, Akademii nauk SSSR, Moskovskij Filial. Moskva, 1983. [Seminar zu neuen Methoden der Forschung in der \u00f6konomischen Geographie zum 200. Geburtstag von J. H. von Th\u00fcnen]<\/p>\n\n\n\n<p>Th\u00fcnen-Symposium (22. -24. Juni 1983 in Rostock), in: Wissenschaftliche Zeitschrift der Wilhelm-Pieck-Universit\u00e4t Rostock, Bd. 33, 1984.<\/p>\n\n\n\n<p>Johann Heinrich von Th\u00fcnen und die Entwicklung der Raumstruktur-Theorie. Beitr\u00e4ge aus Anla\u00df der 200. Wiederkehr seines Geburtstages. Oldenburg 1986.<\/p>\n\n\n\n<p>Unzeit des Biedermeiers. Historische Miniaturen zum Deutschen Vorm\u00e4rz 1830 bis 1848. K\u00f6ln 1986.<\/p>\n\n\n\n<p>Die Th\u00fcnenschen Ringe, in: Mensch und Raum. Gymnasiale Oberstufe. Berlin 1987, S. 322-323<\/p>\n\n\n\n<p>Analyse \u00e9conomique spatiale. Paris 1988.<\/p>\n\n\n\n<p>Johann Heinrich von Th\u00fcnen, in: \u00d6konomen-Lexikon. Berlin 1989, S. 569-571.<\/p>\n\n\n\n<p>Johann Heinrich von Th\u00fcnen, in: Biographisches Handbuch zur Geschichte des Landes Oldenburg. o. O. 1992, S. 749-751.<\/p>\n\n\n\n<p>Johann von Th\u00fcnen (1783-1850), Augustin Cournot (1801-1877), Jules Dupuit (1804-1866). Aldershot 1992.<\/p>\n\n\n\n<p>Unternehmensstrategie und Wettbewerb auf globalen M\u00e4rkten. Jahrestagung des Vereins f\u00fcr Socialpolitik, Gesellschaft f\u00fcr Wirtschafts- und Sozialwissenschaften in M\u00fcnster 1993. Berlin 1994.<\/p>\n\n\n\n<p>575 Jahre Universit\u00e4t Rostock. M\u00f6gen viele Lehrmeinungen um die eine Wahrheit ringen. &#8211; Rostock 1994.<\/p>\n\n\n\n<p>Johann Heinrich von Th\u00fcnen. Seine Erkenntnisse aus wissenschaftlicher Sicht (1783-1850). M\u00fcnster-Hiltrup 1995.<\/p>\n\n\n\n<p>Studien zur Entwicklung der \u00f6konomischen Theorie XIV. Berlin 1995.<\/p>\n\n\n\n<p>Johann Heinrich von Th\u00fcnen, in: Wer war wer in Mecklenburg-Vorpommern? Ein Personenlexikon. Bremen 1995, S. 438.<\/p>\n\n\n\n<p>Geschichte Schleswig-Holsteins. Von den Anf\u00e4ngen bis zur Gegenwart. Neum\u00fcnster 1996. Ehrenberg, Richard, in: Deutsche biographische Enzyklop\u00e4die. Bd. 3. M\u00fcnchen 1996, S. 38.<\/p>\n\n\n\n<p>Zentrum und Peripherie. Zur Entwicklung der Arbeitsteilung in Europa. Jahrestagung des Vereins f\u00fcr Socialpolitik, Gesellschaft f\u00fcr Wirtschafts- und Sozialwissenschaften in Linz 1995. Berlin 1997.<\/p>\n\n\n\n<p>Finanzm\u00e4rkte im Spannungsfeld von Globalisierung, Regulierung und Geldpolitik. Jahrestagung des Vereins f\u00fcr Socialpolitik, Gesellschaft f\u00fcr Wirtschafts- und Sozialwissenschaften in Bern 1997. Berlin 1998.<\/p>\n\n\n\n<p>Th\u00fcnen Johann Heinrich von, in: Deutsche Biographische Enzyklop\u00e4die. Bd. 10. M\u00fcnchen, 1998, S. 25.<\/p>\n\n\n\n<p>Johann Heinrich von Th\u00fcnen, in: Hamburg Lexikon. Hamburg 1999, S. 487.<\/p>\n\n\n\n<p>Johann Heinrich von Th\u00fcnen, in: Forstliche Biographien aus Mecklenburg-Vorpommern, o. O. 1999, S. 297-300.<\/p>\n\n\n\n<p>Johann Heinrich von Th\u00fcnen. Gesellschaftspolitische Aspekte seines Werkes und ihre Bedeutung f\u00fcr die Entwicklung des l\u00e4ndlichen Raumes. M\u00fcnster-Hiltrup, 2000.<\/p>\n\n\n\n<p>Reuters Pommuchelskopp in S\u00fchrkow entdeckt: reger Gedanken- und Erfahrungsaustausch zwischen Reuter und Th\u00fcnen. Literarische Spuren in Fritz Reuters Werk, in: Nordkurier, 10.05.2000.<\/p>\n","protected":false},"excerpt":{"rendered":"<p>[von Th\u00fcnen wird als Ehrendoktor der Philosophie verk\u00fcndet]: Auszug aus der Chronik der Universit\u00e4t zu Rostock \u00fcber die Feier anl\u00e4\u00dflich der \u201e3. hundertj\u00e4hrigen Feier des am 25. Junius 1530 in Augsburg \u00fcbergebenen Glaubensbekenntnisses.\u201c, in: Freim\u00fcthiges Abendblatt, Nr. 595, 1820. Bemerkungen<\/p>\n","protected":false},"author":1,"featured_media":0,"parent":708,"menu_order":1,"comment_status":"closed","ping_status":"closed","template":"","meta":{"footnotes":""},"class_list":["post-717","page","type-page","status-publish","hentry"],"_links":{"self":[{"href":"https:\/\/www.thuenen.info\/index.php?rest_route=\/wp\/v2\/pages\/717","targetHints":{"allow":["GET"]}}],"collection":[{"href":"https:\/\/www.thuenen.info\/index.php?rest_route=\/wp\/v2\/pages"}],"about":[{"href":"https:\/\/www.thuenen.info\/index.php?rest_route=\/wp\/v2\/types\/page"}],"author":[{"embeddable":true,"href":"https:\/\/www.thuenen.info\/index.php?rest_route=\/wp\/v2\/users\/1"}],"replies":[{"embeddable":true,"href":"https:\/\/www.thuenen.info\/index.php?rest_route=%2Fwp%2Fv2%2Fcomments&post=717"}],"version-history":[{"count":1,"href":"https:\/\/www.thuenen.info\/index.php?rest_route=\/wp\/v2\/pages\/717\/revisions"}],"predecessor-version":[{"id":718,"href":"https:\/\/www.thuenen.info\/index.php?rest_route=\/wp\/v2\/pages\/717\/revisions\/718"}],"up":[{"embeddable":true,"href":"https:\/\/www.thuenen.info\/index.php?rest_route=\/wp\/v2\/pages\/708"}],"wp:attachment":[{"href":"https:\/\/www.thuenen.info\/index.php?rest_route=%2Fwp%2Fv2%2Fmedia&parent=717"}],"curies":[{"name":"wp","href":"https:\/\/api.w.org\/{rel}","templated":true}]}}