{"id":710,"date":"2021-04-14T15:25:05","date_gmt":"2021-04-14T13:25:05","guid":{"rendered":"https:\/\/thuenengesellschaft.h18566.web142.dogado.net\/?page_id=710"},"modified":"2021-09-14T08:55:34","modified_gmt":"2021-09-14T06:55:34","slug":"nachlaesse","status":"publish","type":"page","link":"https:\/\/www.thuenen.info\/?page_id=710","title":{"rendered":"Nachl\u00e4sse"},"content":{"rendered":"\n<h4 class=\"wp-block-heading\">Th\u00fcnen-Archiv im Universit\u00e4tsarchiv Rostock<\/h4>\n\n\n\n<p>Die Geschichte des Th\u00fcnen-Archives beginnt im Jahre 1901. Auf Initiative Richard Ehrenbergs, Professor f\u00fcr Staatswissenschaften, erwarb die Universit\u00e4t Rostock den handschriftlichen Nachlass Th\u00fcnens. Die erste Ordnung und Verzeichnung f\u00fchrte Richard Passow, damals Assistent Ehrenbergs und sp\u00e4ter Professor in Kiel und G\u00f6ttingen, durch. Er orientierte sich dem Anschein nach an den von Th\u00fcnen selbst vergebenen Aktentiteln und schuf eine Systematik, die im Grunde noch heute besteht. Nach dem Tode Ehrenbergs 1921 wurde das Th\u00fcnen-Archiv stark vernachl\u00e4ssigt. Erst gegen Ende der 1930er Jahre erwachte in Rostock das Interesse am Nachlass Th\u00fcnens wieder. Der Verwalter des Archivs, Hermann von Wenckenstern entfaltete eine breite Sammelt\u00e4tigkeit und stellte als Urenkel Th\u00fcnens Teile des Familien-Archivs zur Verf\u00fcgung. Den Zweiten Weltkrieg \u00fcberstand das Th\u00fcnen-Archiv weitgehend unbeschadet, wenngleich der Verbleib von mehr als 100 Briefen Th\u00fcnens bis heute ungekl\u00e4rt ist. Nach 1960, mit dem Ausscheiden Wenckensterns, begannen erneut Jahre der Vernachl\u00e4ssigung. Die \u00dcbergabe des Archivs an die Deutsche Akademie der Landwirtschaftswissenschaften nach Berlin hingegen konnte verhindert werden. Die notwendige Neuerschlie\u00dfung erfolgte 1997 mit Hilfe der Deutschen Forschungsgemeinschaft. F\u00fcr Recherchen steht das Findbuch als Datenbank auf der Hompage des Universit\u00e4tsarchivs zur Verf\u00fcgung:<\/p>\n\n\n\n<p><a href=\"http:\/\/archiv.ub.uni-rostock.de\/webarchiv\/\" target=\"_blank\" rel=\"noreferrer noopener\">http:\/\/archiv.ub.uni-rostock.de\/webarchiv\/<\/a><\/p>\n\n\n\n<h4 class=\"wp-block-heading\">Familien-Th\u00fcnen-Archiv im Archiv der Universit\u00e4t Hohenheim<\/h4>\n\n\n\n<p>Eine \u00dcbersicht der Best\u00e4nde finden Sie hier:<\/p>\n\n\n\n<p><a href=\"https:\/\/www.uni-hohenheim.de\/uniarch\/bestand\/fta.html\">https:\/\/www.uni-hohenheim.de\/uniarch\/bestand\/fta.html<\/a><\/p>\n","protected":false},"excerpt":{"rendered":"<p>Th\u00fcnen-Archiv im Universit\u00e4tsarchiv Rostock Die Geschichte des Th\u00fcnen-Archives beginnt im Jahre 1901. Auf Initiative Richard Ehrenbergs, Professor f\u00fcr Staatswissenschaften, erwarb die Universit\u00e4t Rostock den handschriftlichen Nachlass Th\u00fcnens. Die erste Ordnung und Verzeichnung f\u00fchrte Richard Passow, damals Assistent Ehrenbergs und sp\u00e4ter<\/p>\n","protected":false},"author":1,"featured_media":0,"parent":576,"menu_order":3,"comment_status":"closed","ping_status":"closed","template":"","meta":{"footnotes":""},"class_list":["post-710","page","type-page","status-publish","hentry"],"_links":{"self":[{"href":"https:\/\/www.thuenen.info\/index.php?rest_route=\/wp\/v2\/pages\/710","targetHints":{"allow":["GET"]}}],"collection":[{"href":"https:\/\/www.thuenen.info\/index.php?rest_route=\/wp\/v2\/pages"}],"about":[{"href":"https:\/\/www.thuenen.info\/index.php?rest_route=\/wp\/v2\/types\/page"}],"author":[{"embeddable":true,"href":"https:\/\/www.thuenen.info\/index.php?rest_route=\/wp\/v2\/users\/1"}],"replies":[{"embeddable":true,"href":"https:\/\/www.thuenen.info\/index.php?rest_route=%2Fwp%2Fv2%2Fcomments&post=710"}],"version-history":[{"count":3,"href":"https:\/\/www.thuenen.info\/index.php?rest_route=\/wp\/v2\/pages\/710\/revisions"}],"predecessor-version":[{"id":1186,"href":"https:\/\/www.thuenen.info\/index.php?rest_route=\/wp\/v2\/pages\/710\/revisions\/1186"}],"up":[{"embeddable":true,"href":"https:\/\/www.thuenen.info\/index.php?rest_route=\/wp\/v2\/pages\/576"}],"wp:attachment":[{"href":"https:\/\/www.thuenen.info\/index.php?rest_route=%2Fwp%2Fv2%2Fmedia&parent=710"}],"curies":[{"name":"wp","href":"https:\/\/api.w.org\/{rel}","templated":true}]}}