{"id":708,"date":"2021-04-14T15:24:41","date_gmt":"2021-04-14T13:24:41","guid":{"rendered":"https:\/\/thuenengesellschaft.h18566.web142.dogado.net\/?page_id=708"},"modified":"2021-09-21T09:57:21","modified_gmt":"2021-09-21T07:57:21","slug":"literatur","status":"publish","type":"page","link":"https:\/\/www.thuenen.info\/?page_id=708","title":{"rendered":"Literatur"},"content":{"rendered":"\n<blockquote class=\"wp-block-quote is-layout-flow wp-block-quote-is-layout-flow\"><p>\u201eDas m\u00fcndlich ausgesprochene Wort verhallt und l\u00e4\u00dft, wenn es nicht verstanden wurde, keine Spur zur\u00fcck, das schriftlich niedergelegte Wort ist dagegen stets von neuem zug\u00e4nglich, und wenn auch ein dunkler Kern darin sein sollte, so wird dieser doch immer kleiner, je \u00f6fter der Gedanke darauf ruht, und endlich vielleicht\u2019 ganz verschwinden.\u201c<\/p><cite>J.\u00a0H.\u00a0Th\u00fcnen, <br>zitiert nach: Schumacher,<br>Ein Forscherleben, 1868, S. 167.<\/cite><\/blockquote>\n\n\n\n<p>Die&nbsp;Schriften ohne Verfasser und Aufs\u00e4tze der Sammelwerke sind chronologisch aufgef\u00fchrt.&nbsp;Die Verfasserschriften hingegen sind,&nbsp;den Autoren nach, alphabetisch geordnet:<\/p>\n\n\n\n<p><a href=\"?page_id=717\" data-type=\"URL\" data-id=\"?page_id=717\">Schriften ohne Verfasser<\/a><\/p>\n\n\n\n<p><a href=\"?page_id=719\" data-type=\"URL\" data-id=\"?page_id=719\">Verfasserschriften<\/a><\/p>\n","protected":false},"excerpt":{"rendered":"<p>\u201eDas m\u00fcndlich ausgesprochene Wort verhallt und l\u00e4\u00dft, wenn es nicht verstanden wurde, keine Spur zur\u00fcck, das schriftlich niedergelegte Wort ist dagegen stets von neuem zug\u00e4nglich, und wenn auch ein dunkler Kern darin sein sollte, so wird dieser doch immer kleiner,<\/p>\n","protected":false},"author":1,"featured_media":0,"parent":576,"menu_order":2,"comment_status":"closed","ping_status":"closed","template":"","meta":{"footnotes":""},"class_list":["post-708","page","type-page","status-publish","hentry"],"_links":{"self":[{"href":"https:\/\/www.thuenen.info\/index.php?rest_route=\/wp\/v2\/pages\/708","targetHints":{"allow":["GET"]}}],"collection":[{"href":"https:\/\/www.thuenen.info\/index.php?rest_route=\/wp\/v2\/pages"}],"about":[{"href":"https:\/\/www.thuenen.info\/index.php?rest_route=\/wp\/v2\/types\/page"}],"author":[{"embeddable":true,"href":"https:\/\/www.thuenen.info\/index.php?rest_route=\/wp\/v2\/users\/1"}],"replies":[{"embeddable":true,"href":"https:\/\/www.thuenen.info\/index.php?rest_route=%2Fwp%2Fv2%2Fcomments&post=708"}],"version-history":[{"count":6,"href":"https:\/\/www.thuenen.info\/index.php?rest_route=\/wp\/v2\/pages\/708\/revisions"}],"predecessor-version":[{"id":1891,"href":"https:\/\/www.thuenen.info\/index.php?rest_route=\/wp\/v2\/pages\/708\/revisions\/1891"}],"up":[{"embeddable":true,"href":"https:\/\/www.thuenen.info\/index.php?rest_route=\/wp\/v2\/pages\/576"}],"wp:attachment":[{"href":"https:\/\/www.thuenen.info\/index.php?rest_route=%2Fwp%2Fv2%2Fmedia&parent=708"}],"curies":[{"name":"wp","href":"https:\/\/api.w.org\/{rel}","templated":true}]}}