{"id":681,"date":"2021-04-14T13:30:14","date_gmt":"2021-04-14T11:30:14","guid":{"rendered":"https:\/\/thuenengesellschaft.h18566.web142.dogado.net\/?page_id=681"},"modified":"2021-09-14T09:31:17","modified_gmt":"2021-09-14T07:31:17","slug":"wirtschaftswissenschaftler","status":"publish","type":"page","link":"https:\/\/www.thuenen.info\/?page_id=681","title":{"rendered":"Wirtschaftswissenschaftler"},"content":{"rendered":"\n<p>Obwohl Johann Heinrich von Th\u00fcnen seine Theorien auf dem Gebiet der Wirtschaftswissenschaften au\u00dferhalb der universit\u00e4ren Forschung und Lehre entwickelte und verbreitete, wird er heute als einer der bedeutendsten National\u00f6konomen international gesch\u00e4tzt.<\/p>\n\n\n\n<p>In seinem Hauptwerk <strong>\u201eDer isolierte Staat in Beziehung auf Landwirtschaft und National\u00f6konomie\u201c<\/strong>, das ab 1826 in drei Teilen erschien, suchte und fand er vielfach bis heute g\u00fcltige Antworten auf \u00f6konomische Fragen.<\/p>\n\n\n\n<p>Eindrucksvoll nutzte bzw. entwickelte er <strong>Werkzeuge und grundlegende Methoden der heutigen Wirtschaftswissenschaften<\/strong>: algebraische Darstellung wirtschaftlicher Zusammenh\u00e4nge, mikro\u00f6konomische Zielfunktionen im Verbund mit technischen Produktionsfunktionen, Differentialrechnung und Marginalanalyse.<\/p>\n\n\n\n<p>Er verwandte in seinen Modellen eigene Betriebs- oder ver\u00f6ffentlichte Marktdaten und \u00fcberpr\u00fcfte die damit erzielten Ergebnisse stets an der Realit\u00e4t. Das knapp 40 km entfernte <strong>Rostock<\/strong> war dabei der <strong>zentrale st\u00e4dtische Markt<\/strong>, mit dem u.a. sein eigenes <strong>Gut Tellow<\/strong> als landwirtschaftlicher Betrieb in der Getreidebauzone seines <strong>volkswirtschaftlichen Modells<\/strong> eng verbunden war.<\/p>\n\n\n\n<p>Ausgehend vom Tauschverh\u00e4ltnis zwischen st\u00e4dtischen Produkten und Getreide im Zentrum sowie Transportaufw\u00e4nden&nbsp;bestimmte er Anbauzonen, Agrarpreise, Produktionsintensit\u00e4ten, Bodenrenten, Arbeitskr\u00e4fteverteilung und die Ausdehnung des <strong>Isolierten Staates<\/strong>. Mit den sich ergebenden<strong> Th\u00fcnenschen Kreisen bzw. Ringen <\/strong>(1826) wurde er zum Begr\u00fcnder der <strong>Standort- und Raumwirtschaftslehre<\/strong> und gab der <strong>Wirtschaftsgeographie<\/strong> wichtige Impulse.<\/p>\n\n\n\n<figure class=\"wp-block-image size-full\"><img loading=\"lazy\" decoding=\"async\" width=\"1000\" height=\"567\" src=\"https:\/\/thuenengesellschaft.h18566.web142.dogado.net\/wp-content\/uploads\/2021\/09\/kreise.jpg\" alt=\"Thuenensche Kreise\" class=\"wp-image-1482\" srcset=\"https:\/\/www.thuenen.info\/wp-content\/uploads\/2021\/09\/kreise.jpg 1000w, https:\/\/www.thuenen.info\/wp-content\/uploads\/2021\/09\/kreise-300x170.jpg 300w, https:\/\/www.thuenen.info\/wp-content\/uploads\/2021\/09\/kreise-768x435.jpg 768w\" sizes=\"auto, (max-width: 1000px) 100vw, 1000px\" \/><figcaption>Die Th\u00fcnenschen Kreise \u2013 Darstellung aus dem Isolierten Staat, 1875.<\/figcaption><\/figure>\n\n\n\n<p>Im 1850 ver\u00f6ffentlichten zweiten Band seines Hauptwerkes bestimmte Th\u00fcnen L\u00f6hne, Zinsen und Produktpreise in einer Volkswirtschaft mit der von ihm erstmals entwickelten <strong>Grenzproduktivit\u00e4tstheorie der Verteilung<\/strong>, seiner<strong> Kapitaltheorie <\/strong>und der bis heute kontrovers diskutierten<strong> Bestimmung <\/strong>des sogenannten<strong> naturgem\u00e4\u00dfen Lohns<\/strong>. In seinen unver\u00f6ffentlichten Manuskripten modelliert er weitere volkswirtschaftliche Szenarien.<\/p>\n\n\n\n<p>Wichtige weitere Ergebnisse seines wissenschaftlichen Schaffens blieben bis heute gr\u00f6\u00dftenteils unver\u00f6ffentlicht und weithin unbekannt: umfangreiche Beitr\u00e4ge zur <strong>Humankapitaltheorie<\/strong>, zur <strong>Au\u00dfenhandelstheorie<\/strong> und zur <strong>effizienten Nutzung von Gemeinschaftsg\u00fctern<\/strong> (1831) sowie die Er\u00f6rterung unterschiedlicher Produktionsfunktionen (u.a. der <strong>Cobb-Douglas-PF<\/strong>).<\/p>\n\n\n\n<p>Th\u00fcnens \u00dcberlegungen m\u00fcndeten in <strong>Zukunftsvisionen gesellschaftlicher Entwicklungen<\/strong>. Er sah voraus, dass die sich ver\u00e4ndernde b\u00fcrgerliche Welt immer mehr vom Wirtschaftlichen bestimmt sein w\u00fcrde, und er forderte, dass die Wirtschaftswissenschaften damit unbedingt Schritt halten m\u00fcssten, um wirtschaftliches Verhalten zu erkl\u00e4ren, aber auch zu gestalten.<\/p>\n\n\n\n<p>Th\u00fcnen stellte \u00dcberlegungen zu einer leistungsgerechten und volkswirtschaftlich effizienten <strong>Steuerreform<\/strong> an (1846).<\/p>\n\n\n\n<p>Th\u00fcnen setzte sich gemeinsam mit seinem Gutsnachbar Johann POGGE (1793 \u2013 1854) f\u00fcr den Bau einer <strong>Chaussee von Rostock nach Neubrandenburg<\/strong> ein. Er propagierte die Vorteile von ausgebauten Verkehrswegen sowie den positiven Einfluss von Kunststra\u00dfen auf die Vergr\u00f6\u00dferung des Nationalreichtums. Ein Gutachten Th\u00fcnens hierzu fand in wesentlichen Teilen im 1831 von der Mecklenburg-Schwerin\u00b4schen Landesregierung publizierten \u201eActien-Plan f\u00fcr die Rostock-Neubrandenburger Chaussee\u201c wieder.<\/p>\n\n\n\n<p>Th\u00fcnens grundlegende geldtheoretische sowie seine Taxations-Analysen (1817, 1823 und 1831) wurden u.a. beim <strong>Aufbau eines Kreditsystems in Mecklenburg <\/strong>verwandt.<\/p>\n\n\n\n<p>Obwohl die wichtigsten Ver\u00f6ffentlichungen Th\u00fcnens erst seit der zweiten H\u00e4lfte des 20. Jahrhunderts in englischer Sprache zug\u00e4nglich sind, wird er von wichtigen \u00d6konomen national wie international als eigenst\u00e4ndiger Denker und Pionier der Wirtschaftswissenschaften hochgeachtet (u.a. Wilhelm Roscher, Alfred Marshall, Karl Marx, Joseph A. Schumpeter, Paul Krugman, Paul A. Samuelson). Die wissenschaftliche Vereinigung deutschsprachiger \u00d6konomen, der Verein f\u00fcr Sozialpolitik (VfS) w\u00fcrdigt ihn auf ihrer Jahrestagung allj\u00e4hrlich mit einer \u201eTh\u00fcnen-Vorlesung\u201c.<\/p>\n\n\n\n<blockquote class=\"wp-block-quote is-layout-flow wp-block-quote-is-layout-flow\"><p><em>\u201eTh\u00fcnen geh\u00f6rt mit Leon Walras, John Stuart Mill<br>und Adam Smith ins Pantheon der \u00d6konomen;<br>es ist der innere Kreis der Walhalla, den sie einnehmen,<br>wie Schumpeter sagen w\u00fcrde.\u201c<\/em><\/p><cite>Nobelpreistr\u00e4ger Paul A. Samuelson 1986<\/cite><\/blockquote>\n","protected":false},"excerpt":{"rendered":"<p>Obwohl Johann Heinrich von Th\u00fcnen seine Theorien auf dem Gebiet der Wirtschaftswissenschaften au\u00dferhalb der universit\u00e4ren Forschung und Lehre entwickelte und verbreitete, wird er heute als einer der bedeutendsten National\u00f6konomen international gesch\u00e4tzt. In seinem Hauptwerk \u201eDer isolierte Staat in Beziehung auf<\/p>\n","protected":false},"author":1,"featured_media":0,"parent":673,"menu_order":4,"comment_status":"closed","ping_status":"closed","template":"","meta":{"footnotes":""},"class_list":["post-681","page","type-page","status-publish","hentry"],"_links":{"self":[{"href":"https:\/\/www.thuenen.info\/index.php?rest_route=\/wp\/v2\/pages\/681","targetHints":{"allow":["GET"]}}],"collection":[{"href":"https:\/\/www.thuenen.info\/index.php?rest_route=\/wp\/v2\/pages"}],"about":[{"href":"https:\/\/www.thuenen.info\/index.php?rest_route=\/wp\/v2\/types\/page"}],"author":[{"embeddable":true,"href":"https:\/\/www.thuenen.info\/index.php?rest_route=\/wp\/v2\/users\/1"}],"replies":[{"embeddable":true,"href":"https:\/\/www.thuenen.info\/index.php?rest_route=%2Fwp%2Fv2%2Fcomments&post=681"}],"version-history":[{"count":9,"href":"https:\/\/www.thuenen.info\/index.php?rest_route=\/wp\/v2\/pages\/681\/revisions"}],"predecessor-version":[{"id":1484,"href":"https:\/\/www.thuenen.info\/index.php?rest_route=\/wp\/v2\/pages\/681\/revisions\/1484"}],"up":[{"embeddable":true,"href":"https:\/\/www.thuenen.info\/index.php?rest_route=\/wp\/v2\/pages\/673"}],"wp:attachment":[{"href":"https:\/\/www.thuenen.info\/index.php?rest_route=%2Fwp%2Fv2%2Fmedia&parent=681"}],"curies":[{"name":"wp","href":"https:\/\/api.w.org\/{rel}","templated":true}]}}