{"id":679,"date":"2021-04-14T13:29:57","date_gmt":"2021-04-14T11:29:57","guid":{"rendered":"https:\/\/thuenengesellschaft.h18566.web142.dogado.net\/?page_id=679"},"modified":"2021-09-14T09:31:12","modified_gmt":"2021-09-14T07:31:12","slug":"agrarwissenschaftler-landwirt","status":"publish","type":"page","link":"https:\/\/www.thuenen.info\/?page_id=679","title":{"rendered":"Landwirt und Agrarwissenschaftler"},"content":{"rendered":"\n<p>Th\u00fcnen wusste schon seit fr\u00fcher Jugend, dass er Landwirt werden wollte. Nach seiner Lehre bis 1802 besuchte er das von Lucas Andreas STAUDINGER (1770-1842) gef\u00fchrte \u201eLandwirthschaftliche Erziehungs-Institut\u201c in Gro\u00df Flottbek bei Hamburg und im Sommer 1803 in Celle die agrar\u00f6konomischen Vorlesungen von Albrecht Daniel THAER (1752-1828), dem bedeutendsten Agrarwissenschaftler seiner Zeit.<\/p>\n\n\n\n<p>Der Misserfolg auf seinem ersten Pachtgut Rubkow regte ihn zur intensiven Besch\u00e4ftigung mit der <strong>Verbesserung der Bodenfruchtbarkeit<\/strong> an. Seine Arbeiten auf diesem Gebiet z\u00e4hlen zu den Grundlagen der Statik des Landbaus \u2013 einem Ansatz, der sich mit dem Gleichgewicht zwischen Entzug und Zuf\u00fchrung von N\u00e4hrstoffen sowie der wechselseitigen F\u00f6rderung unterschiedlicher Kulturpflanzen im Verbund mit einer humusf\u00f6rdernden Tierhaltung besch\u00e4ftigt<\/p>\n\n\n\n<p>Th\u00fcnen erwarb 1809 das Gut Tellow bei Teterow. Hier konnte er durch <strong>rationelle Bewirtschaftungsmethoden<\/strong> und eine Reihe von bodenverbessernden Ma\u00dfnahmen die Ertr\u00e4ge steigern. Dabei st\u00fctzte er sich auf die genaue Beobachtung der Natur. Er begann seine zehnj\u00e4hrige <strong>\u201eTellower Buchf\u00fchrung\u201c<\/strong>, in der er akribisch alle Daten der Gutswirtschaft aufzeichnete.<\/p>\n\n\n\n<p>Inspiriert von seinem Gutsnachbar und Freund Carl POGGE (1763-1831), dessen \u201eParadieswiesen\u201c Furore gemacht hatten, lie\u00df auch Th\u00fcnen sich auf Innovation und Experimente ein und f\u00fchrte systematisch auswertbare Versuche durch. Die <strong>Verbindung von Ackerbau und Viehzucht<\/strong> war f\u00fcr ihn elementar. Das spiegelte sich auch in der Anpassung des Bewirtschaftungssystems f\u00fcr das Th\u00fcnengut wider.<\/p>\n\n\n\n<figure class=\"wp-block-image size-full\"><img loading=\"lazy\" decoding=\"async\" width=\"800\" height=\"496\" src=\"https:\/\/thuenengesellschaft.h18566.web142.dogado.net\/wp-content\/uploads\/2021\/08\/web-Hakenpflug2021.jpg\" alt=\"\" class=\"wp-image-1213\" srcset=\"https:\/\/www.thuenen.info\/wp-content\/uploads\/2021\/08\/web-Hakenpflug2021.jpg 800w, https:\/\/www.thuenen.info\/wp-content\/uploads\/2021\/08\/web-Hakenpflug2021-300x186.jpg 300w, https:\/\/www.thuenen.info\/wp-content\/uploads\/2021\/08\/web-Hakenpflug2021-768x476.jpg 768w\" sizes=\"auto, (max-width: 800px) 100vw, 800px\" \/><figcaption>Th\u00fcnenscher Hakenpflug<\/figcaption><\/figure>\n\n\n\n<p>Neben seiner gefragten Beratert\u00e4tigkeit gab Th\u00fcnen seine&nbsp;Erfahrungen in einer Vielzahl von <strong>Ver\u00f6ffentlichungen <\/strong>in den \u201eNeuen Annalen der Mecklenburgischen Landwirthschafts-Gesellschaft\u201c weiter.<\/p>\n\n\n\n<p>Durch die wissenschaftliche Aufarbeitung und systematische Anwendung seiner akribischen Buchhaltung f\u00fcr das Gut Tellow wurde Th\u00fcnen zum <strong>Begr\u00fcnder der modernen Landwirtschaftlichen Betriebslehre<\/strong>. Er f\u00fchrte Deckungsbeitrags- und umfassende Kosten-Leistungs-Rechnungen f\u00fcr landwirtschaftliche Produkte, differenzierte Betriebsprogrammplanungen sowie eine exakte kalkulatorische Bewertung nicht marktg\u00e4ngiger betrieblicher Zwischenprodukte durch.<\/p>\n\n\n\n<p>Er lieferte ferner einen grundlegenden Beitrag zur <strong>Bewertung (Taxation) von Landg\u00fctern<\/strong> und damit zur objektiveren Absicherung verbriefter Agrarkredite.<\/p>\n\n\n\n<p>Durch sein weltbekanntes Landnutzungsmodell, die <strong>Th\u00fcnensche Kreise<\/strong>, wies er nach, dass neben nat\u00fcrlichen Faktoren die Verkehrslage ma\u00dfgebend f\u00fcr Produktwahl, Produktionsintensit\u00e4t und erzielbare Marktpreise ist. Es gibt f\u00fcr Th\u00fcnen keine absolute, sondern nur eine relative Vorz\u00fcglichkeit landwirtschaftlicher Produktionssysteme (dies kann bei anderem volkswirtschaftlichem Entwicklungsstand und anderen Klimaten auch die Nomadenwirtschaft sein). &nbsp;<\/p>\n\n\n\n<p>Johann Heinrich von Th\u00fcnen widmete sich auch intensiv <strong>forstwirtschaftlichen Untersuchungen<\/strong>. Von ihm zwar unvollendet, wurden diese dennoch posthum 1863 als 3. Teil des Hauptwerkes \u201eDer isolierte Staat\u201c ver\u00f6ffentlicht: \u201eGrunds\u00e4tze zur Bestimmung der Bodenrente, der vorteilhaftesten Umtriebszeit und des Werts der Holzbest\u00e4nde von verschiedenem Alter f\u00fcr Kiefernwaldungen\u201c. Als Forstwirt konnte Th\u00fcnen grundlegende <strong>raum\u00f6konomische Erkenntnisse<\/strong> ableiten.<\/p>\n\n\n\n<p>Er erkannte die Bedeutung der <strong>Transportkosten f\u00fcr die Erzeugnisse der Land- und Forstwirtschaft<\/strong>, und er vermochte, zwischen dem Optimierungskalk\u00fcl betriebswirtschaftlicher Art und der volkswirtschaftlichen Problematik der Bewirtschaftung nat\u00fcrlicher Ressourcen zu unterscheiden.<\/p>\n\n\n\n<blockquote class=\"wp-block-quote is-layout-flow wp-block-quote-is-layout-flow\"><p><em>\u201eIch werde bei einem landwirtschaftlichen Gespr\u00e4ch immer eiskalt, wenn ich finde, dass nur das, was unmittelbar etwas einbringt, Gegenstand des Interesses ist.\u201c<\/em><\/p><cite>Johann Heinrich von Th\u00fcnen am 30.12.1829 an Caspar von Voght<\/cite><\/blockquote>\n\n\n\n<figure class=\"wp-block-image size-full\"><img loading=\"lazy\" decoding=\"async\" width=\"1000\" height=\"411\" src=\"https:\/\/thuenengesellschaft.h18566.web142.dogado.net\/wp-content\/uploads\/2021\/09\/landschaft.jpg\" alt=\"Landschaft\" class=\"wp-image-1478\" srcset=\"https:\/\/www.thuenen.info\/wp-content\/uploads\/2021\/09\/landschaft.jpg 1000w, https:\/\/www.thuenen.info\/wp-content\/uploads\/2021\/09\/landschaft-300x123.jpg 300w, https:\/\/www.thuenen.info\/wp-content\/uploads\/2021\/09\/landschaft-768x316.jpg 768w\" sizes=\"auto, (max-width: 1000px) 100vw, 1000px\" \/><\/figure>\n","protected":false},"excerpt":{"rendered":"<p>Th\u00fcnen wusste schon seit fr\u00fcher Jugend, dass er Landwirt werden wollte. Nach seiner Lehre bis 1802 besuchte er das von Lucas Andreas STAUDINGER (1770-1842) gef\u00fchrte \u201eLandwirthschaftliche Erziehungs-Institut\u201c in Gro\u00df Flottbek bei Hamburg und im Sommer 1803 in Celle die agrar\u00f6konomischen<\/p>\n","protected":false},"author":1,"featured_media":0,"parent":673,"menu_order":3,"comment_status":"closed","ping_status":"closed","template":"","meta":{"footnotes":""},"class_list":["post-679","page","type-page","status-publish","hentry"],"_links":{"self":[{"href":"https:\/\/www.thuenen.info\/index.php?rest_route=\/wp\/v2\/pages\/679","targetHints":{"allow":["GET"]}}],"collection":[{"href":"https:\/\/www.thuenen.info\/index.php?rest_route=\/wp\/v2\/pages"}],"about":[{"href":"https:\/\/www.thuenen.info\/index.php?rest_route=\/wp\/v2\/types\/page"}],"author":[{"embeddable":true,"href":"https:\/\/www.thuenen.info\/index.php?rest_route=\/wp\/v2\/users\/1"}],"replies":[{"embeddable":true,"href":"https:\/\/www.thuenen.info\/index.php?rest_route=%2Fwp%2Fv2%2Fcomments&post=679"}],"version-history":[{"count":10,"href":"https:\/\/www.thuenen.info\/index.php?rest_route=\/wp\/v2\/pages\/679\/revisions"}],"predecessor-version":[{"id":1479,"href":"https:\/\/www.thuenen.info\/index.php?rest_route=\/wp\/v2\/pages\/679\/revisions\/1479"}],"up":[{"embeddable":true,"href":"https:\/\/www.thuenen.info\/index.php?rest_route=\/wp\/v2\/pages\/673"}],"wp:attachment":[{"href":"https:\/\/www.thuenen.info\/index.php?rest_route=%2Fwp%2Fv2%2Fmedia&parent=679"}],"curies":[{"name":"wp","href":"https:\/\/api.w.org\/{rel}","templated":true}]}}