{"id":677,"date":"2021-04-14T13:29:38","date_gmt":"2021-04-14T11:29:38","guid":{"rendered":"https:\/\/thuenengesellschaft.h18566.web142.dogado.net\/?page_id=677"},"modified":"2021-09-14T09:31:07","modified_gmt":"2021-09-14T07:31:07","slug":"nachhaltigkeit","status":"publish","type":"page","link":"https:\/\/www.thuenen.info\/?page_id=677","title":{"rendered":"Nachhaltigkeit"},"content":{"rendered":"\n<h4 class=\"wp-block-heading\"><strong>Th\u00fcnen \u2013 Vordenker der Nachhaltigkeit<\/strong><\/h4>\n\n\n\n<p>Johann Heinrich von Th\u00fcnen pr\u00e4gte einen dynamischen Nachhaltigkeitsbegriff, der sowohl <em>Dauer<\/em>, als auch <em>Ver\u00e4nderung<\/em> beinhaltet. Fragen einer nachhaltigen Agrarproduktion besch\u00e4ftigten ihn praktisch und theoretisch.<\/p>\n\n\n\n<p>Th\u00fcnen ging bereits davon aus, dass nachhaltiges \u00f6konomisches Wachstum durch eine Verbesserung der Bodenfruchtbarkeit, die Anwendung moderner Technologien und die Einf\u00fchrung neuer Wirtschaftssysteme erreicht w\u00fcrde.<\/p>\n\n\n\n<p>Th\u00fcnen nutzte die Fl\u00e4chen seines Gutes <em>nachhaltig<\/em>. Eine solche <strong>nachhaltige Landnutzung<\/strong> bedeutete f\u00fcr ihn, zugleich wirtschaftlich tragf\u00e4hig, sozial vertr\u00e4glich, und im <strong>Einklang mit Natur und Umwelt <\/strong>zu handeln. Er wusste, dass dies auch dem Wohle k\u00fcnftiger Generationen dienen w\u00fcrde.<\/p>\n\n\n\n<p>F\u00fcr Th\u00fcnen war die <strong>\u201eEntdeckung und weise Benutzung der Naturkr\u00e4fte\u201c<\/strong> das Wichtigste, \u201ewas die Wissenschaft zu leisten hat\u201c. (1841)<\/p>\n\n\n\n<p>Th\u00fcnen widmete sich als Forscher haupts\u00e4chlich folgenden Aufgaben:<\/p>\n\n\n\n<ul class=\"wp-block-list\"><li>Nahrungs- und Futtermittel rentabel zu produzieren,<\/li><li>Holzanbau und -transport zu optimieren,<\/li><li>nat\u00fcrliche Ressourcen so effektiv wie m\u00f6glich zu nutzen,<\/li><li>Schutz und Nutzung der Natur im Gleichgewicht zu halten,<\/li><li>auf seinem Gut wirtschaftlichen und sozialen Aspekten gleicherma\u00dfen gerecht zu werden.<\/li><\/ul>\n\n\n\n<p><strong><strong>Wichtige<\/strong> <strong>theoretische Beitr\u00e4ge Th\u00fcnens sind:<\/strong><\/strong><\/p>\n\n\n\n<p>Weltweit erstmalige formale \u00f6konomische Analyse der Nutzung von Gemeinschaftsg\u00fctern bei \u201egeregeltem\u201c und \u201efreiem\u201c Zugang (\u201eTragik der Allmende\u201c) und eines Vorschlags zur Maximierung dauerhaft hoher Ressourcenrenten am Beispiel von kommunalen Weiden und Fischteichen.<\/p>\n\n\n\n<p>Bestimmung der optimalen Durchforstung und Umtriebszeit von Waldungen<\/p>\n\n\n\n<p>Ber\u00fccksichtigung der Wohlfahrtswirkungen von \u201eN\u00e4hrstofftransporten\u201c durch internationalen Getreidehandel<\/p>\n\n\n\n<p>Systematische \u00f6konomische Analyse eines Produktes, was je nach Anfall und Verwendungsm\u00f6glichkeiten positiven Wert aufweisen oder umweltbelastend sein kann.<\/p>\n\n\n\n<p><\/p>\n\n\n\n<figure class=\"wp-block-image size-full\"><img loading=\"lazy\" decoding=\"async\" width=\"600\" height=\"328\" src=\"https:\/\/thuenengesellschaft.h18566.web142.dogado.net\/wp-content\/uploads\/2021\/09\/Thema1.jpg\" alt=\"\" class=\"wp-image-1465\" srcset=\"https:\/\/www.thuenen.info\/wp-content\/uploads\/2021\/09\/Thema1.jpg 600w, https:\/\/www.thuenen.info\/wp-content\/uploads\/2021\/09\/Thema1-300x164.jpg 300w\" sizes=\"auto, (max-width: 600px) 100vw, 600px\" \/><\/figure>\n\n\n\n<p><\/p>\n\n\n\n<p><strong>Th\u00fcnens Grund- und Hauptprinzipien einer nachhaltigen landwirtschaftlichen Wirtschaftsweise<\/strong><\/p>\n\n\n\n<p><strong>Grundprinzipien<\/strong><\/p>\n\n\n\n<ul class=\"wp-block-list\"><li><strong>1. Erhaltung und Mehrung der nat\u00fcrlichen Bodenfruchtbarkeit<\/strong><\/li><\/ul>\n\n\n\n<p>Der Boden ist eine einmalige Naturressource. Er ist die Basis einer nachhaltigen Landwirtschaft. Johann Heinrich von Th\u00fcnen forderte eine bodengebundene Kapitalverwendung.<\/p>\n\n\n\n<ul class=\"wp-block-list\"><li><strong>2.<\/strong> <strong>Energieeinsparung und effiziente Energienutzung<\/strong><\/li><\/ul>\n\n\n\n<p>Johann Heinrich von Th\u00fcnen vermied in seinem Wirkungsfeld nutzlose energie- und kostenaufw\u00e4ndige Arbeit. Die nach ihm benannten \u201eTh\u00fcnenschen Kreise\u201c beschreiben u.a. durch die Einsparung von Transportkosten auch ein Energiesparmodell.<\/p>\n\n\n\n<p><\/p>\n\n\n\n<h4 class=\"wp-block-heading\"><strong>Hauptprinzipien<\/strong><\/h4>\n\n\n\n<ul class=\"wp-block-list\"><li><strong>1. Artenreiche Fruchtfolgen<\/strong><\/li><\/ul>\n\n\n\n<p>Th\u00fcnen war davon \u00fcberzeugt, dass das nat\u00fcrliche Nebeneinander der Pflanzen in der Landwirtschaft unverzichtbar ist. Auch ein durchdachtes Nacheinander (Fruchtfolge) wirkt ausgleichend auf den Boden.<\/p>\n\n\n\n<ul class=\"wp-block-list\"><li><strong>2. Artgerechte Haltung und Ern\u00e4hrung aller Nutztiere<\/strong><\/li><\/ul>\n\n\n\n<p>Auch fr\u00fcher existierten auf den G\u00fctern gro\u00dfe Tierbest\u00e4nde, die jedoch weitgehend artgerecht gehalten und ern\u00e4hrt wurden. Dass sich das mit der Einf\u00fchrung industrieller Methoden der Tierhaltung so gravierend \u00e4ndern w\u00fcrde, konnte Th\u00fcnen nicht wissen. Dennoch forderte er schon zu seiner Zeit: \u201edie Viehzucht muss mit dem Ackerbau verbunden bleiben\u201c (1842).<\/p>\n\n\n\n<ul class=\"wp-block-list\"><li><strong>3. Unverzichtbarkeit der Weidewirtschaft<\/strong><\/li><\/ul>\n\n\n\n<p>F\u00fcr Th\u00fcnen ist die Weidewirtschaft eine unverzichtbare, relativ extensive Wirtschaftsform. Sie hat sowohl in seinem Kreismodell, als auch in der Realit\u00e4t der Tellower Gutswirtschaft ihren festen Platz.<\/p>\n\n\n\n<ul class=\"wp-block-list\"><li><strong>4. <\/strong> <strong>Einheit von intensiver und extensiver Wirtschaftsweise<\/strong><\/li><\/ul>\n\n\n\n<p>Die Begriffe<em> intensiv<\/em> und <em>extensiv<\/em> bildeten f\u00fcr Th\u00fcnen eine Einheit. Er erkannte ihre Relativit\u00e4t, bedingt dadurch, dass der Intensit\u00e4tsgrad durch viele Faktoren bestimmt wird. Th\u00fcnen wusste bereits, dass die Wechselwirkung, die zwischen der Gr\u00f6\u00dfe der Produktion und der H\u00f6he der Preise stattfindet, nie au\u00dfer Acht gelassen werden darf.<\/p>\n\n\n\n<ul class=\"wp-block-list\"><li><strong>5. N\u00fctzlichkeit aber auch Sch\u00f6nheit der Agrarlandschaft<\/strong><\/li><\/ul>\n\n\n\n<p>Die Realisierung der Th\u00fcnenschen Grund- und Hauptprinzipien einer nachhaltigen Landwirtschaft wirkt besonders auf die F\u00f6rderung der \u00f6kologischen Vielfalt des Lebens. Verbunden damit ist ein ganz wichtiger \u201eNebeneffekt\u201c: die Entwicklung der Sch\u00f6nheit der Agrarlandschaft.<\/p>\n\n\n\n<p><\/p>\n\n\n\n<figure class=\"wp-block-image size-full is-resized\"><img loading=\"lazy\" decoding=\"async\" src=\"https:\/\/thuenengesellschaft.h18566.web142.dogado.net\/wp-content\/uploads\/2021\/08\/web-nachhaltigkeit-2.jpg\" alt=\"Nachhaltigkeit Schwaene\" class=\"wp-image-1209\" width=\"800\" height=\"303\" srcset=\"https:\/\/www.thuenen.info\/wp-content\/uploads\/2021\/08\/web-nachhaltigkeit-2.jpg 800w, https:\/\/www.thuenen.info\/wp-content\/uploads\/2021\/08\/web-nachhaltigkeit-2-300x114.jpg 300w, https:\/\/www.thuenen.info\/wp-content\/uploads\/2021\/08\/web-nachhaltigkeit-2-768x291.jpg 768w\" sizes=\"auto, (max-width: 800px) 100vw, 800px\" \/><\/figure>\n\n\n\n<p><\/p>\n\n\n\n<blockquote class=\"wp-block-quote is-layout-flow wp-block-quote-is-layout-flow\"><p><em>\u201eDie Aufgabe, die der Landwirt zu l\u00f6sen hat, ist die: den nachhaltig h\u00f6chsten reinen Ertrag aus dem Grund und Boden zu ziehen.\u201c<\/em><\/p><cite>Johann Heinrich von Th\u00fcnen, 1831<\/cite><\/blockquote>\n\n\n\n<p><\/p>\n","protected":false},"excerpt":{"rendered":"<p>Th\u00fcnen \u2013 Vordenker der Nachhaltigkeit Johann Heinrich von Th\u00fcnen pr\u00e4gte einen dynamischen Nachhaltigkeitsbegriff, der sowohl Dauer, als auch Ver\u00e4nderung beinhaltet. Fragen einer nachhaltigen Agrarproduktion besch\u00e4ftigten ihn praktisch und theoretisch. Th\u00fcnen ging bereits davon aus, dass nachhaltiges \u00f6konomisches Wachstum durch eine<\/p>\n","protected":false},"author":1,"featured_media":0,"parent":673,"menu_order":2,"comment_status":"closed","ping_status":"closed","template":"","meta":{"footnotes":""},"class_list":["post-677","page","type-page","status-publish","hentry"],"_links":{"self":[{"href":"https:\/\/www.thuenen.info\/index.php?rest_route=\/wp\/v2\/pages\/677","targetHints":{"allow":["GET"]}}],"collection":[{"href":"https:\/\/www.thuenen.info\/index.php?rest_route=\/wp\/v2\/pages"}],"about":[{"href":"https:\/\/www.thuenen.info\/index.php?rest_route=\/wp\/v2\/types\/page"}],"author":[{"embeddable":true,"href":"https:\/\/www.thuenen.info\/index.php?rest_route=\/wp\/v2\/users\/1"}],"replies":[{"embeddable":true,"href":"https:\/\/www.thuenen.info\/index.php?rest_route=%2Fwp%2Fv2%2Fcomments&post=677"}],"version-history":[{"count":7,"href":"https:\/\/www.thuenen.info\/index.php?rest_route=\/wp\/v2\/pages\/677\/revisions"}],"predecessor-version":[{"id":1467,"href":"https:\/\/www.thuenen.info\/index.php?rest_route=\/wp\/v2\/pages\/677\/revisions\/1467"}],"up":[{"embeddable":true,"href":"https:\/\/www.thuenen.info\/index.php?rest_route=\/wp\/v2\/pages\/673"}],"wp:attachment":[{"href":"https:\/\/www.thuenen.info\/index.php?rest_route=%2Fwp%2Fv2%2Fmedia&parent=677"}],"curies":[{"name":"wp","href":"https:\/\/api.w.org\/{rel}","templated":true}]}}