{"id":667,"date":"2021-04-14T13:22:23","date_gmt":"2021-04-14T11:22:23","guid":{"rendered":"https:\/\/thuenengesellschaft.h18566.web142.dogado.net\/?page_id=667"},"modified":"2025-04-02T13:45:56","modified_gmt":"2025-04-02T11:45:56","slug":"vorstand","status":"publish","type":"page","link":"https:\/\/www.thuenen.info\/?page_id=667","title":{"rendered":"Vorstand"},"content":{"rendered":"\n<h4 class=\"wp-block-heading\"><strong>Vorsitzender:<\/strong><\/h4>\n\n\n\n<p>Dr. Peter Sanftleben, Direktor der Landesforschungsanstalt f\u00fcr Landwirtschaft und Fischerei Mecklenburg-Vorpommern<\/p>\n\n\n\n<h4 class=\"wp-block-heading\"><strong>stellvertretender Vorsitzender:<\/strong><\/h4>\n\n\n\n<p>Dr. Reinhard Dettmann<\/p>\n\n\n\n<h4 class=\"wp-block-heading\"><strong>Gesch\u00e4ftsf\u00fchrerin:<\/strong><\/h4>\n\n\n\n<p>Angela Ziegler, Museumsleiterin <\/p>\n\n\n\n<h4 class=\"wp-block-heading\"><strong>Mitglieder:<\/strong><\/h4>\n\n\n\n<p>Volker Bruns<br>Hannes Dettmann, forma_te e.V. Teterow<br>Nils Saemann (MdL)<br><\/p>\n\n\n\n<figure class=\"wp-block-image size-full is-resized\"><img loading=\"lazy\" decoding=\"async\" width=\"600\" height=\"327\" src=\"https:\/\/www.thuenen.info\/wp-content\/uploads\/2023\/12\/Gutshaus-2023a.jpg\" alt=\"\" class=\"wp-image-2270\" style=\"width:1218px;height:auto\" srcset=\"https:\/\/www.thuenen.info\/wp-content\/uploads\/2023\/12\/Gutshaus-2023a.jpg 600w, https:\/\/www.thuenen.info\/wp-content\/uploads\/2023\/12\/Gutshaus-2023a-300x164.jpg 300w\" sizes=\"auto, (max-width: 600px) 100vw, 600px\" \/><\/figure>\n","protected":false},"excerpt":{"rendered":"<p>Vorsitzender: Dr. Peter Sanftleben, Direktor der Landesforschungsanstalt f\u00fcr Landwirtschaft und Fischerei Mecklenburg-Vorpommern stellvertretender Vorsitzender: Dr. Reinhard Dettmann Gesch\u00e4ftsf\u00fchrerin: Angela Ziegler, Museumsleiterin Mitglieder: Volker BrunsHannes Dettmann, forma_te e.V. TeterowNils Saemann (MdL)<\/p>\n","protected":false},"author":1,"featured_media":0,"parent":19,"menu_order":2,"comment_status":"closed","ping_status":"closed","template":"","meta":{"footnotes":""},"class_list":["post-667","page","type-page","status-publish","hentry"],"_links":{"self":[{"href":"https:\/\/www.thuenen.info\/index.php?rest_route=\/wp\/v2\/pages\/667","targetHints":{"allow":["GET"]}}],"collection":[{"href":"https:\/\/www.thuenen.info\/index.php?rest_route=\/wp\/v2\/pages"}],"about":[{"href":"https:\/\/www.thuenen.info\/index.php?rest_route=\/wp\/v2\/types\/page"}],"author":[{"embeddable":true,"href":"https:\/\/www.thuenen.info\/index.php?rest_route=\/wp\/v2\/users\/1"}],"replies":[{"embeddable":true,"href":"https:\/\/www.thuenen.info\/index.php?rest_route=%2Fwp%2Fv2%2Fcomments&post=667"}],"version-history":[{"count":12,"href":"https:\/\/www.thuenen.info\/index.php?rest_route=\/wp\/v2\/pages\/667\/revisions"}],"predecessor-version":[{"id":2422,"href":"https:\/\/www.thuenen.info\/index.php?rest_route=\/wp\/v2\/pages\/667\/revisions\/2422"}],"up":[{"embeddable":true,"href":"https:\/\/www.thuenen.info\/index.php?rest_route=\/wp\/v2\/pages\/19"}],"wp:attachment":[{"href":"https:\/\/www.thuenen.info\/index.php?rest_route=%2Fwp%2Fv2%2Fmedia&parent=667"}],"curies":[{"name":"wp","href":"https:\/\/api.w.org\/{rel}","templated":true}]}}