{"id":660,"date":"2021-12-07T11:59:00","date_gmt":"2021-12-07T10:59:00","guid":{"rendered":"https:\/\/thuenengesellschaft.h18566.web142.dogado.net\/?page_id=660"},"modified":"2024-10-17T13:06:35","modified_gmt":"2024-10-17T11:06:35","slug":"beitraege","status":"publish","type":"page","link":"https:\/\/www.thuenen.info\/?page_id=660","title":{"rendered":"Beitr\u00e4ge"},"content":{"rendered":"\n<p><strong><mark style=\"background-color:#ffffff\" class=\"has-inline-color has-luminous-vivid-orange-color\">Neuer Beitrag zur Th\u00fcnenforschung erschienen<\/mark><\/strong><mark style=\"background-color:rgba(0, 0, 0, 0)\" class=\"has-inline-color has-luminous-vivid-orange-color\"> <strong>(2024)<\/strong><\/mark><br>Unser Mitglied <strong>Dr. Ludwig Nellinger<\/strong> aus Bonn hat einen methodischen Vergleich zwischen Adam Smith und Johann Heinrich von Th\u00fcnen publiziert. Der Beitrag hat den Titel &#8222;Methodik und Erkenntnisfortschritt: Adam Smith und Johann Heinrich von Th\u00fcnen.&#8220; <br>Er ist erschienen in: <br><strong>Adam Smith @ 300, Studien zur Entwicklung der \u00d6konomischen Theorie XLII<\/strong>, <br>Berlin, Verlag Duncker und Humboldt, 2024, Seiten 233 &#8211; 288. &#8211; (Schriften des Vereins f\u00fcr Socialpolitik ; 115)<br>Hier gehts zur Verlagsver\u00f6ffentlichung: <br><a href=\"https:\/\/www.duncker-humblot.de\/buch\/adam-smith-300-9783428192571\/?page_id=1\"><strong>Adam Smith @ 300<\/strong><\/a><br><\/p>\n\n\n\n<p><strong><mark style=\"background-color:rgba(0, 0, 0, 0)\" class=\"has-inline-color has-luminous-vivid-orange-color\">Grundlegender Beitrag \u00fcber Th\u00fcnens Verm\u00e4chtnis f\u00fcr eine nachhaltige Landwirtschaft (2019)<\/mark><\/strong><br><strong>Dr. Horst Kr\u00fcger<\/strong>, erster Vorsitzender des Vereins der Freunde und F\u00f6rderer des Th\u00fcnen-Museums-Tellow e.V. und Mitglied der Th\u00fcnengesellschaft Tellow e.V., verfasste einen 2019 in den Tellower Th\u00fcnen-Schriften publizierten grundlegenden Beitrag zur aktuellen Th\u00fcnenforschung:<br><a href=\"https:\/\/www.thuenen.info\/wp-content\/uploads\/2021\/12\/krueger_tts12.pdf\"><strong>Johann Heinrich von Th\u00fcnens Verm\u00e4chtnis f\u00fcr eine nachhaltige Landwirtschaft<\/strong><\/a><\/p>\n\n\n\n<p> Auszug aus \u201eDas Gut des Johann Heinrich von Th\u00fcnen : Geschichte einer Wirkungsst\u00e4tte und Verm\u00e4chtnis f\u00fcr eine nachhaltige Landwirtschaft\u201c. \u2013 Th\u00fcnen-Museum-Tellow 2019. \u2013 (Tellower Th\u00fcnen-Schriften ; 12) <\/p>\n\n\n\n<figure class=\"wp-block-image size-full is-resized\"><img loading=\"lazy\" decoding=\"async\" width=\"1024\" height=\"768\" src=\"https:\/\/www.thuenen.info\/wp-content\/uploads\/2021\/12\/krueger2003a-1.jpg\" alt=\"\" class=\"wp-image-2076\" srcset=\"https:\/\/www.thuenen.info\/wp-content\/uploads\/2021\/12\/krueger2003a-1.jpg 1024w, https:\/\/www.thuenen.info\/wp-content\/uploads\/2021\/12\/krueger2003a-1-300x225.jpg 300w, https:\/\/www.thuenen.info\/wp-content\/uploads\/2021\/12\/krueger2003a-1-768x576.jpg 768w\" sizes=\"auto, (max-width: 1024px) 100vw, 1024px\" \/><figcaption class=\"wp-element-caption\">Dr. Horst Kr\u00fcger 2003 in seiner Werkstatt bei der Bearbeitung von Wildholz &#8211; &#8222;gewachsener Sch\u00f6nheit&#8220;. Foto: Ulrich Meyn.   <\/figcaption><\/figure>\n\n\n\n<p><\/p>\n\n\n\n<p><\/p>\n\n\n\n<p><\/p>\n","protected":false},"excerpt":{"rendered":"<p>Horst Kr\u00fcgers Leidenschaft ist die Wildholzgestaltung. Sehr am Herzen liegt ihm die Bewahrung und Verbreitung des Th\u00fcnenschen Erbes, besonders wichtig ist ihm Th\u00fcnens Verm\u00e4chtnis f\u00fcr eine nachhaltige Landwirtschaft. <\/p>\n","protected":false},"author":1,"featured_media":2071,"parent":567,"menu_order":1,"comment_status":"closed","ping_status":"closed","template":"","meta":{"footnotes":""},"class_list":["post-660","page","type-page","status-publish","has-post-thumbnail","hentry"],"_links":{"self":[{"href":"https:\/\/www.thuenen.info\/index.php?rest_route=\/wp\/v2\/pages\/660","targetHints":{"allow":["GET"]}}],"collection":[{"href":"https:\/\/www.thuenen.info\/index.php?rest_route=\/wp\/v2\/pages"}],"about":[{"href":"https:\/\/www.thuenen.info\/index.php?rest_route=\/wp\/v2\/types\/page"}],"author":[{"embeddable":true,"href":"https:\/\/www.thuenen.info\/index.php?rest_route=\/wp\/v2\/users\/1"}],"replies":[{"embeddable":true,"href":"https:\/\/www.thuenen.info\/index.php?rest_route=%2Fwp%2Fv2%2Fcomments&post=660"}],"version-history":[{"count":18,"href":"https:\/\/www.thuenen.info\/index.php?rest_route=\/wp\/v2\/pages\/660\/revisions"}],"predecessor-version":[{"id":2320,"href":"https:\/\/www.thuenen.info\/index.php?rest_route=\/wp\/v2\/pages\/660\/revisions\/2320"}],"up":[{"embeddable":true,"href":"https:\/\/www.thuenen.info\/index.php?rest_route=\/wp\/v2\/pages\/567"}],"wp:featuredmedia":[{"embeddable":true,"href":"https:\/\/www.thuenen.info\/index.php?rest_route=\/wp\/v2\/media\/2071"}],"wp:attachment":[{"href":"https:\/\/www.thuenen.info\/index.php?rest_route=%2Fwp%2Fv2%2Fmedia&parent=660"}],"curies":[{"name":"wp","href":"https:\/\/api.w.org\/{rel}","templated":true}]}}