{"id":653,"date":"2021-04-14T11:56:54","date_gmt":"2021-04-14T09:56:54","guid":{"rendered":"https:\/\/thuenengesellschaft.h18566.web142.dogado.net\/?page_id=653"},"modified":"2024-07-30T12:44:11","modified_gmt":"2024-07-30T10:44:11","slug":"vorstellung-2","status":"publish","type":"page","link":"https:\/\/www.thuenen.info\/?page_id=653","title":{"rendered":"Vorstellung"},"content":{"rendered":"\n<h4 class=\"wp-block-heading\"><strong>Das Th\u00fcnengut Tellow und sein Museum<\/strong><\/h4>\n\n\n\n<p>Das Th\u00fcnengut Tellow liegt in einer idyllischen Landschaft nahe der Stadt Teterow am Rande der Mecklenburgischen Schweiz. Bis zur Mitte des 19. Jahrhunderts war das Gutsdorf die <strong>Wirkungsst\u00e4tte des international anerkannten Agrar- und Wirtschaftswissenschaftlers sowie Musterlandwirtes Johann Heinrich von Th\u00fcnen<\/strong> (1783 \u2013 1850).<\/p>\n\n\n\n<p>Tellow ist eine klassische St\u00e4tte der National\u00f6konomie. Johann Heinrich von Th\u00fcnen lebte hier mit seiner Familie von 1810 bis zu seinem Tode. Er erwarb sich bleibende Verdienste, sowohl als Forscher, als auch als Praktiker. So verwandelte er den verschuldeten Tellower Landwirtschaftsbetrieb in ein ertragreiches Mustergut, wobei er in vorbildlicher Weise Theorie und Praxis in Einklang brachte. Sein gro\u00dfer Sachverstand sowie seine humanistische Grundhaltung fanden auch \u00fcberregional bereits zu Lebzeiten Anerkennung.<\/p>\n\n\n\n<h4 class=\"wp-block-heading\"><strong>Im Jahre 1972 wurde in Tellow \u2013 am Ursprungsort des Th\u00fcnenerbes \u2013 ein Museum gegr\u00fcndet.<\/strong><\/h4>\n\n\n\n<p>Bis 2020 zeigte das Th\u00fcnen-Museum-Tellow ein historisch gewachsenes mecklenburgisches Gutsensemble mit gro\u00dfer Freilichtausstellung.<\/p>\n\n\n\n<ul class=\"wp-block-list\">\n<li>1969 begann die Sch\u00fclerarbeitsgemeinschaft \u201eNatur- und Heimatforscher\u201c unter Leitung ihres Lehrers Rolf-Peter Bartz mit dem Aufbau des Th\u00fcnen-Museums. Geb\u00e4ude und Anlagen wurden vor dem Verfall gerettet und museal ausgebaut.<\/li>\n<\/ul>\n\n\n\n<ul class=\"wp-block-list\">\n<li>Im M\u00e4rz 1972 erfolgte die \u00dcbergabe des Museums an die \u00d6ffentlichkeit.<\/li>\n<\/ul>\n\n\n\n<ul class=\"wp-block-list\">\n<li>In den darauffolgenden Jahren wurden schrittweise weitere Komplexe des ehemaligen Gutshofes durch das Museum \u00fcbernommen.<\/li>\n<\/ul>\n\n\n\n<ul class=\"wp-block-list\">\n<li>Einen Aufschwung erhielt das Museum im Jahre 1983 anl\u00e4sslich des 200. Geburtstages von Johann Heinrich von Th\u00fcnen.<\/li>\n<\/ul>\n\n\n\n<ul class=\"wp-block-list\">\n<li>Das Th\u00fcnen-Museum-Tellow befand sich von 1988 bis 1993 als Kreismuseum in der Tr\u00e4gerschaft des Kreises Teterow.<\/li>\n<\/ul>\n\n\n\n<ul class=\"wp-block-list\">\n<li>Ab 1990 erfolgte der weitere Ausbau des denkmalgesch\u00fctzten Gutsensembles und die Gr\u00fcndung der Th\u00fcnengesellschaft Tellow e.V. in Tellow.<\/li>\n<\/ul>\n\n\n\n<ul class=\"wp-block-list\">\n<li>Das Th\u00fcnen-Museum-Tellow geh\u00f6rte von 1993 bis 1999 zur Kommunalen \u201eKulturstiftung Teterower Kreis\u201c.<\/li>\n<\/ul>\n\n\n\n<ul class=\"wp-block-list\">\n<li>1999 wurde die Th\u00fcnengut Tellow gGmbH gegr\u00fcndet, die bis Ende 2020 Tr\u00e4ger des Museums war.<\/li>\n<\/ul>\n\n\n\n<ul class=\"wp-block-list\">\n<li>Das Th\u00fcnen-Museum-Tellow war am 1. November 2020 das letzte Mal ge\u00f6ffnet.<\/li>\n<\/ul>\n\n\n\n<ul class=\"wp-block-list\">\n<li>Seit 2021 ist das Th\u00fcnen-Museum-Tellow in die Tr\u00e4gerschaft des Landkreises Rostock \u00fcbergegangen. W\u00e4hrend der vor\u00fcbergehenden Schlie\u00dfung soll das Museum nach einem vorliegenden Konzept grundlegend erneuert werden.<\/li>\n<\/ul>\n\n\n\n<ul class=\"wp-block-list\">\n<li>Gleichzeitig werden notwendige Sanierungsma\u00dfnahmen an den Geb\u00e4uden des denkmalgesch\u00fctzten Gutsensembles sowie im Th\u00fcnenpark durchgef\u00fchrt.<\/li>\n<\/ul>\n\n\n\n<figure class=\"wp-block-image size-full\"><img loading=\"lazy\" decoding=\"async\" width=\"1000\" height=\"434\" src=\"https:\/\/thuenengesellschaft.h18566.web142.dogado.net\/wp-content\/uploads\/2021\/09\/MUSEUM-unten.jpg\" alt=\"Gutsensemble\" class=\"wp-image-1473\" srcset=\"https:\/\/www.thuenen.info\/wp-content\/uploads\/2021\/09\/MUSEUM-unten.jpg 1000w, https:\/\/www.thuenen.info\/wp-content\/uploads\/2021\/09\/MUSEUM-unten-300x130.jpg 300w, https:\/\/www.thuenen.info\/wp-content\/uploads\/2021\/09\/MUSEUM-unten-768x333.jpg 768w\" sizes=\"auto, (max-width: 1000px) 100vw, 1000px\" \/><\/figure>\n","protected":false},"excerpt":{"rendered":"<p>Das Th\u00fcnengut Tellow und sein Museum Das Th\u00fcnengut Tellow liegt in einer idyllischen Landschaft nahe der Stadt Teterow am Rande der Mecklenburgischen Schweiz. Bis zur Mitte des 19. Jahrhunderts war das Gutsdorf die Wirkungsst\u00e4tte des international anerkannten Agrar- und Wirtschaftswissenschaftlers<\/p>\n","protected":false},"author":1,"featured_media":0,"parent":578,"menu_order":1,"comment_status":"closed","ping_status":"closed","template":"","meta":{"footnotes":""},"class_list":["post-653","page","type-page","status-publish","hentry"],"_links":{"self":[{"href":"https:\/\/www.thuenen.info\/index.php?rest_route=\/wp\/v2\/pages\/653","targetHints":{"allow":["GET"]}}],"collection":[{"href":"https:\/\/www.thuenen.info\/index.php?rest_route=\/wp\/v2\/pages"}],"about":[{"href":"https:\/\/www.thuenen.info\/index.php?rest_route=\/wp\/v2\/types\/page"}],"author":[{"embeddable":true,"href":"https:\/\/www.thuenen.info\/index.php?rest_route=\/wp\/v2\/users\/1"}],"replies":[{"embeddable":true,"href":"https:\/\/www.thuenen.info\/index.php?rest_route=%2Fwp%2Fv2%2Fcomments&post=653"}],"version-history":[{"count":7,"href":"https:\/\/www.thuenen.info\/index.php?rest_route=\/wp\/v2\/pages\/653\/revisions"}],"predecessor-version":[{"id":2298,"href":"https:\/\/www.thuenen.info\/index.php?rest_route=\/wp\/v2\/pages\/653\/revisions\/2298"}],"up":[{"embeddable":true,"href":"https:\/\/www.thuenen.info\/index.php?rest_route=\/wp\/v2\/pages\/578"}],"wp:attachment":[{"href":"https:\/\/www.thuenen.info\/index.php?rest_route=%2Fwp%2Fv2%2Fmedia&parent=653"}],"curies":[{"name":"wp","href":"https:\/\/api.w.org\/{rel}","templated":true}]}}