{"id":646,"date":"2021-04-14T11:50:03","date_gmt":"2021-04-14T09:50:03","guid":{"rendered":"https:\/\/thuenengesellschaft.h18566.web142.dogado.net\/?page_id=646"},"modified":"2021-09-14T09:28:48","modified_gmt":"2021-09-14T07:28:48","slug":"genealogie","status":"publish","type":"page","link":"https:\/\/www.thuenen.info\/?page_id=646","title":{"rendered":"Genealogie"},"content":{"rendered":"\n<h4 class=\"wp-block-heading\"><strong>Johann <em>Heinrich<\/em> von Th\u00fcnen<\/strong><\/h4>\n\n\n\n<p>Heinz Rieter: \u201eTh\u00fcnen, Heinrich\u201c<\/p>\n\n\n\n<p>In: <em>Neue Deutsche Biographie<\/em> 26 (2016), S. 208-211<\/p>\n\n\n\n<h4 class=\"wp-block-heading\"><strong>Genealogie&nbsp;<\/strong><\/h4>\n\n\n\n<h5 class=\"wp-block-heading\"><strong>Vater<\/strong><\/h5>\n\n\n\n<p><strong>Edo Christian von TH\u00dcNEN<\/strong> (1760\u201386), Erbp\u00e4chter und seit 1784 Besitzer des Marschhofs Canarienhausen, Sohn des Hans Hinrich von TH\u00dcNEN (1728\u201379) aus Canarienhausen und der Judith Catharina OELERICHS (1732\u201386) aus Sande (Jeverland), seit 1789 Stief-Vater Christian Diederich sen. (1766\u20131810), Gro\u00dfkaufmann aus Hooksiel, Sohn des Friedrich Christian von BUTTEL (1739\u201387), Kaufmann in Jever, und der Teite HILLERS (1740\u20131800).<\/p>\n\n\n\n<h5 class=\"wp-block-heading\"><strong>Mutter<\/strong><\/h5>\n\n\n\n<figure class=\"wp-block-image size-full is-resized\"><img loading=\"lazy\" decoding=\"async\" src=\"https:\/\/thuenengesellschaft.h18566.web142.dogado.net\/wp-content\/uploads\/2021\/08\/web-Mutter-Anna-Margaretha-Catharina-von-Thuenen-geb-Trendtel.jpg\" alt=\"\" class=\"wp-image-1206\" width=\"273\" height=\"400\" srcset=\"https:\/\/www.thuenen.info\/wp-content\/uploads\/2021\/08\/web-Mutter-Anna-Margaretha-Catharina-von-Thuenen-geb-Trendtel.jpg 545w, https:\/\/www.thuenen.info\/wp-content\/uploads\/2021\/08\/web-Mutter-Anna-Margaretha-Catharina-von-Thuenen-geb-Trendtel-204x300.jpg 204w\" sizes=\"auto, (max-width: 273px) 100vw, 273px\" \/><\/figure>\n\n\n\n<p><strong>Anna Margaretha Catharina<\/strong> (1765\u20131813), aus Jever, Tochter des Johann Friedrich TRENDTEL (1733\u20131803) aus Kulmbach (Franken), Kaufmann, Buchh\u00e4ndler, Buchbindermeister, Ratsherr in Jever, und der Anna KUPER (1722\u201388), aus Hooksiel.<\/p>\n\n\n\n<h5 class=\"wp-block-heading\"><br><strong>1 Bruder<\/strong><\/h5>\n\n\n\n<figure class=\"wp-block-image size-full is-resized\"><img loading=\"lazy\" decoding=\"async\" src=\"https:\/\/thuenengesellschaft.h18566.web142.dogado.net\/wp-content\/uploads\/2021\/08\/web-Bruder-Friedrich.jpg\" alt=\"\" class=\"wp-image-1200\" width=\"298\" height=\"400\" srcset=\"https:\/\/www.thuenen.info\/wp-content\/uploads\/2021\/08\/web-Bruder-Friedrich.jpg 595w, https:\/\/www.thuenen.info\/wp-content\/uploads\/2021\/08\/web-Bruder-Friedrich-223x300.jpg 223w\" sizes=\"auto, (max-width: 298px) 100vw, 298px\" \/><\/figure>\n\n\n\n<p><strong>Friedrich<\/strong> (1785\u20131865, \u26ad Henriette KRUCKENBERG, geb. FOLKERS, 1791\u20131866), Besitzer des Marschhofs Canarienhausen, 1848\u201351 Mitglied des oldenburgischen Landtages (s.&nbsp;<a href=\"http:\/\/www.ndb.badw.de\/ndb_kurztitel.htm#Biogr_Hdb_Oldenburg\">Biogr. Hdb.&nbsp;Oldenburg<\/a>).<\/p>\n\n\n\n<h5 class=\"wp-block-heading\"><strong>2&nbsp;Halb-Br\u00fcder<\/strong><\/h5>\n\n\n\n<p><strong>Friedrich (Fritz) Christian von BUTTEL<\/strong> (1792\u20131861,&nbsp;\u26ad&nbsp;1] Henriette Dorothea Caroline NAGEL, 1792\u20131820, aus Bremen, 2] Pauline Friederike WAHN, 1803\u201348), Kaufmann, Reeder, Werftbesitzer, 1848 Mitglied des oldenburgischen Landtages.<\/p>\n\n\n\n<figure class=\"wp-block-image size-full is-resized\"><img loading=\"lazy\" decoding=\"async\" src=\"https:\/\/thuenengesellschaft.h18566.web142.dogado.net\/wp-content\/uploads\/2021\/08\/web-Stiefbruder-Christian-Diederich-von-Buttel.jpg\" alt=\"\" class=\"wp-image-1199\" width=\"300\" height=\"400\" srcset=\"https:\/\/www.thuenen.info\/wp-content\/uploads\/2021\/08\/web-Stiefbruder-Christian-Diederich-von-Buttel.jpg 600w, https:\/\/www.thuenen.info\/wp-content\/uploads\/2021\/08\/web-Stiefbruder-Christian-Diederich-von-Buttel-225x300.jpg 225w\" sizes=\"auto, (max-width: 300px) 100vw, 300px\" \/><\/figure>\n\n\n\n<p><strong>Christian Diederich von BUTTEL jun.<\/strong> (1801\u201378,&nbsp;\u26ad&nbsp;1] Caecilie Friederike von HARTEN, 1809\u201331,&nbsp;Tochter des Johann Heinrich von HARTEN, 1764\u20131832, Oberappellationsgerichtssekret\u00e4r und Auktionsverwalter in Jever, 2] Helene von TH\u00dcNEN, 1806\u201378, s. u.), Jurist, 1848\/49 Mitglied der Nationalversammlung in Frankfurt\/M., 1849\u201351 Ministerpr\u00e4sident des Gro\u00dfherzogtums Oldenburg, danach u. a. Gerichtspr\u00e4sident, Hofrat, Dr. jur. h. c.(s.&nbsp;<a href=\"http:\/\/www.ndb.badw.de\/ndb_kurztitel.htm#Biogr_Hdb_Oldenburg\">Biogr. Hdb.&nbsp;Oldenburg<\/a>; oldenburgischer Landtag).<\/p>\n\n\n\n<p><strong>1 Halb-Schwester<br>Anna Catharina Henriette von BUTTEL<\/strong> (1806\u201357,&nbsp;\u26ad&nbsp;Johann Albert DROEGE, 1799\u20131871, aus Bremen, Stahlunternehmer, Metallh\u00e4ndler, Gr\u00fcnder von Deer Park in Garrett County, Maryland).<\/p>\n\n\n\n<h4 class=\"wp-block-heading\"><strong>Heirat<\/strong><\/h4>\n\n\n\n<figure class=\"wp-block-image size-full is-resized\"><img loading=\"lazy\" decoding=\"async\" src=\"https:\/\/thuenengesellschaft.h18566.web142.dogado.net\/wp-content\/uploads\/2021\/08\/web-Ehefrau-Helene-geb-Berlin.jpg\" alt=\"\" class=\"wp-image-1201\" width=\"294\" height=\"400\" srcset=\"https:\/\/www.thuenen.info\/wp-content\/uploads\/2021\/08\/web-Ehefrau-Helene-geb-Berlin.jpg 587w, https:\/\/www.thuenen.info\/wp-content\/uploads\/2021\/08\/web-Ehefrau-Helene-geb-Berlin-220x300.jpg 220w\" sizes=\"auto, (max-width: 294px) 100vw, 294px\" \/><\/figure>\n\n\n\n<p>\u2013&nbsp;\u26ad&nbsp;Liepen bei Neubrandenburg 1806 <strong>Helene Sophie Johanna BERLIN<\/strong> (1785\u20131845), Tochter des Jacob Ernst Friedrich von Berlin (1741\u20131806, Reichsadel 1803), 1784\u201399&nbsp;B\u00fcrgermeister von Friedland (Meckl.), Gutsbesitzer in Liepen und Tellow, mecklenburg-strelitzscher Hofrat, und der Johanna Catharina Magdalena SCHULZ (1751\u201389).<\/p>\n\n\n\n<h4 class=\"wp-block-heading\"><strong>Kinder<\/strong><\/h4>\n\n\n\n<h5 class=\"wp-block-heading\"><strong>3 S\u00f6hne<\/strong><\/h5>\n\n\n\n<figure class=\"wp-block-image size-full is-resized\"><img loading=\"lazy\" decoding=\"async\" src=\"https:\/\/thuenengesellschaft.h18566.web142.dogado.net\/wp-content\/uploads\/2021\/08\/web-Sohn-Edo-Heinrich-von-Thuenen.jpg\" alt=\"Edo Heinrich von Thuenen\" class=\"wp-image-1203\" width=\"300\" height=\"400\" srcset=\"https:\/\/www.thuenen.info\/wp-content\/uploads\/2021\/08\/web-Sohn-Edo-Heinrich-von-Thuenen.jpg 600w, https:\/\/www.thuenen.info\/wp-content\/uploads\/2021\/08\/web-Sohn-Edo-Heinrich-von-Thuenen-225x300.jpg 225w\" sizes=\"auto, (max-width: 300px) 100vw, 300px\" \/><\/figure>\n\n\n\n<p><strong>Edo Heinrich<\/strong> (1808\u201373,&nbsp;\u26ad&nbsp;1] Mathilde Helene SCHROEDER, 1820\u201351, 2] Henriette Amalie Bernhardine Adolfine MANTIUS, 1819\u201367), Jurist, Amtsauditor bzw.-verwalter im Gro\u00dfherzogtum Mecklenburg-Schwerin, 1848\/49 Mitglied der Abgeordnetenversammlung beider Mecklenburg, 1850 Mitglied des Deutschen(Unions-)Parlaments in Erfurt, Gutsherr in Tellow.<\/p>\n\n\n\n<p><strong>Carl Alexander<\/strong> (1814\u201331), Gymnasiast in Parchim.<\/p>\n\n\n\n<p><strong>Friedrich Hermann<\/strong> (1815\u20131900, \u26ad Bertha Magdalene Friederike von BUTTEL, 1829\u20131912, Tochter des Christian Diederich von BUTTEL jun., 1801\u201378, s. o.), studierter Landwirt, Gutsbesitzer in Mecklenburg.<\/p>\n\n\n\n<h5 class=\"wp-block-heading\"><strong>1 Tochter<\/strong><\/h5>\n\n\n\n<p><strong>Helene<\/strong> (1806\u201378, \u26ad Christian Diederich von BUTTEL jun., 1801\u201378, s. o.);<br>Tochter Astra Helene REEPEN (1835-1878); (E) Sohn <em>Alexander<\/em> Christian von BUTTEL (1836\u20131923), Geheimer Oberregierungsrat, Regierungspr\u00e4sident des F\u00fcrstentums L\u00fcbeck (s.&nbsp;Biogr. Hdb.&nbsp;Oldenburg); <em>Christian<\/em> Heinrich von BUTTEL (1837-1866), <em>Minna<\/em> Henriette von BUTTEL (1838-1931), <em>Helene<\/em> Adolfine von BUTTEL (1839-1861).<\/p>\n\n\n\n<p><\/p>\n\n\n\n<p>Empfohlene Zitierweise&nbsp;<\/p>\n\n\n\n<p>Rieter, Heinz, &#8222;Th\u00fcnen, Heinrich&#8220; in: Neue Deutsche Biographie 26 (2016), S. 208-211 [Online-Version]; URL: https:\/\/www.deutsche-biographie.de\/pnd118622366.html#ndbcontent<\/p>\n","protected":false},"excerpt":{"rendered":"<p>Johann Heinrich von Th\u00fcnen Heinz Rieter: \u201eTh\u00fcnen, Heinrich\u201c In: Neue Deutsche Biographie 26 (2016), S. 208-211 Genealogie&nbsp; Vater Edo Christian von TH\u00dcNEN (1760\u201386), Erbp\u00e4chter und seit 1784 Besitzer des Marschhofs Canarienhausen, Sohn des Hans Hinrich von TH\u00dcNEN (1728\u201379) aus Canarienhausen<\/p>\n","protected":false},"author":1,"featured_media":0,"parent":564,"menu_order":3,"comment_status":"closed","ping_status":"closed","template":"","meta":{"footnotes":""},"class_list":["post-646","page","type-page","status-publish","hentry"],"_links":{"self":[{"href":"https:\/\/www.thuenen.info\/index.php?rest_route=\/wp\/v2\/pages\/646","targetHints":{"allow":["GET"]}}],"collection":[{"href":"https:\/\/www.thuenen.info\/index.php?rest_route=\/wp\/v2\/pages"}],"about":[{"href":"https:\/\/www.thuenen.info\/index.php?rest_route=\/wp\/v2\/types\/page"}],"author":[{"embeddable":true,"href":"https:\/\/www.thuenen.info\/index.php?rest_route=\/wp\/v2\/users\/1"}],"replies":[{"embeddable":true,"href":"https:\/\/www.thuenen.info\/index.php?rest_route=%2Fwp%2Fv2%2Fcomments&post=646"}],"version-history":[{"count":8,"href":"https:\/\/www.thuenen.info\/index.php?rest_route=\/wp\/v2\/pages\/646\/revisions"}],"predecessor-version":[{"id":1219,"href":"https:\/\/www.thuenen.info\/index.php?rest_route=\/wp\/v2\/pages\/646\/revisions\/1219"}],"up":[{"embeddable":true,"href":"https:\/\/www.thuenen.info\/index.php?rest_route=\/wp\/v2\/pages\/564"}],"wp:attachment":[{"href":"https:\/\/www.thuenen.info\/index.php?rest_route=%2Fwp%2Fv2%2Fmedia&parent=646"}],"curies":[{"name":"wp","href":"https:\/\/api.w.org\/{rel}","templated":true}]}}