{"id":629,"date":"2021-04-14T11:37:26","date_gmt":"2021-04-14T09:37:26","guid":{"rendered":"https:\/\/thuenengesellschaft.h18566.web142.dogado.net\/?page_id=629"},"modified":"2021-09-14T08:52:50","modified_gmt":"2021-09-14T06:52:50","slug":"vorstellung","status":"publish","type":"page","link":"https:\/\/www.thuenen.info\/?page_id=629","title":{"rendered":"Vorstellung"},"content":{"rendered":"\n<h4 class=\"wp-block-heading\">Gr\u00fcndung<\/h4>\n\n\n\n<p>Die Th\u00fcnengesellschaft e.&nbsp;V wurde im September 1990 in Tellow gegr\u00fcndet. Seither ist sie um die Bewahrung, Aufarbeitung und Verbreitung des wissenschaftlichen Nachlasses Johann Heinrichs von Th\u00fcnens bem\u00fcht. \u00dcber einzelne Projekte der Th\u00fcnengesellschaft e.&nbsp;V. informiert Sie diese Webseite.<\/p>\n\n\n\n<h4 class=\"wp-block-heading\">Ziele<\/h4>\n\n\n\n<p>Neben der Initiierung und Unterst\u00fctzung von Kolloquien f\u00f6rdert die Th\u00fcnengesellschaft e.&nbsp;V. die Ver\u00f6ffentlichung von Arbeiten \u00fcber Th\u00fcnen.<br>Seit 2006 unternimmt das Th\u00fcnen-Jahrbuch den Versuch die verschiedenen Ans\u00e4tze der Besch\u00e4ftigung mit dem Werk Johann Heinrich von Th\u00fcnens zusammenzubringen und eine intensivere Auseinandersetzung mit seinen Ideen anzuregen. Ferner bem\u00fcht sich die Th\u00fcnengesellschaft e.&nbsp;V. um eine st\u00e4rkere Rezeption der Th\u00fcnenschen Modelle zur Raumtheorie und zur L\u00f6sung der sozialen Frage an den Schulen und Universit\u00e4ten.<\/p>\n\n\n\n<h4 class=\"wp-block-heading\">Mitstreiter gesucht!<\/h4>\n\n\n\n<p>Wenn Sie selbst Ideen oder Anregungen haben, teilen Sie uns diese bitte mit; oder treten Sie doch einfach selbst in die Th\u00fcnengesellschaft e.&nbsp;V. ein. Wir freuen uns \u00fcber Ihr Engagement!<\/p>\n","protected":false},"excerpt":{"rendered":"<p>Gr\u00fcndung Die Th\u00fcnengesellschaft e.&nbsp;V wurde im September 1990 in Tellow gegr\u00fcndet. Seither ist sie um die Bewahrung, Aufarbeitung und Verbreitung des wissenschaftlichen Nachlasses Johann Heinrichs von Th\u00fcnens bem\u00fcht. \u00dcber einzelne Projekte der Th\u00fcnengesellschaft e.&nbsp;V. informiert Sie diese Webseite. Ziele Neben<\/p>\n","protected":false},"author":1,"featured_media":0,"parent":19,"menu_order":1,"comment_status":"closed","ping_status":"closed","template":"","meta":{"footnotes":""},"class_list":["post-629","page","type-page","status-publish","hentry"],"_links":{"self":[{"href":"https:\/\/www.thuenen.info\/index.php?rest_route=\/wp\/v2\/pages\/629","targetHints":{"allow":["GET"]}}],"collection":[{"href":"https:\/\/www.thuenen.info\/index.php?rest_route=\/wp\/v2\/pages"}],"about":[{"href":"https:\/\/www.thuenen.info\/index.php?rest_route=\/wp\/v2\/types\/page"}],"author":[{"embeddable":true,"href":"https:\/\/www.thuenen.info\/index.php?rest_route=\/wp\/v2\/users\/1"}],"replies":[{"embeddable":true,"href":"https:\/\/www.thuenen.info\/index.php?rest_route=%2Fwp%2Fv2%2Fcomments&post=629"}],"version-history":[{"count":2,"href":"https:\/\/www.thuenen.info\/index.php?rest_route=\/wp\/v2\/pages\/629\/revisions"}],"predecessor-version":[{"id":1077,"href":"https:\/\/www.thuenen.info\/index.php?rest_route=\/wp\/v2\/pages\/629\/revisions\/1077"}],"up":[{"embeddable":true,"href":"https:\/\/www.thuenen.info\/index.php?rest_route=\/wp\/v2\/pages\/19"}],"wp:attachment":[{"href":"https:\/\/www.thuenen.info\/index.php?rest_route=%2Fwp%2Fv2%2Fmedia&parent=629"}],"curies":[{"name":"wp","href":"https:\/\/api.w.org\/{rel}","templated":true}]}}