{"id":576,"date":"2021-04-09T11:17:34","date_gmt":"2021-04-09T09:17:34","guid":{"rendered":"https:\/\/thuenengesellschaft.h18566.web142.dogado.net\/?page_id=576"},"modified":"2021-09-14T08:54:56","modified_gmt":"2021-09-14T06:54:56","slug":"bibliographie","status":"publish","type":"page","link":"https:\/\/www.thuenen.info\/?page_id=576","title":{"rendered":"Bibliographie"},"content":{"rendered":"\n<p>Eine erste zusammenfassende Bibliographie der Arbeiten Johann Heinrich von Th\u00fcnens erschien 1982 in Vorbereitung des 200. Geburtstages. Die Herausgeber Elfriede Rohde, J\u00fcrgen Seemann und Lutz Werner erg\u00e4nzten das Schriftenverzeichnis zugleich um die bis dato erschienene umfangreiche Sekund\u00e4rliteratur zu Werk und Wirken Th\u00fcnens.<\/p>\n\n\n\n<p>Im Jahr 1999, anl\u00e4sslich des 150. Todestages Th\u00fcnens, gaben Ilona Buchsteiner und Gunther Viereck ein Verzeichnis der Schriften von und \u00fcber Th\u00fcnen heraus, das die Bibliographie von 1982 und den 1984 erschienenen Nachtrag vervollst\u00e4ndigte.<\/p>\n\n\n\n<p>Anl\u00e4sslich des 225. Geburtstages Th\u00fcnens erscheint die Bibliographie nun erstmals digital. Neben der Hoffnung, die Arbeiten von und \u00fcber Johann Heinrich von Th\u00fcnen einer breiteren \u00d6ffentlichkeit zug\u00e4nglich zu machen und eine Besch\u00e4ftigung mit dem Erbe des National\u00f6konomen, Landwirt und Sozialreformer anzuregen, war der Wunsch die Bibliographie m\u00f6glichst auf dem aktuellsten Stand zu halten, ausschlaggebend.<\/p>\n\n\n\n<p>Bitte helfen Sie uns dieses Vorhaben zu realisieren. Nach wie vor bereiteten vor allem die Erschlie\u00dfung und noch mehr der Nachweis von in Zeitschriften ver\u00f6ffentlichten Arbeiten, die nicht \u00fcber den Autor oder Titelstichw\u00f6rter, recherchierbar sind, Probleme der genauen Titelaufnahme. Erg\u00e4nzungen und Hinweise nehmen wir gerne entgegen. Bitte schicken Sie ihre Anregungen an&nbsp;<a href=\"mailto:redaktion@thuenen.de\">redaktion@thuenen.de<\/a><\/p>\n\n\n\n<p><a href=\"?page_id=706\" data-type=\"URL\" data-id=\"?page_id=706\">Schriften<\/a><br><a href=\"?page_id=708\" data-type=\"URL\" data-id=\"?page_id=708\">Literatur<\/a><br><a href=\"?page_id=710\" data-type=\"URL\" data-id=\"?page_id=710\">Nachl\u00e4sse<\/a><\/p>\n","protected":false},"excerpt":{"rendered":"<p>Anl\u00e4sslich des 225. Geburtstages Th\u00fcnens erschien die Bibliographie erstmals digital. <\/p>\n","protected":false},"author":1,"featured_media":1035,"parent":0,"menu_order":0,"comment_status":"closed","ping_status":"closed","template":"","meta":{"footnotes":""},"class_list":["post-576","page","type-page","status-publish","has-post-thumbnail","hentry"],"_links":{"self":[{"href":"https:\/\/www.thuenen.info\/index.php?rest_route=\/wp\/v2\/pages\/576","targetHints":{"allow":["GET"]}}],"collection":[{"href":"https:\/\/www.thuenen.info\/index.php?rest_route=\/wp\/v2\/pages"}],"about":[{"href":"https:\/\/www.thuenen.info\/index.php?rest_route=\/wp\/v2\/types\/page"}],"author":[{"embeddable":true,"href":"https:\/\/www.thuenen.info\/index.php?rest_route=\/wp\/v2\/users\/1"}],"replies":[{"embeddable":true,"href":"https:\/\/www.thuenen.info\/index.php?rest_route=%2Fwp%2Fv2%2Fcomments&post=576"}],"version-history":[{"count":7,"href":"https:\/\/www.thuenen.info\/index.php?rest_route=\/wp\/v2\/pages\/576\/revisions"}],"predecessor-version":[{"id":1893,"href":"https:\/\/www.thuenen.info\/index.php?rest_route=\/wp\/v2\/pages\/576\/revisions\/1893"}],"wp:featuredmedia":[{"embeddable":true,"href":"https:\/\/www.thuenen.info\/index.php?rest_route=\/wp\/v2\/media\/1035"}],"wp:attachment":[{"href":"https:\/\/www.thuenen.info\/index.php?rest_route=%2Fwp%2Fv2%2Fmedia&parent=576"}],"curies":[{"name":"wp","href":"https:\/\/api.w.org\/{rel}","templated":true}]}}