{"id":573,"date":"2021-04-09T11:14:56","date_gmt":"2021-04-09T09:14:56","guid":{"rendered":"https:\/\/thuenengesellschaft.h18566.web142.dogado.net\/?page_id=573"},"modified":"2021-09-14T08:57:12","modified_gmt":"2021-09-14T06:57:12","slug":"archiv","status":"publish","type":"page","link":"https:\/\/www.thuenen.info\/?page_id=573","title":{"rendered":"Digitales Archiv"},"content":{"rendered":"\n<p>Digitales Th\u00fcnen-Archiv<\/p>\n\n\n\n\n\n<span id=\"eeSFL_FileListTop\"><!-- Simple File List - File List Top --><\/span>\n\n<div class=\"eeSFL\" id=\"eeSFL\">\n<script>\n\tvar eeSFL_PluginURL = \"https:\/\/www.thuenen.info\/wp-content\/plugins\/simple-file-list\/\";\n\tvar eeSFL_FileListDir = \"wp-content\/uploads\/simple-file-list\/\";\n\tvar eeSFL_ShowListStyle = \"TABLE\";\n<\/script>\n<table class=\"eeFiles\"><thead><tr><th class=\"eeSFL_Thumbnail\">Typ<\/th><th class=\"eeSFL_FileName\">Name<\/th><th class=\"eeSFL_FileSize\">Gr\u00f6\u00dfe<\/th><\/tr>\n\n\t<\/thead>\n\n<tbody>\n\n\t\t<tr class=\"eeSFL_Item\" id=\"eeSFL_FileID-1\"><td class=\"eeSFL_Thumbnail\"><a href=\"https:\/\/www.thuenen.info\/wp-content\/uploads\/simple-file-list\/F_I_06_transcription.pdf\"><img loading=\"lazy\" decoding=\"async\" src=\"https:\/\/www.thuenen.info\/wp-content\/uploads\/simple-file-list\/.\/.thumbnails\/thumb_F_I_06_transcription.jpg\" width=\"64\" height=\"64\" alt=\"Thumb\" \/><\/a><\/td><td class=\"eeSFL_FileName\">\n\n\t\t\t<span class=\"eeSFL_RealFileName eeHide\">F_I_06_transcription.pdf<\/span>\n\t\t\t<span class=\"eeSFL_FileNiceName eeHide\"><\/span>\n\t\t\t<span class=\"eeSFL_FileMimeType eeHide\">application\/pdf<\/span>\n\n\t\t\t<p class=\"eeSFL_FileLink\"><a class=\"eeSFL_FileName\" href=\"https:\/\/www.thuenen.info\/wp-content\/uploads\/simple-file-list\/F_I_06_transcription.pdf\" target=\"_blank\">F_I_06_transcription.pdf<\/a><\/p><p class=\"eeSFL_FileDesc \">Manuskript zu Th\u00fcnens gedruckten Werken. 6. Manuskript zu Is. St. II, 2, 224ff. Reflexionen \u00fcber die gegenw\u00e4rtige Zeit in Berechnung auf die Wohlfeilheit des Getreides. Manuskript zu Is. St. II, 2, 224 ff.<\/p>\n\n\t\t<small class=\"eeSFL_ListFileActions\">\n\t\t\t\t<a class=\"eeSFL_FileOpen\" href=\"https:\/\/www.thuenen.info\/wp-content\/uploads\/simple-file-list\/F_I_06_transcription.pdf\" target=\"_blank\">\u00d6ffnen<\/a>\n\t\t\t<a class=\"eeSFL_FileDownload\" href=\"https:\/\/www.thuenen.info\/wp-content\/uploads\/simple-file-list\/F_I_06_transcription.pdf\" download=\"F_I_06_transcription.pdf\">Download<\/a>\n\t\t\t<a class=\"eeSFL_CopyLinkToClipboard\" onclick=\"eeSFL_CopyLinkToClipboard('https:\/\/www.thuenen.info\/wp-content\/uploads\/simple-file-list\/F_I_06_transcription.pdf')\" href=\"#\">Link kopieren<\/a>\n\n\t\t<\/small>\n\n\t\t<span class=\"eeHide eeSFL_FileSize\">91.39 KB<\/span>\n\t\t<span class=\"eeHide eeSFL_FileDateAdded\"><\/span>\n\t\t<span class=\"eeHide eeSFL_FileDateChanged\">22. Februar 2021<\/span><\/td><td class=\"eeSFL_FileSize\">91.39 KB<\/td><\/tr>\n\n\t\t<tr class=\"eeSFL_Item\" id=\"eeSFL_FileID-3\"><td class=\"eeSFL_Thumbnail\"><a href=\"https:\/\/www.thuenen.info\/wp-content\/uploads\/simple-file-list\/F_I_05_transcription.pdf\"><img loading=\"lazy\" decoding=\"async\" src=\"https:\/\/www.thuenen.info\/wp-content\/uploads\/simple-file-list\/.\/.thumbnails\/thumb_F_I_05_transcription.jpg\" width=\"64\" height=\"64\" alt=\"Thumb\" \/><\/a><\/td><td class=\"eeSFL_FileName\">\n\n\t\t\t<span class=\"eeSFL_RealFileName eeHide\">F_I_05_transcription.pdf<\/span>\n\t\t\t<span class=\"eeSFL_FileNiceName eeHide\"><\/span>\n\t\t\t<span class=\"eeSFL_FileMimeType eeHide\">application\/pdf<\/span>\n\n\t\t\t<p class=\"eeSFL_FileLink\"><a class=\"eeSFL_FileName\" href=\"https:\/\/www.thuenen.info\/wp-content\/uploads\/simple-file-list\/F_I_05_transcription.pdf\" target=\"_blank\">F_I_05_transcription.pdf<\/a><\/p><p class=\"eeSFL_FileDesc \">Manuskripte zu Th\u00fcnens gedruckten Werken. 5. Manuskript zu Is. St. II, 2, 24-35 u. 35-44<\/p>\n\n\t\t<small class=\"eeSFL_ListFileActions\">\n\t\t\t\t<a class=\"eeSFL_FileOpen\" href=\"https:\/\/www.thuenen.info\/wp-content\/uploads\/simple-file-list\/F_I_05_transcription.pdf\" target=\"_blank\">\u00d6ffnen<\/a>\n\t\t\t<a class=\"eeSFL_FileDownload\" href=\"https:\/\/www.thuenen.info\/wp-content\/uploads\/simple-file-list\/F_I_05_transcription.pdf\" download=\"F_I_05_transcription.pdf\">Download<\/a>\n\t\t\t<a class=\"eeSFL_CopyLinkToClipboard\" onclick=\"eeSFL_CopyLinkToClipboard('https:\/\/www.thuenen.info\/wp-content\/uploads\/simple-file-list\/F_I_05_transcription.pdf')\" href=\"#\">Link kopieren<\/a>\n\n\t\t<\/small>\n\n\t\t<span class=\"eeHide eeSFL_FileSize\">106.89 KB<\/span>\n\t\t<span class=\"eeHide eeSFL_FileDateAdded\"><\/span>\n\t\t<span class=\"eeHide eeSFL_FileDateChanged\">22. Februar 2021<\/span><\/td><td class=\"eeSFL_FileSize\">106.89 KB<\/td><\/tr>\n\n\t\t<tr class=\"eeSFL_Item\" id=\"eeSFL_FileID-5\"><td class=\"eeSFL_Thumbnail\"><a href=\"https:\/\/www.thuenen.info\/wp-content\/uploads\/simple-file-list\/F_I_03_transcription.pdf\"><img loading=\"lazy\" decoding=\"async\" src=\"https:\/\/www.thuenen.info\/wp-content\/uploads\/simple-file-list\/.\/.thumbnails\/thumb_F_I_03_transcription.jpg\" width=\"64\" height=\"64\" alt=\"Thumb\" \/><\/a><\/td><td class=\"eeSFL_FileName\">\n\n\t\t\t<span class=\"eeSFL_RealFileName eeHide\">F_I_03_transcription.pdf<\/span>\n\t\t\t<span class=\"eeSFL_FileNiceName eeHide\"><\/span>\n\t\t\t<span class=\"eeSFL_FileMimeType eeHide\">application\/pdf<\/span>\n\n\t\t\t<p class=\"eeSFL_FileLink\"><a class=\"eeSFL_FileName\" href=\"https:\/\/www.thuenen.info\/wp-content\/uploads\/simple-file-list\/F_I_03_transcription.pdf\" target=\"_blank\">F_I_03_transcription.pdf<\/a><\/p><p class=\"eeSFL_FileDesc \">Manuskripte zu Th\u00fcnens gedruckten Werken 3. Manuskript zu Is. St. II, 2, 1-14.<\/p>\n\n\t\t<small class=\"eeSFL_ListFileActions\">\n\t\t\t\t<a class=\"eeSFL_FileOpen\" href=\"https:\/\/www.thuenen.info\/wp-content\/uploads\/simple-file-list\/F_I_03_transcription.pdf\" target=\"_blank\">\u00d6ffnen<\/a>\n\t\t\t<a class=\"eeSFL_FileDownload\" href=\"https:\/\/www.thuenen.info\/wp-content\/uploads\/simple-file-list\/F_I_03_transcription.pdf\" download=\"F_I_03_transcription.pdf\">Download<\/a>\n\t\t\t<a class=\"eeSFL_CopyLinkToClipboard\" onclick=\"eeSFL_CopyLinkToClipboard('https:\/\/www.thuenen.info\/wp-content\/uploads\/simple-file-list\/F_I_03_transcription.pdf')\" href=\"#\">Link kopieren<\/a>\n\n\t\t<\/small>\n\n\t\t<span class=\"eeHide eeSFL_FileSize\">67.59 KB<\/span>\n\t\t<span class=\"eeHide eeSFL_FileDateAdded\"><\/span>\n\t\t<span class=\"eeHide eeSFL_FileDateChanged\">22. Februar 2021<\/span><\/td><td class=\"eeSFL_FileSize\">67.59 KB<\/td><\/tr>\n\n\t\t<tr class=\"eeSFL_Item\" id=\"eeSFL_FileID-7\"><td class=\"eeSFL_Thumbnail\"><a href=\"https:\/\/www.thuenen.info\/wp-content\/uploads\/simple-file-list\/E_XVI_06_transcription.pdf\"><img loading=\"lazy\" decoding=\"async\" src=\"https:\/\/www.thuenen.info\/wp-content\/uploads\/simple-file-list\/.\/.thumbnails\/thumb_E_XVI_06_transcription.jpg\" width=\"64\" height=\"64\" alt=\"Thumb\" \/><\/a><\/td><td class=\"eeSFL_FileName\">\n\n\t\t\t<span class=\"eeSFL_RealFileName eeHide\">E_XVI_06_transcription.pdf<\/span>\n\t\t\t<span class=\"eeSFL_FileNiceName eeHide\"><\/span>\n\t\t\t<span class=\"eeSFL_FileMimeType eeHide\">application\/pdf<\/span>\n\n\t\t\t<p class=\"eeSFL_FileLink\"><a class=\"eeSFL_FileName\" href=\"https:\/\/www.thuenen.info\/wp-content\/uploads\/simple-file-list\/E_XVI_06_transcription.pdf\" target=\"_blank\">E_XVI_06_transcription.pdf<\/a><\/p><p class=\"eeSFL_FileDesc \">Entw\u00fcrfe zum Isolierten Staat I. 6. \u00dcber die mittlere Entfernung des Ackers vom Hofe.<\/p>\n\n\t\t<small class=\"eeSFL_ListFileActions\">\n\t\t\t\t<a class=\"eeSFL_FileOpen\" href=\"https:\/\/www.thuenen.info\/wp-content\/uploads\/simple-file-list\/E_XVI_06_transcription.pdf\" target=\"_blank\">\u00d6ffnen<\/a>\n\t\t\t<a class=\"eeSFL_FileDownload\" href=\"https:\/\/www.thuenen.info\/wp-content\/uploads\/simple-file-list\/E_XVI_06_transcription.pdf\" download=\"E_XVI_06_transcription.pdf\">Download<\/a>\n\t\t\t<a class=\"eeSFL_CopyLinkToClipboard\" onclick=\"eeSFL_CopyLinkToClipboard('https:\/\/www.thuenen.info\/wp-content\/uploads\/simple-file-list\/E_XVI_06_transcription.pdf')\" href=\"#\">Link kopieren<\/a>\n\n\t\t<\/small>\n\n\t\t<span class=\"eeHide eeSFL_FileSize\">3.3 MB<\/span>\n\t\t<span class=\"eeHide eeSFL_FileDateAdded\"><\/span>\n\t\t<span class=\"eeHide eeSFL_FileDateChanged\">22. Februar 2021<\/span><\/td><td class=\"eeSFL_FileSize\">3.3 MB<\/td><\/tr>\n\n\t\t<tr class=\"eeSFL_Item\" id=\"eeSFL_FileID-9\"><td class=\"eeSFL_Thumbnail\"><a href=\"https:\/\/www.thuenen.info\/wp-content\/uploads\/simple-file-list\/E_XVI_05_transcription.pdf\"><img loading=\"lazy\" decoding=\"async\" src=\"https:\/\/www.thuenen.info\/wp-content\/uploads\/simple-file-list\/.\/.thumbnails\/thumb_E_XVI_05_transcription.jpg\" width=\"64\" height=\"64\" alt=\"Thumb\" \/><\/a><\/td><td class=\"eeSFL_FileName\">\n\n\t\t\t<span class=\"eeSFL_RealFileName eeHide\">E_XVI_05_transcription.pdf<\/span>\n\t\t\t<span class=\"eeSFL_FileNiceName eeHide\"><\/span>\n\t\t\t<span class=\"eeSFL_FileMimeType eeHide\">application\/pdf<\/span>\n\n\t\t\t<p class=\"eeSFL_FileLink\"><a class=\"eeSFL_FileName\" href=\"https:\/\/www.thuenen.info\/wp-content\/uploads\/simple-file-list\/E_XVI_05_transcription.pdf\" target=\"_blank\">E_XVI_05_transcription.pdf<\/a><\/p><p class=\"eeSFL_FileDesc \">Entw\u00fcrfe zum Isolierten Staat I 5. Resultate einer Vergleichung der belgischen und der Mecklenburgischen Wirtschaft. Entwurf zu Is. St. I. S. 137 ff.<\/p>\n\n\t\t<small class=\"eeSFL_ListFileActions\">\n\t\t\t\t<a class=\"eeSFL_FileOpen\" href=\"https:\/\/www.thuenen.info\/wp-content\/uploads\/simple-file-list\/E_XVI_05_transcription.pdf\" target=\"_blank\">\u00d6ffnen<\/a>\n\t\t\t<a class=\"eeSFL_FileDownload\" href=\"https:\/\/www.thuenen.info\/wp-content\/uploads\/simple-file-list\/E_XVI_05_transcription.pdf\" download=\"E_XVI_05_transcription.pdf\">Download<\/a>\n\t\t\t<a class=\"eeSFL_CopyLinkToClipboard\" onclick=\"eeSFL_CopyLinkToClipboard('https:\/\/www.thuenen.info\/wp-content\/uploads\/simple-file-list\/E_XVI_05_transcription.pdf')\" href=\"#\">Link kopieren<\/a>\n\n\t\t<\/small>\n\n\t\t<span class=\"eeHide eeSFL_FileSize\">76.77 KB<\/span>\n\t\t<span class=\"eeHide eeSFL_FileDateAdded\"><\/span>\n\t\t<span class=\"eeHide eeSFL_FileDateChanged\">22. Februar 2021<\/span><\/td><td class=\"eeSFL_FileSize\">76.77 KB<\/td><\/tr>\n\n\t\t<tr class=\"eeSFL_Item\" id=\"eeSFL_FileID-11\"><td class=\"eeSFL_Thumbnail\"><a href=\"https:\/\/www.thuenen.info\/wp-content\/uploads\/simple-file-list\/E_XVI_04_transcription.pdf\"><img loading=\"lazy\" decoding=\"async\" src=\"https:\/\/www.thuenen.info\/wp-content\/uploads\/simple-file-list\/.\/.thumbnails\/thumb_E_XVI_04_transcription.jpg\" width=\"64\" height=\"64\" alt=\"Thumb\" \/><\/a><\/td><td class=\"eeSFL_FileName\">\n\n\t\t\t<span class=\"eeSFL_RealFileName eeHide\">E_XVI_04_transcription.pdf<\/span>\n\t\t\t<span class=\"eeSFL_FileNiceName eeHide\"><\/span>\n\t\t\t<span class=\"eeSFL_FileMimeType eeHide\">application\/pdf<\/span>\n\n\t\t\t<p class=\"eeSFL_FileLink\"><a class=\"eeSFL_FileName\" href=\"https:\/\/www.thuenen.info\/wp-content\/uploads\/simple-file-list\/E_XVI_04_transcription.pdf\" target=\"_blank\">E_XVI_04_transcription.pdf<\/a><\/p><p class=\"eeSFL_FileDesc \">Entw\u00fcrfe zum Isolierten Staat I 4. Die Belgische Landwirtschaft verglichen mit der Mecklenburgischen. Entwurf zu Is. St. I. S. 137 ff.<\/p>\n\n\t\t<small class=\"eeSFL_ListFileActions\">\n\t\t\t\t<a class=\"eeSFL_FileOpen\" href=\"https:\/\/www.thuenen.info\/wp-content\/uploads\/simple-file-list\/E_XVI_04_transcription.pdf\" target=\"_blank\">\u00d6ffnen<\/a>\n\t\t\t<a class=\"eeSFL_FileDownload\" href=\"https:\/\/www.thuenen.info\/wp-content\/uploads\/simple-file-list\/E_XVI_04_transcription.pdf\" download=\"E_XVI_04_transcription.pdf\">Download<\/a>\n\t\t\t<a class=\"eeSFL_CopyLinkToClipboard\" onclick=\"eeSFL_CopyLinkToClipboard('https:\/\/www.thuenen.info\/wp-content\/uploads\/simple-file-list\/E_XVI_04_transcription.pdf')\" href=\"#\">Link kopieren<\/a>\n\n\t\t<\/small>\n\n\t\t<span class=\"eeHide eeSFL_FileSize\">356.4 KB<\/span>\n\t\t<span class=\"eeHide eeSFL_FileDateAdded\"><\/span>\n\t\t<span class=\"eeHide eeSFL_FileDateChanged\">22. Februar 2021<\/span><\/td><td class=\"eeSFL_FileSize\">356.4 KB<\/td><\/tr>\n\n\t\t<tr class=\"eeSFL_Item\" id=\"eeSFL_FileID-13\"><td class=\"eeSFL_Thumbnail\"><a href=\"https:\/\/www.thuenen.info\/wp-content\/uploads\/simple-file-list\/E_XVI_03_transcription.pdf\"><img loading=\"lazy\" decoding=\"async\" src=\"https:\/\/www.thuenen.info\/wp-content\/uploads\/simple-file-list\/.\/.thumbnails\/thumb_E_XVI_03_transcription.jpg\" width=\"64\" height=\"64\" alt=\"Thumb\" \/><\/a><\/td><td class=\"eeSFL_FileName\">\n\n\t\t\t<span class=\"eeSFL_RealFileName eeHide\">E_XVI_03_transcription.pdf<\/span>\n\t\t\t<span class=\"eeSFL_FileNiceName eeHide\"><\/span>\n\t\t\t<span class=\"eeSFL_FileMimeType eeHide\">application\/pdf<\/span>\n\n\t\t\t<p class=\"eeSFL_FileLink\"><a class=\"eeSFL_FileName\" href=\"https:\/\/www.thuenen.info\/wp-content\/uploads\/simple-file-list\/E_XVI_03_transcription.pdf\" target=\"_blank\">E_XVI_03_transcription.pdf<\/a><\/p><p class=\"eeSFL_FileDesc \">Entw\u00fcrfe zum Isolierten Staat I 3. Notiz \u00fcber die 6 Kreise des isolierten Staates.<\/p>\n\n\t\t<small class=\"eeSFL_ListFileActions\">\n\t\t\t\t<a class=\"eeSFL_FileOpen\" href=\"https:\/\/www.thuenen.info\/wp-content\/uploads\/simple-file-list\/E_XVI_03_transcription.pdf\" target=\"_blank\">\u00d6ffnen<\/a>\n\t\t\t<a class=\"eeSFL_FileDownload\" href=\"https:\/\/www.thuenen.info\/wp-content\/uploads\/simple-file-list\/E_XVI_03_transcription.pdf\" download=\"E_XVI_03_transcription.pdf\">Download<\/a>\n\t\t\t<a class=\"eeSFL_CopyLinkToClipboard\" onclick=\"eeSFL_CopyLinkToClipboard('https:\/\/www.thuenen.info\/wp-content\/uploads\/simple-file-list\/E_XVI_03_transcription.pdf')\" href=\"#\">Link kopieren<\/a>\n\n\t\t<\/small>\n\n\t\t<span class=\"eeHide eeSFL_FileSize\">22.75 KB<\/span>\n\t\t<span class=\"eeHide eeSFL_FileDateAdded\"><\/span>\n\t\t<span class=\"eeHide eeSFL_FileDateChanged\">22. Februar 2021<\/span><\/td><td class=\"eeSFL_FileSize\">22.75 KB<\/td><\/tr>\n\n\t\t<tr class=\"eeSFL_Item\" id=\"eeSFL_FileID-15\"><td class=\"eeSFL_Thumbnail\"><a href=\"https:\/\/www.thuenen.info\/wp-content\/uploads\/simple-file-list\/E_XVI_02_transcription.pdf\"><img loading=\"lazy\" decoding=\"async\" src=\"https:\/\/www.thuenen.info\/wp-content\/uploads\/simple-file-list\/.\/.thumbnails\/thumb_E_XVI_02_transcription.jpg\" width=\"64\" height=\"64\" alt=\"Thumb\" \/><\/a><\/td><td class=\"eeSFL_FileName\">\n\n\t\t\t<span class=\"eeSFL_RealFileName eeHide\">E_XVI_02_transcription.pdf<\/span>\n\t\t\t<span class=\"eeSFL_FileNiceName eeHide\"><\/span>\n\t\t\t<span class=\"eeSFL_FileMimeType eeHide\">application\/pdf<\/span>\n\n\t\t\t<p class=\"eeSFL_FileLink\"><a class=\"eeSFL_FileName\" href=\"https:\/\/www.thuenen.info\/wp-content\/uploads\/simple-file-list\/E_XVI_02_transcription.pdf\" target=\"_blank\">E_XVI_02_transcription.pdf<\/a><\/p><p class=\"eeSFL_FileDesc \">Entw\u00fcrfe zum Isolierten Staat 2. Der isolierte Staat. Erster Entwurf.<\/p>\n\n\t\t<small class=\"eeSFL_ListFileActions\">\n\t\t\t\t<a class=\"eeSFL_FileOpen\" href=\"https:\/\/www.thuenen.info\/wp-content\/uploads\/simple-file-list\/E_XVI_02_transcription.pdf\" target=\"_blank\">\u00d6ffnen<\/a>\n\t\t\t<a class=\"eeSFL_FileDownload\" href=\"https:\/\/www.thuenen.info\/wp-content\/uploads\/simple-file-list\/E_XVI_02_transcription.pdf\" download=\"E_XVI_02_transcription.pdf\">Download<\/a>\n\t\t\t<a class=\"eeSFL_CopyLinkToClipboard\" onclick=\"eeSFL_CopyLinkToClipboard('https:\/\/www.thuenen.info\/wp-content\/uploads\/simple-file-list\/E_XVI_02_transcription.pdf')\" href=\"#\">Link kopieren<\/a>\n\n\t\t<\/small>\n\n\t\t<span class=\"eeHide eeSFL_FileSize\">576.91 KB<\/span>\n\t\t<span class=\"eeHide eeSFL_FileDateAdded\"><\/span>\n\t\t<span class=\"eeHide eeSFL_FileDateChanged\">22. Februar 2021<\/span><\/td><td class=\"eeSFL_FileSize\">576.91 KB<\/td><\/tr>\n\n\t\t<tr class=\"eeSFL_Item\" id=\"eeSFL_FileID-17\"><td class=\"eeSFL_Thumbnail\"><a href=\"https:\/\/www.thuenen.info\/wp-content\/uploads\/simple-file-list\/E_XVI_01_transcription.pdf\"><img loading=\"lazy\" decoding=\"async\" src=\"https:\/\/www.thuenen.info\/wp-content\/uploads\/simple-file-list\/.\/.thumbnails\/thumb_E_XVI_01_transcription.jpg\" width=\"64\" height=\"64\" alt=\"Thumb\" \/><\/a><\/td><td class=\"eeSFL_FileName\">\n\n\t\t\t<span class=\"eeSFL_RealFileName eeHide\">E_XVI_01_transcription.pdf<\/span>\n\t\t\t<span class=\"eeSFL_FileNiceName eeHide\"><\/span>\n\t\t\t<span class=\"eeSFL_FileMimeType eeHide\">application\/pdf<\/span>\n\n\t\t\t<p class=\"eeSFL_FileLink\"><a class=\"eeSFL_FileName\" href=\"https:\/\/www.thuenen.info\/wp-content\/uploads\/simple-file-list\/E_XVI_01_transcription.pdf\" target=\"_blank\">E_XVI_01_transcription.pdf<\/a><\/p><p class=\"eeSFL_FileDesc \">Entw\u00fcrfe zum Isolierten Staat I 1. Verschiedene Materialien zum Isolierten Staat I.<\/p>\n\n\t\t<small class=\"eeSFL_ListFileActions\">\n\t\t\t\t<a class=\"eeSFL_FileOpen\" href=\"https:\/\/www.thuenen.info\/wp-content\/uploads\/simple-file-list\/E_XVI_01_transcription.pdf\" target=\"_blank\">\u00d6ffnen<\/a>\n\t\t\t<a class=\"eeSFL_FileDownload\" href=\"https:\/\/www.thuenen.info\/wp-content\/uploads\/simple-file-list\/E_XVI_01_transcription.pdf\" download=\"E_XVI_01_transcription.pdf\">Download<\/a>\n\t\t\t<a class=\"eeSFL_CopyLinkToClipboard\" onclick=\"eeSFL_CopyLinkToClipboard('https:\/\/www.thuenen.info\/wp-content\/uploads\/simple-file-list\/E_XVI_01_transcription.pdf')\" href=\"#\">Link kopieren<\/a>\n\n\t\t<\/small>\n\n\t\t<span class=\"eeHide eeSFL_FileSize\">1.48 MB<\/span>\n\t\t<span class=\"eeHide eeSFL_FileDateAdded\"><\/span>\n\t\t<span class=\"eeHide eeSFL_FileDateChanged\">22. Februar 2021<\/span><\/td><td class=\"eeSFL_FileSize\">1.48 MB<\/td><\/tr>\n\n\t\t<tr class=\"eeSFL_Item\" id=\"eeSFL_FileID-19\"><td class=\"eeSFL_Thumbnail\"><a href=\"https:\/\/www.thuenen.info\/wp-content\/uploads\/simple-file-list\/E_XVII_03_transcription.pdf\"><img loading=\"lazy\" decoding=\"async\" src=\"https:\/\/www.thuenen.info\/wp-content\/uploads\/simple-file-list\/.\/.thumbnails\/thumb_E_XVII_03_transcription.jpg\" width=\"64\" height=\"64\" alt=\"Thumb\" \/><\/a><\/td><td class=\"eeSFL_FileName\">\n\n\t\t\t<span class=\"eeSFL_RealFileName eeHide\">E_XVII_03_transcription.pdf<\/span>\n\t\t\t<span class=\"eeSFL_FileNiceName eeHide\"><\/span>\n\t\t\t<span class=\"eeSFL_FileMimeType eeHide\">application\/pdf<\/span>\n\n\t\t\t<p class=\"eeSFL_FileLink\"><a class=\"eeSFL_FileName\" href=\"https:\/\/www.thuenen.info\/wp-content\/uploads\/simple-file-list\/E_XVII_03_transcription.pdf\" target=\"_blank\">E_XVII_03_transcription.pdf<\/a><\/p><p class=\"eeSFL_FileDesc \">Entw\u00fcrfe zum Isolierten Staat II 3. Untersuchungen \u00fcber das Verh\u00e4ltnis zwischen Arbeitslohn und Zinsfu\u00df. 2. Heft, enthaltend die Aufs\u00e4tze seit dem Jahre 1830.<\/p>\n\n\t\t<small class=\"eeSFL_ListFileActions\">\n\t\t\t\t<a class=\"eeSFL_FileOpen\" href=\"https:\/\/www.thuenen.info\/wp-content\/uploads\/simple-file-list\/E_XVII_03_transcription.pdf\" target=\"_blank\">\u00d6ffnen<\/a>\n\t\t\t<a class=\"eeSFL_FileDownload\" href=\"https:\/\/www.thuenen.info\/wp-content\/uploads\/simple-file-list\/E_XVII_03_transcription.pdf\" download=\"E_XVII_03_transcription.pdf\">Download<\/a>\n\t\t\t<a class=\"eeSFL_CopyLinkToClipboard\" onclick=\"eeSFL_CopyLinkToClipboard('https:\/\/www.thuenen.info\/wp-content\/uploads\/simple-file-list\/E_XVII_03_transcription.pdf')\" href=\"#\">Link kopieren<\/a>\n\n\t\t<\/small>\n\n\t\t<span class=\"eeHide eeSFL_FileSize\">551.38 KB<\/span>\n\t\t<span class=\"eeHide eeSFL_FileDateAdded\"><\/span>\n\t\t<span class=\"eeHide eeSFL_FileDateChanged\">22. Februar 2021<\/span><\/td><td class=\"eeSFL_FileSize\">551.38 KB<\/td><\/tr>\n\n\t\t<tr class=\"eeSFL_Item\" id=\"eeSFL_FileID-21\"><td class=\"eeSFL_Thumbnail\"><a href=\"https:\/\/www.thuenen.info\/wp-content\/uploads\/simple-file-list\/E_XVII_02_transcription.pdf\"><img loading=\"lazy\" decoding=\"async\" src=\"https:\/\/www.thuenen.info\/wp-content\/uploads\/simple-file-list\/.\/.thumbnails\/thumb_E_XVII_02_transcription.jpg\" width=\"64\" height=\"64\" alt=\"Thumb\" \/><\/a><\/td><td class=\"eeSFL_FileName\">\n\n\t\t\t<span class=\"eeSFL_RealFileName eeHide\">E_XVII_02_transcription.pdf<\/span>\n\t\t\t<span class=\"eeSFL_FileNiceName eeHide\"><\/span>\n\t\t\t<span class=\"eeSFL_FileMimeType eeHide\">application\/pdf<\/span>\n\n\t\t\t<p class=\"eeSFL_FileLink\"><a class=\"eeSFL_FileName\" href=\"https:\/\/www.thuenen.info\/wp-content\/uploads\/simple-file-list\/E_XVII_02_transcription.pdf\" target=\"_blank\">E_XVII_02_transcription.pdf<\/a><\/p><p class=\"eeSFL_FileDesc \">Entw\u00fcrfe zum Isolierten Staat II 2. Materialien zum Is. St. II. Ein gebundenes Buch, enth\u00e4lt 4 Aufs\u00e4tze.<\/p>\n\n\t\t<small class=\"eeSFL_ListFileActions\">\n\t\t\t\t<a class=\"eeSFL_FileOpen\" href=\"https:\/\/www.thuenen.info\/wp-content\/uploads\/simple-file-list\/E_XVII_02_transcription.pdf\" target=\"_blank\">\u00d6ffnen<\/a>\n\t\t\t<a class=\"eeSFL_FileDownload\" href=\"https:\/\/www.thuenen.info\/wp-content\/uploads\/simple-file-list\/E_XVII_02_transcription.pdf\" download=\"E_XVII_02_transcription.pdf\">Download<\/a>\n\t\t\t<a class=\"eeSFL_CopyLinkToClipboard\" onclick=\"eeSFL_CopyLinkToClipboard('https:\/\/www.thuenen.info\/wp-content\/uploads\/simple-file-list\/E_XVII_02_transcription.pdf')\" href=\"#\">Link kopieren<\/a>\n\n\t\t<\/small>\n\n\t\t<span class=\"eeHide eeSFL_FileSize\">1.1 MB<\/span>\n\t\t<span class=\"eeHide eeSFL_FileDateAdded\"><\/span>\n\t\t<span class=\"eeHide eeSFL_FileDateChanged\">22. Februar 2021<\/span><\/td><td class=\"eeSFL_FileSize\">1.1 MB<\/td><\/tr>\n\n<\/tbody>\n\n<\/table>\n\n<p class=\"eeHide\"><span id=\"eeSFL_FilesCount\">11<\/span><\/p>\n\n<\/div><!-- END .eeSFL -->\n\n\n\n<p><\/p>\n","protected":false},"excerpt":{"rendered":"<p>Original-Manuskripte und Transkriptionen von Th\u00fcnens Werken.<\/p>\n","protected":false},"author":1,"featured_media":1037,"parent":0,"menu_order":0,"comment_status":"closed","ping_status":"closed","template":"","meta":{"footnotes":""},"class_list":["post-573","page","type-page","status-publish","has-post-thumbnail","hentry"],"_links":{"self":[{"href":"https:\/\/www.thuenen.info\/index.php?rest_route=\/wp\/v2\/pages\/573","targetHints":{"allow":["GET"]}}],"collection":[{"href":"https:\/\/www.thuenen.info\/index.php?rest_route=\/wp\/v2\/pages"}],"about":[{"href":"https:\/\/www.thuenen.info\/index.php?rest_route=\/wp\/v2\/types\/page"}],"author":[{"embeddable":true,"href":"https:\/\/www.thuenen.info\/index.php?rest_route=\/wp\/v2\/users\/1"}],"replies":[{"embeddable":true,"href":"https:\/\/www.thuenen.info\/index.php?rest_route=%2Fwp%2Fv2%2Fcomments&post=573"}],"version-history":[{"count":7,"href":"https:\/\/www.thuenen.info\/index.php?rest_route=\/wp\/v2\/pages\/573\/revisions"}],"predecessor-version":[{"id":1123,"href":"https:\/\/www.thuenen.info\/index.php?rest_route=\/wp\/v2\/pages\/573\/revisions\/1123"}],"wp:featuredmedia":[{"embeddable":true,"href":"https:\/\/www.thuenen.info\/index.php?rest_route=\/wp\/v2\/media\/1037"}],"wp:attachment":[{"href":"https:\/\/www.thuenen.info\/index.php?rest_route=%2Fwp%2Fv2%2Fmedia&parent=573"}],"curies":[{"name":"wp","href":"https:\/\/api.w.org\/{rel}","templated":true}]}}