{"id":567,"date":"2021-04-09T11:12:19","date_gmt":"2021-04-09T09:12:19","guid":{"rendered":"https:\/\/thuenengesellschaft.h18566.web142.dogado.net\/?page_id=567"},"modified":"2021-09-14T09:27:01","modified_gmt":"2021-09-14T07:27:01","slug":"forschung","status":"publish","type":"page","link":"https:\/\/www.thuenen.info\/?page_id=567","title":{"rendered":"Forschung"},"content":{"rendered":"\n<p><strong><a>Es<\/a><\/strong>&nbsp;gibt eine Reihe von M\u00f6glichkeiten, sich mit Leben und Werk Johann Heinrich von Th\u00fcnen zu besch\u00e4ftigen. Der \u201eIsolierte Staat\u201c und das von ihm darin entwickelte Modell der Th\u00fcnenschen Kreise werden als wichtige Impulsgeber f\u00fcr eine Reihe von Wissenschaftsgebieten angesehen. Nat\u00fcrlich gibt es auch eine Reihe von Defiziten. Immer noch hemmt die fehlende Gesamtausgabe der Th\u00fcnenschen Werke die Forschung. Das gilt nicht nur f\u00fcr die Wirtschaftswissenschaften, sondern f\u00fcr alle Bereiche der Th\u00fcnenforschung. In diese Richtung geht auch die Forderung, den gedruckten Werken Th\u00fcnens die im Th\u00fcnen-Archiv befindlichen Entw\u00fcrfe gegen\u00fcberzustellen, was bislang noch nicht geschah. Genauso ist es notwendig, den zweiten Abschnitt des zweiten Teils und den dritten Teil des \u201eIsolierten Staates\u201c ins Englische zu \u00fcbersetzen. Mit Sicherheit w\u00fcrde dies der Forschung eine Reihe von neuen Impulsen geben.<\/p>\n","protected":false},"excerpt":{"rendered":"<p>Der \u201eIsolierte Staat\u201c und das von ihm darin entwickelte Modell der Th\u00fcnenschen Kreise werden als wichtige Impulsgeber f\u00fcr eine Reihe von Wissenschaftsgebieten angesehen.<\/p>\n","protected":false},"author":1,"featured_media":1036,"parent":0,"menu_order":0,"comment_status":"closed","ping_status":"closed","template":"","meta":{"footnotes":""},"class_list":["post-567","page","type-page","status-publish","has-post-thumbnail","hentry"],"_links":{"self":[{"href":"https:\/\/www.thuenen.info\/index.php?rest_route=\/wp\/v2\/pages\/567","targetHints":{"allow":["GET"]}}],"collection":[{"href":"https:\/\/www.thuenen.info\/index.php?rest_route=\/wp\/v2\/pages"}],"about":[{"href":"https:\/\/www.thuenen.info\/index.php?rest_route=\/wp\/v2\/types\/page"}],"author":[{"embeddable":true,"href":"https:\/\/www.thuenen.info\/index.php?rest_route=\/wp\/v2\/users\/1"}],"replies":[{"embeddable":true,"href":"https:\/\/www.thuenen.info\/index.php?rest_route=%2Fwp%2Fv2%2Fcomments&post=567"}],"version-history":[{"count":6,"href":"https:\/\/www.thuenen.info\/index.php?rest_route=\/wp\/v2\/pages\/567\/revisions"}],"predecessor-version":[{"id":1142,"href":"https:\/\/www.thuenen.info\/index.php?rest_route=\/wp\/v2\/pages\/567\/revisions\/1142"}],"wp:featuredmedia":[{"embeddable":true,"href":"https:\/\/www.thuenen.info\/index.php?rest_route=\/wp\/v2\/media\/1036"}],"wp:attachment":[{"href":"https:\/\/www.thuenen.info\/index.php?rest_route=%2Fwp%2Fv2%2Fmedia&parent=567"}],"curies":[{"name":"wp","href":"https:\/\/api.w.org\/{rel}","templated":true}]}}