{"id":1455,"date":"2021-09-07T15:40:20","date_gmt":"2021-09-07T13:40:20","guid":{"rendered":"https:\/\/thuenengesellschaft.h18566.web142.dogado.net\/?page_id=1455"},"modified":"2023-06-06T10:07:52","modified_gmt":"2023-06-06T08:07:52","slug":"museumsschriften","status":"publish","type":"page","link":"https:\/\/www.thuenen.info\/?page_id=1455","title":{"rendered":"Museumsschriften"},"content":{"rendered":"\n<figure class=\"wp-block-image size-full\"><img loading=\"lazy\" decoding=\"async\" width=\"150\" height=\"214\" src=\"https:\/\/www.thuenen.info\/wp-content\/uploads\/2021\/09\/TTS12_01.jpg\" alt=\"\" class=\"wp-image-1931\"\/><\/figure>\n\n\n\n<h4 class=\"wp-block-heading\">Das Gut des Johann Heinrich von Th\u00fcnen<\/h4>\n\n\n\n<p>Geschichte seiner Wirkungsst\u00e4tte und Verm\u00e4chtnis f\u00fcr eine nachhaltige Landwirtschaft.<br>Hrsg. vom Th\u00fcnen-Museum-Tellow in Zusammenarbeit mit der Th\u00fcnengesellschaft Tellow.<br>Beitr\u00e4ge von Christa Cordshagen, Gerhard Heitz, Anni Stampehl, Dietrich Schr\u00f6der, Angela Zieger und Fritz Tack sowie Horst Kr\u00fcger.<br>Bearbeitet von Angela Ziegler.<\/p>\n\n\n\n<p>Tellow 2019. 156 S. &#8211; (Tellower Th\u00fcnen-Schriften, Band 12)<\/p>\n\n\n\n<p>ISSN 1617-7630, ISBN 978-3-937747-08-8<\/p>\n\n\n\n<p>Verkaufspreis: 14,00 Euro<\/p>\n\n\n\n<p><\/p>\n\n\n\n<figure class=\"wp-block-image size-full\"><img loading=\"lazy\" decoding=\"async\" width=\"150\" height=\"217\" src=\"https:\/\/www.thuenen.info\/wp-content\/uploads\/2021\/09\/TTS11-1.jpg\" alt=\"\" class=\"wp-image-1957\"\/><\/figure>\n\n\n\n<h4 class=\"wp-block-heading\">Voght und Th\u00fcnen. Von Brief zu Brief.<\/h4>\n\n\n\n<p>Voght und Th\u00fcnen. Von Brief zu Brief \/ bearbeitet von Angela Ziegler und Reinhard Schwarze. Hamburg &#8211; Tellow, 2014. &#8211; 220 S.<\/p>\n\n\n\n<p>(Tellower Th\u00fcnen-Schriften, Band 11)<\/p>\n\n\n\n<p>Verkaufspreis: 12,00 Euro<\/p>\n\n\n\n<p>ISSN 1617-7630. ISBN 978-3-937747-17-0<\/p>\n\n\n\n<p>zu beziehen \u00fcber das Th\u00fcnen-Museum-Tellow, OT Tellow 15,<\/p>\n\n\n\n<p>17168 Warnkenhagen oder per E-Mail: archiv@thuenen.info<a><\/a><\/p>\n\n\n\n<figure class=\"wp-block-image size-full\"><img loading=\"lazy\" decoding=\"async\" width=\"150\" height=\"241\" src=\"https:\/\/www.thuenen.info\/wp-content\/uploads\/2021\/09\/TTS10.jpg\" alt=\"\" class=\"wp-image-1933\"\/><\/figure>\n\n\n\n<h4 class=\"wp-block-heading\">Johann Heinrich von Th\u00fcnen: Zitate<\/h4>\n\n\n\n<p>Johann Heinrich von Th\u00fcnen: Zitate \/ ausgew\u00e4hlt von Angela Ziegler, Rolf-Peter Bartz und Horst Kr\u00fcger. Herausgegeben vom Th\u00fcnen-Museum-Tellow in Zusammenarbeit mit der Th\u00fcnengesellschaft e.V. &#8211; D\u00fclmen : Laumann-Verl., 2013. &#8211; 213 S.<\/p>\n\n\n\n<p>12,80 Euro (Vorzugspreis)<\/p>\n\n\n\n<p>ISBN:978-3-89960-391-0.<\/p>\n\n\n\n<p>Enth\u00e4lt 601 Zitate aus Th\u00fcnens \u00fcberlieferten Briefen und aus dem &#8222;Isolierten Staat&#8220;.<a><\/a><\/p>\n\n\n\n<figure class=\"wp-block-image size-full\"><img loading=\"lazy\" decoding=\"async\" width=\"150\" height=\"213\" src=\"https:\/\/www.thuenen.info\/wp-content\/uploads\/2021\/09\/TTS09.jpg\" alt=\"\" class=\"wp-image-1934\"\/><\/figure>\n\n\n\n<p><strong>Das Th\u00fcnensche Erbe im Spannungsfeld zwischen Globalisierung und Regionalisierung<\/strong>&nbsp;: Band zur Tagung anl\u00e4sslich des 225. Geburtstages von Johann Heinrich von Th\u00fcnen.<br>Hrsg. vom Th\u00fcnen-Museum-Tellow in Zusammenarbeit mit der Th\u00fcnengesellschaft e.V. &#8211; Tellow, 2008. &#8211; 168 S. &#8211; (Tellower Th\u00fcnen-Schriften ; 9)<br>ISBN 978-3-9812794-0-5&nbsp; (10,00 \u20ac)<a><\/a><a><\/a><\/p>\n\n\n\n<figure class=\"wp-block-image size-full\"><img loading=\"lazy\" decoding=\"async\" width=\"150\" height=\"224\" src=\"https:\/\/www.thuenen.info\/wp-content\/uploads\/2021\/09\/TTS08.jpg\" alt=\"\" class=\"wp-image-1935\"\/><\/figure>\n\n\n\n<p><strong>Johann Heinrich von Th\u00fcnen:<\/strong><\/p>\n\n\n\n<p><strong>Der isolierte Staat in Beziehung auf Landwirtschaft und National\u00f6konomie. 3. Teil. Grunds\u00e4tze zur Bestimmung der Bodenrente, der vorteilhaftesten Umtriebszeit und des Werts der Holzbest\u00e4nde von verschiedenem Alter f\u00fcr Kiefernwaldungen.<\/strong><br>Hrsg. v. Th\u00fcnen-Museum-Tellow in Zusammenarbeit mit der Th\u00fcnengesellschaft e.V. &#8211; Tellow, 2008. &#8211; (Tellower Th\u00fcnen-Schriften ; 8)<br>ISBN 978-3-9807805-9-9 (24,80 \u20ac)<a><\/a><\/p>\n\n\n\n<figure class=\"wp-block-image size-full\"><img loading=\"lazy\" decoding=\"async\" width=\"150\" height=\"221\" src=\"https:\/\/www.thuenen.info\/wp-content\/uploads\/2021\/09\/TTS07_05.jpg\" alt=\"\" class=\"wp-image-1936\"\/><\/figure>\n\n\n\n<p>Th\u00fcnen-Museum-Tellow (Hg.)<br><strong>Jugendlust, Arbeitsfreuden und Arbeitsk\u00e4mpfe :<\/strong><br>Erinnerungen aus dem Leben von Friedrich (Fritz) Aereboe.<br>Tellow, 2007. &#8211; (Tellower Th\u00fcnen-Schriften ; 7)<br>ISBN 978-3-9807805-8-2 (17,80 \u20ac)<a><\/a><\/p>\n\n\n\n<figure class=\"wp-block-image size-full\"><img loading=\"lazy\" decoding=\"async\" width=\"150\" height=\"216\" src=\"https:\/\/www.thuenen.info\/wp-content\/uploads\/2021\/09\/TTS06.jpg\" alt=\"\" class=\"wp-image-1939\"\/><\/figure>\n\n\n\n<p>Ahrend, Julia Christin:<br><strong>Die Korrespondenz Johann Heinrich von Th\u00fcnens :<\/strong><br>Agrar-, wirtschafts- und sozialwissenschaftliche Aspekte.<br>Tellow, 2006. &#8211; (Tellower Th\u00fcnen-Schriften ; 6)<br>ISBN 978-3-9807805-5-1 (9,80 \u20ac)<a><\/a><\/p>\n\n\n\n<figure class=\"wp-block-image size-full\"><img loading=\"lazy\" decoding=\"async\" width=\"150\" height=\"222\" src=\"https:\/\/www.thuenen.info\/wp-content\/uploads\/2021\/09\/TTS05.jpg\" alt=\"\" class=\"wp-image-1940\"\/><\/figure>\n\n\n\n<p>Th\u00fcnen-Museum Tellow (Hg.):<br><strong>Das Th\u00fcnengut Tellow. Vom Gutsdorf bis zur Gegenwart.<\/strong><br>Tellow 2005.<br>ISBN-13 978-3-9807805-4-4 (vergriffen)<\/p>\n\n\n\n<figure class=\"wp-block-image size-full\"><img loading=\"lazy\" decoding=\"async\" width=\"150\" height=\"215\" src=\"https:\/\/www.thuenen.info\/wp-content\/uploads\/2021\/09\/TTS04_04.jpg\" alt=\"\" class=\"wp-image-1941\"\/><\/figure>\n\n\n\n<p>Th\u00fcnen-Museum Tellow (Hg.):<br><strong>Die Thaer-Th\u00fcnensche Tradition und die Entwicklung des l\u00e4ndlichen Raumes.<\/strong><br>Tellow 2004.<br>ISBN 3-9807805-3-8 (5,90 \u20ac)<a><\/a><\/p>\n\n\n\n<figure class=\"wp-block-image size-full\"><img loading=\"lazy\" decoding=\"async\" width=\"150\" height=\"215\" src=\"https:\/\/www.thuenen.info\/wp-content\/uploads\/2021\/09\/TTS03.jpg\" alt=\"\" class=\"wp-image-1942\"\/><\/figure>\n\n\n\n<p>Reinhard Schwarze:<br><strong>Klopstock und Voght im Leben des Lucas Andreas Staudinger.<\/strong><br>Tellow 2002.<br>ISBN 3-9807805-2-X (11,80 \u20ac)<a><\/a><\/p>\n\n\n\n<figure class=\"wp-block-image size-full\"><img loading=\"lazy\" decoding=\"async\" width=\"150\" height=\"215\" src=\"https:\/\/www.thuenen.info\/wp-content\/uploads\/2021\/09\/TTS02.jpg\" alt=\"\" class=\"wp-image-1943\"\/><\/figure>\n\n\n\n<p>Ilona Buchsteiner (Hg.):<br><strong>100 Jahre Th\u00fcnen-Archiv an der Rostocker alma mater 1901 \u2013 2001.<\/strong><br>Tellow 2002.<br>ISBN 3-9807805-1-1 (7,50 \u20ac)<a><\/a><\/p>\n\n\n\n<figure class=\"wp-block-image size-full\"><img loading=\"lazy\" decoding=\"async\" width=\"150\" height=\"215\" src=\"https:\/\/www.thuenen.info\/wp-content\/uploads\/2021\/09\/TTS01.jpg\" alt=\"\" class=\"wp-image-1944\"\/><\/figure>\n\n\n\n<p>Reinhard Schwarze:<br><strong>Richard Passow. Ein Gelehrter aus Mecklenburg.<\/strong><br>Tellow 2001.<br>ISBN 3-9807805-0-3 (vergriffen)<\/p>\n\n\n\n<p><\/p>\n\n\n\n<figure class=\"wp-block-image size-full\"><img loading=\"lazy\" decoding=\"async\" width=\"150\" height=\"211\" src=\"https:\/\/www.thuenen.info\/wp-content\/uploads\/2021\/09\/MOHR2015_150pixel.jpg\" alt=\"\" class=\"wp-image-1945\"\/><\/figure>\n\n\n\n<h4 class=\"wp-block-heading\">B\u00f6den in Mecklenburg-Vorpommern<\/h4>\n\n\n\n<p>Hans Joachim Mohr:<\/p>\n\n\n\n<p>B\u00f6den in Mecklenburg-Vorpommern im Blickpunkt : Nutzung &#8211; Schutz &#8211; Fruchtbarkeit. Kursorische Anmerkungen zum Zusammenhang Bodennutzung &#8211; Bodenschutz &#8211; Bodenfruchtbarkeit. &#8211; Herausgeber: Th\u00fcnengesellschaft e.V. &#8211; Diekhof i.M. : vanDerner. 2015. &#8211; 97 S.<\/p>\n\n\n\n<p>ISBN 978-3-937747-11-8. Preis: 8,00 Euro.<a><\/a><\/p>\n\n\n\n<figure class=\"wp-block-image size-full\"><img loading=\"lazy\" decoding=\"async\" width=\"150\" height=\"211\" src=\"https:\/\/www.thuenen.info\/wp-content\/uploads\/2021\/09\/Kretschmer-Mohr2013.jpg\" alt=\"\" class=\"wp-image-1946\"\/><\/figure>\n\n\n\n<h4 class=\"wp-block-heading\">B\u00f6den in Mecklenburg-Vorpommern<\/h4>\n\n\n\n<p>B\u00f6den in Mecklenburg-Vorpommern : Entstehung &#8211; Verbreitung &#8211; Nutzung \/ Hermann Kretschmer ; Hans-Joachim Mohr. Hrsg. v. d. Th\u00fcnengesellschaft. &#8211; vanDerner, 2013. Preis: 10,00 Euro.<\/p>\n\n\n\n<p>S. 1-40: Zur Bildung und Vergesellschaftung von Mineralb\u00f6den in der Pedosph\u00e4re Mecklenburg-Vorpommerns (von Prof. Dr. Kretschmer);<\/p>\n\n\n\n<p>S. 41-111: Kursorische Anmerkungen zum Zusammenhang Bodennutzung &#8211; Bodenschutz &#8211; Bodenfruchtbarkeit (von Dr. Mohr)<a><\/a><\/p>\n\n\n\n<figure class=\"wp-block-image size-full\"><img loading=\"lazy\" decoding=\"async\" width=\"150\" height=\"227\" src=\"https:\/\/www.thuenen.info\/wp-content\/uploads\/2021\/09\/DAL_Tagbd.jpg\" alt=\"\" class=\"wp-image-1947\"\/><\/figure>\n\n\n\n<h4 class=\"wp-block-heading\">60 Jahre DAL &#8211; Tagungsband<\/h4>\n\n\n\n<p>Agrarwissenschaften in Vergangenheit und Gegenwart. Kolloquium am 20. und 21. Oktober 2011 in Tellow. Herausgegeben von Siegfried Kuntsche im Auftrag der Th\u00fcnengesellschaft e.V. und der Rosa-Luxemburg-Stiftung Mecklenburg-Vorpommern. vanDerner. 2012. 287 S. Preis: 38,60 Euro.<\/p>\n\n\n\n<p>Zu beziehen \u00fcber:&nbsp;<strong><a href=\"http:\/\/www.vanderner.de\/\" target=\"_blank\" rel=\"noreferrer noopener\"><strong>http:\/\/www.vanDerner.de<\/strong><\/a><\/strong><strong><\/strong><a><\/a><\/p>\n\n\n\n<figure class=\"wp-block-image size-full\"><img loading=\"lazy\" decoding=\"async\" width=\"150\" height=\"227\" src=\"https:\/\/www.thuenen.info\/wp-content\/uploads\/2021\/09\/DAL_Erinner.jpg\" alt=\"\" class=\"wp-image-1948\"\/><\/figure>\n\n\n\n<h4 class=\"wp-block-heading\">Erinnerungen von Zeitzeugen<\/h4>\n\n\n\n<p>an ihr Wirken in der DDR. Herausgegeben von Erich R\u00fcbensam und Hans Wagemann. van Derner. 2011. 544 S. Preis: 33,60 Euro.<\/p>\n\n\n\n<p>Zu beziehen \u00fcber:&nbsp;<a rel=\"noreferrer noopener\" href=\"http:\/\/www.vanderner.de\/\" target=\"_blank\">http:\/\/www.vanDerner.de<\/a>&nbsp;<\/p>\n\n\n\n<p><\/p>\n\n\n\n<figure class=\"wp-block-image size-full\"><img loading=\"lazy\" decoding=\"async\" width=\"150\" height=\"232\" src=\"https:\/\/www.thuenen.info\/wp-content\/uploads\/2021\/09\/cover-isolated-state.jpg\" alt=\"\" class=\"wp-image-1949\"\/><\/figure>\n\n\n\n<h4 class=\"wp-block-heading\">Th\u00fcnens Isolierter Staat, Teil 3, in englischer \u00dcbersetzung:<\/h4>\n\n\n\n<p>The Isolated State in Relation to Agriculture and Political Economy. Part III: Principles for the Determination of Rent, the Most Advantageous Rotation Period and the Value of Stands of Varying Age in Pinewoods \/ Johann Heinrich von Th\u00fcnen. &#8211;\u00a0Hrsg. von Prof. Dr. Ulrich van Suntum f\u00fcr die Th\u00fcnengesellschaft e.V., Tellow. &#8211; Englische \u00dcbersetzung von Dr. Keith Tribe. &#8211; Mit einem Geleitwort von Prof. Dr. Paul A. Samuelson, einem Vorwort von Prof. Dr. Fritz Tack, einer Einleitung von Prof. Dr. Ulrich van Suntum und einer Editionsgeschichte sowie einem Glossar von Reinhard Schwarze.Alle Rechte im Verlag Palgrave Macmillan, 2009.<br><a rel=\"noreferrer noopener\" href=\"http:\/\/www.palgrave.com\/\" target=\"_blank\">www.palgrave.com<\/a> ISBN-13: 978-0-230-22251-9\u00a0\u00a0\u00a0\u00a0 (Festeinband)<br>Das Buch kann direkt beim Palgrave Verlag online bestellt werden:\u00a0<a rel=\"noreferrer noopener\" href=\"http:\/\/www.palgrave.com\/PRODUCTS\/title.aspx?pid=322086\" target=\"_blank\">http:\/\/www.palgrave.com\/PRODUCTS\/title.aspx?pid=322086<\/a>\u00a0<\/p>\n\n\n\n<p><\/p>\n\n\n\n<figure class=\"wp-block-image size-full\"><img loading=\"lazy\" decoding=\"async\" width=\"150\" height=\"217\" src=\"https:\/\/www.thuenen.info\/wp-content\/uploads\/2021\/09\/mohr_2009.jpg\" alt=\"\" class=\"wp-image-1950\"\/><\/figure>\n\n\n\n<h4 class=\"wp-block-heading\">Mohr, Hans-Joachim ; Ratzke, Ulrlich:<\/h4>\n\n\n\n<p>75 Jahre einheitliche Bodensch\u00e4tzung in Deutschland<br>1934 &#8211; 2009. &#8211; Tellow, im M\u00e4rz 2009.<br>ISBN: 978-3-9812794-1-2<br>(9,50 \u20ac)&nbsp;<\/p>\n\n\n\n<p><\/p>\n\n\n\n<figure class=\"wp-block-image size-full\"><img loading=\"lazy\" decoding=\"async\" width=\"150\" height=\"217\" src=\"https:\/\/www.thuenen.info\/wp-content\/uploads\/2021\/09\/bodensch.jpg\" alt=\"\" class=\"wp-image-1951\"\/><\/figure>\n\n\n\n<p>Mohr, Hans-Joachim:<\/p>\n\n\n\n<h4 class=\"wp-block-heading\">Bodenschutz&nbsp;\u2013 eine gesamtgesellschaftliche Aufgabe \u2013<br>Dargestellt am Bundesland Mecklenburg-Vorpommern.<\/h4>\n\n\n\n<p>Tellow, 2006<br>(9,50 \u20ac)<\/p>\n\n\n\n<p><\/p>\n\n\n\n<p>Th\u00fcnen-Museum-Tellow :<\/p>\n\n\n\n<h4 class=\"wp-block-heading\"><\/h4>\n\n\n\n<p><\/p>\n\n\n\n<p><\/p>\n\n\n\n<figure class=\"wp-block-image size-full\"><img loading=\"lazy\" decoding=\"async\" width=\"150\" height=\"239\" src=\"https:\/\/www.thuenen.info\/wp-content\/uploads\/2021\/09\/zitate.jpg\" alt=\"\" class=\"wp-image-1953\"\/><\/figure>\n\n\n\n<p>Bartz, Rolf-Peter ; Kr\u00fcger, Horst:<\/p>\n\n\n\n<h4 class=\"wp-block-heading\">Johann Heinrich von Th\u00fcnen: Zitate<\/h4>\n\n\n\n<p>Rostock : Univ., 1995. Die Auflage ist vergriffen. 2013 erschien im Rahmen der &#8222;Tellower Th\u00fcnen-Schriften&#8220; einen Neubearbeitung.<\/p>\n\n\n\n<p><\/p>\n\n\n\n<figure class=\"wp-block-image size-full\"><img loading=\"lazy\" decoding=\"async\" width=\"150\" height=\"234\" src=\"https:\/\/www.thuenen.info\/wp-content\/uploads\/2021\/09\/zeittafel.jpg\" alt=\"\" class=\"wp-image-1954\"\/><\/figure>\n\n\n\n<p>Bartz, Rolf-Peter ; Kr\u00fcger, Horst ; Mohr, Hans-Joachim:<\/p>\n\n\n\n<h4 class=\"wp-block-heading\">Johann Heinrich von Th\u00fcnen :Zeittafel<\/h4>\n\n\n\n<p>Rostock : Univ., 1995 (vergriffen)<\/p>\n\n\n\n<p><\/p>\n\n\n\n<figure class=\"wp-block-image size-full\"><img loading=\"lazy\" decoding=\"async\" width=\"150\" height=\"234\" src=\"https:\/\/www.thuenen.info\/wp-content\/uploads\/2021\/09\/TMTbuch.jpg\" alt=\"\" class=\"wp-image-1955\"\/><\/figure>\n\n\n\n<p>Bartz, Rolf-Peter ; Z\u00fchlsdorf, Petra:<\/p>\n\n\n\n<h4 class=\"wp-block-heading\">Das Th\u00fcnen-Museum-Tellow&nbsp;: auf den Spuren des Johann Heinrich von Th\u00fcnen durch das Land.<\/h4>\n\n\n\n<p>Dulmen : Laumann, 1994. \u2013 (Entdeckungen in Mecklenburg)<br>ISBN 3-87466-239-X (vergriffen)<br><\/p>\n","protected":false},"excerpt":{"rendered":"<p>Das Gut des Johann Heinrich von Th\u00fcnen Geschichte seiner Wirkungsst\u00e4tte und Verm\u00e4chtnis f\u00fcr eine nachhaltige Landwirtschaft.Hrsg. vom Th\u00fcnen-Museum-Tellow in Zusammenarbeit mit der Th\u00fcnengesellschaft Tellow.Beitr\u00e4ge von Christa Cordshagen, Gerhard Heitz, Anni Stampehl, Dietrich Schr\u00f6der, Angela Zieger und Fritz Tack sowie Horst<\/p>\n","protected":false},"author":1,"featured_media":0,"parent":662,"menu_order":2,"comment_status":"closed","ping_status":"closed","template":"","meta":{"footnotes":""},"class_list":["post-1455","page","type-page","status-publish","hentry"],"_links":{"self":[{"href":"https:\/\/www.thuenen.info\/index.php?rest_route=\/wp\/v2\/pages\/1455","targetHints":{"allow":["GET"]}}],"collection":[{"href":"https:\/\/www.thuenen.info\/index.php?rest_route=\/wp\/v2\/pages"}],"about":[{"href":"https:\/\/www.thuenen.info\/index.php?rest_route=\/wp\/v2\/types\/page"}],"author":[{"embeddable":true,"href":"https:\/\/www.thuenen.info\/index.php?rest_route=\/wp\/v2\/users\/1"}],"replies":[{"embeddable":true,"href":"https:\/\/www.thuenen.info\/index.php?rest_route=%2Fwp%2Fv2%2Fcomments&post=1455"}],"version-history":[{"count":8,"href":"https:\/\/www.thuenen.info\/index.php?rest_route=\/wp\/v2\/pages\/1455\/revisions"}],"predecessor-version":[{"id":2203,"href":"https:\/\/www.thuenen.info\/index.php?rest_route=\/wp\/v2\/pages\/1455\/revisions\/2203"}],"up":[{"embeddable":true,"href":"https:\/\/www.thuenen.info\/index.php?rest_route=\/wp\/v2\/pages\/662"}],"wp:attachment":[{"href":"https:\/\/www.thuenen.info\/index.php?rest_route=%2Fwp%2Fv2%2Fmedia&parent=1455"}],"curies":[{"name":"wp","href":"https:\/\/api.w.org\/{rel}","templated":true}]}}