{"id":1125,"date":"2021-07-15T16:57:16","date_gmt":"2021-07-15T14:57:16","guid":{"rendered":"https:\/\/thuenengesellschaft.h18566.web142.dogado.net\/?page_id=1125"},"modified":"2021-10-05T15:48:39","modified_gmt":"2021-10-05T13:48:39","slug":"datenschutz","status":"publish","type":"page","link":"https:\/\/www.thuenen.info\/?page_id=1125","title":{"rendered":"Datenschutz"},"content":{"rendered":"\n<h4 class=\"wp-block-heading\"><strong>Grundlegendes<\/strong><\/h4>\n\n\n\n<p>Diese Datenschutzerkl\u00e4rung soll die Nutzer dieser Webseite \u00fcber die Art, den Umfang und den Zweck der Erhebung und Verwendung personenbezogener Daten durch den Webseitenbetreiber informieren:<\/p>\n\n\n\n<p><strong>Inhaber der Webseite:<\/strong>&nbsp;Th\u00fcnengesellschaft Tellow e.V<\/p>\n\n\n\n<p>Gesch\u00e4ftsf\u00fchrer: Rolf-Peter Bartz<\/p>\n\n\n\n<p>Verantwortlich f\u00fcr die Inhalte der Webseite: Angela Ziegler<\/p>\n\n\n\n<p><strong><a href=\"mailto:archiv@thuenen.info\">archiv@thuenen.info<\/a><\/strong><\/p>\n\n\n\n<p><strong>Adresse: Tellow 15, 17168 Warnkenhagen<\/strong><\/p>\n\n\n\n<p>Der Webseitenbetreiber nimmt Ihren Datenschutz sehr ernst und behandelt Ihre personenbezogenen Daten vertraulich und entsprechend der gesetzlichen Vorschriften. Da durch neue Technologien und die st\u00e4ndige Weiterentwicklung dieser Webseite \u00c4nderungen an dieser Datenschutzerkl\u00e4rung vorgenommen werden k\u00f6nnen, empfehlen wir Ihnen sich die Datenschutzerkl\u00e4rung in regelm\u00e4\u00dfigen Abst\u00e4nden wieder durchzulesen.<\/p>\n\n\n\n<p>Definitionen der verwendeten Begriffe (z.B. \u201cpersonenbezogene Daten\u201d oder \u201cVerarbeitung\u201d) finden Sie in Art. 4 DSGVO.<\/p>\n\n\n\n<p>Diese Datenschutzerkl\u00e4rung wurde mithilfe des folgenden Musters erstellt: https:\/\/www.datenschutz.org\/datenschutzerklaerung-website\/<a><\/a><\/p>\n\n\n\n<h4 class=\"wp-block-heading\"><strong>Arten der verarbeiteten Daten<\/strong><\/h4>\n\n\n\n<p>Wir, der Webseitenbetreiber bzw. Seitenprovider, erheben aufgrund unseres berechtigten Interesses (s. Art. 6 Abs. 1 lit. f. DSGVO) Daten \u00fcber Zugriffe auf die Webseite und speichern diese als \u201eServer-Logfiles\u201c auf dem Server der Webseite ab. Folgende Daten werden so protokolliert:<\/p>\n\n\n\n<ul class=\"wp-block-list\"><li>Bestandsdaten ( z. B. Namen)<\/li><li>Kontaktdaten (z. B. E-Mail und Telefonnummern)<\/li><li>Inhaltsdaten (z. B, Texteingaben und Fotografien)<\/li><li>Nutzungsdaten (z.B. besuchte Webseiten und Zugriffszeiten<\/li><li>Meta-\/ Kommunikationsdaten (z.B. Ger\u00e4te-Information, IP-Adressen)<\/li><\/ul>\n\n\n\n<p><a><\/a><\/p>\n\n\n\n<h4 class=\"wp-block-heading\"><strong>Reichweitenmessung &amp; Cookies<\/strong><\/h4>\n\n\n\n<p>Diese Website verwendet Cookies zur pseudonymisierten Reichweitenmessung, die entweder von unserem Server oder dem Server Dritter an den Browser des Nutzers \u00fcbertragen werden. Bei Cookies handelt es sich um kleine Dateien, welche auf Ihrem Endger\u00e4t gespeichert werden. Ihr Browser greift auf diese Dateien zu.<\/p>\n\n\n\n<p>G\u00e4ngige Browser bieten die Einstellungsoption, Cookies nicht zuzulassen. Hinweis: Es ist nicht gew\u00e4hrleistet, dass Sie auf alle Funktionen dieser Website ohne Einschr\u00e4nkungen zugreifen k\u00f6nnen, wenn Sie entsprechende Einstellungen vornehmen.<a><\/a><\/p>\n\n\n\n<h4 class=\"wp-block-heading\"><strong>Erfassung und Verarbeitung personenbezogener Daten<\/strong><\/h4>\n\n\n\n<p>Der Webseitenbetreiber erhebt, nutzt und gibt Ihre personenbezogenen Daten nur dann weiter, wenn dies im gesetzlichen Rahmen erlaubt ist oder Sie in die Datenerhebung einwilligen.<\/p>\n\n\n\n<p>Als personenbezogene Daten gelten s\u00e4mtliche Informationen, welche dazu dienen, Ihre Person zu bestimmen und welche zu Ihnen zur\u00fcckverfolgt werden k\u00f6nnen \u2013 also beispielsweise Ihr Name, Ihre E-Mail-Adresse und Telefonnummer.<\/p>\n\n\n\n<p>Diese Webseite k\u00f6nnen Sie besuchen, ohne Angaben zu Ihrer Person zu machen.<a><\/a><\/p>\n\n\n\n<h4 class=\"wp-block-heading\"><strong>Umgang mit Kontaktdaten<\/strong><\/h4>\n\n\n\n<p>Nehmen Sie mit uns als Webseitenbetreiber durch die angebotenen Kontaktm\u00f6glichkeiten Verbindung auf, werden Ihre Angaben gespeichert, damit auf diese zur Bearbeitung und Beantwortung Ihrer Anfrage zur\u00fcckgegriffen werden kann. Ohne Ihre Einwilligung werden diese Daten nicht an Dritte weitergegeben. Dies gilt in besonderem Ma\u00dfe auch f\u00fcr Ausk\u00fcnfte \u00fcber aufgef\u00fchrte Mitglieder der Th\u00fcnengesellschaft Tellow e.V.<\/p>\n\n\n\n<p>M\u00f6chten Sie verhindern, dass die Facebook. Inc. diese Daten mit Ihrem Facebook-Konto verkn\u00fcpft, loggen Sie sich bitte vor dem Besuch dieser Website bei Facebook aus und l\u00f6schen Sie die gespeicherten Cookies. \u00dcber Ihr Facebook-Profil k\u00f6nnen Sie weitere Einstellungen zur Datenverarbeitung f\u00fcr Werbezwecke t\u00e4tigen oder der Nutzung Ihrer Daten f\u00fcr Werbezwecke widersprechen. Zu den Einstellungen gelangen Sie hier:<\/p>\n\n\n\n<ul class=\"wp-block-list\"><li>Profileinstellungen bei Facebook: https:\/\/www.facebook.com\/ads\/preferences\/?entry_product=ad_settings_screen<\/li><li>Cookie-Deaktivierungsseite der US-amerikanischen Website:&nbsp;<a href=\"http:\/\/optout.aboutads.info\/?c=2#!\/\" target=\"_blank\" rel=\"noreferrer noopener\">optout.aboutads.info<\/a><\/li><li>Cookie-Deaktivierungsseite der europ\u00e4ischen Website:&nbsp;<a href=\"http:\/\/optout.networkadvertising.org\/?c=1#!\/\" target=\"_blank\" rel=\"noreferrer noopener\">optout.networkadvertising.org<\/a><\/li><\/ul>\n\n\n\n<p>Welche Daten, zu welchem Zweck und in welchem Umfang Facebook Daten erhebt, nutzt und verarbeitet und welche Rechte sowie Einstellungsm\u00f6glichkeiten Sie zum Schutz Ihrer Privatsph\u00e4re haben, k\u00f6nnen Sie in den Datenschutzrichtlinien von Facebook nachlesen. Diese finden Sie hier: https:\/\/www.facebook.com\/about\/privacy\/<a><\/a><\/p>\n\n\n\n<h4 class=\"wp-block-heading\"><strong>Rechte des Nutzers<\/strong><\/h4>\n\n\n\n<p>Sie haben als Nutzer das Recht, auf Antrag eine kostenlose Auskunft dar\u00fcber zu erhalten, welche personenbezogenen Daten \u00fcber Sie gespeichert wurden. Sie haben au\u00dferdem das Recht auf Berichtigung falscher Daten und auf die Verarbeitungseinschr\u00e4nkung oder L\u00f6schung Ihrer personenbezogenen Daten. Falls zutreffend, k\u00f6nnen Sie auch Ihr Recht auf Datenportabilit\u00e4t geltend machen. Sollten Sie annehmen, dass Ihre Daten unrechtm\u00e4\u00dfig verarbeitet wurden, k\u00f6nnen Sie eine Beschwerde bei der zust\u00e4ndigen Aufsichtsbeh\u00f6rde einreichen.<a><\/a><\/p>\n\n\n\n<h4 class=\"wp-block-heading\"><strong>L\u00f6schung von Daten<\/strong><\/h4>\n\n\n\n<p>Sofern Ihr Wunsch nicht mit einer gesetzlichen Pflicht zur Aufbewahrung von Daten (z. B. Vorratsdatenspeicherung) kollidiert, haben Sie ein Anrecht auf L\u00f6schung Ihrer Daten. Von uns gespeicherte Daten werden, sollten sie f\u00fcr ihre Zweckbestimmung nicht mehr vonn\u00f6ten sein und es keine gesetzlichen Aufbewahrungsfristen geben, gel\u00f6scht. Falls eine L\u00f6schung nicht durchgef\u00fchrt werden kann, da die Daten f\u00fcr zul\u00e4ssige gesetzliche Zwecke erforderlich sind, erfolgt eine Einschr\u00e4nkung der Datenverarbeitung. In diesem Fall werden die Daten gesperrt und nicht f\u00fcr andere Zwecke verarbeitet.<a><\/a><\/p>\n\n\n\n<h4 class=\"wp-block-heading\"><strong>Widerspruchsrecht<\/strong><\/h4>\n\n\n\n<p>Nutzer dieser Webseite k\u00f6nnen von ihrem Widerspruchsrecht Gebrauch machen und der Verarbeitung ihrer personenbezogenen Daten zu jeder Zeit widersprechen.<\/p>\n\n\n\n<p>Wenn Sie eine Berichtigung, Sperrung, L\u00f6schung oder Auskunft \u00fcber die zu Ihrer Person gespeicherten personenbezogenen Daten w\u00fcnschen oder Fragen bzgl. der Erhebung, Verarbeitung oder Verwendung Ihrer personenbezogenen Daten haben oder erteilte Einwilligungen widerrufen m\u00f6chten, wenden Sie sich bitte an folgende E-Mail-Adresse:&nbsp;<strong><a href=\"mailto:archiv@thuenen.info\">archiv@thuenen.info<\/a><\/strong><\/p>\n","protected":false},"excerpt":{"rendered":"<p>Grundlegendes Diese Datenschutzerkl\u00e4rung soll die Nutzer dieser Webseite \u00fcber die Art, den Umfang und den Zweck der Erhebung und Verwendung personenbezogener Daten durch den Webseitenbetreiber informieren: Inhaber der Webseite:&nbsp;Th\u00fcnengesellschaft Tellow e.V Gesch\u00e4ftsf\u00fchrer: Rolf-Peter Bartz Verantwortlich f\u00fcr die Inhalte der Webseite:<\/p>\n","protected":false},"author":1,"featured_media":0,"parent":0,"menu_order":0,"comment_status":"closed","ping_status":"closed","template":"","meta":{"footnotes":""},"class_list":["post-1125","page","type-page","status-publish","hentry"],"_links":{"self":[{"href":"https:\/\/www.thuenen.info\/index.php?rest_route=\/wp\/v2\/pages\/1125","targetHints":{"allow":["GET"]}}],"collection":[{"href":"https:\/\/www.thuenen.info\/index.php?rest_route=\/wp\/v2\/pages"}],"about":[{"href":"https:\/\/www.thuenen.info\/index.php?rest_route=\/wp\/v2\/types\/page"}],"author":[{"embeddable":true,"href":"https:\/\/www.thuenen.info\/index.php?rest_route=\/wp\/v2\/users\/1"}],"replies":[{"embeddable":true,"href":"https:\/\/www.thuenen.info\/index.php?rest_route=%2Fwp%2Fv2%2Fcomments&post=1125"}],"version-history":[{"count":4,"href":"https:\/\/www.thuenen.info\/index.php?rest_route=\/wp\/v2\/pages\/1125\/revisions"}],"predecessor-version":[{"id":1966,"href":"https:\/\/www.thuenen.info\/index.php?rest_route=\/wp\/v2\/pages\/1125\/revisions\/1966"}],"wp:attachment":[{"href":"https:\/\/www.thuenen.info\/index.php?rest_route=%2Fwp%2Fv2%2Fmedia&parent=1125"}],"curies":[{"name":"wp","href":"https:\/\/api.w.org\/{rel}","templated":true}]}}