{"id":1124,"date":"2021-07-15T16:57:16","date_gmt":"2021-07-15T14:57:16","guid":{"rendered":"https:\/\/thuenengesellschaft.h18566.web142.dogado.net\/?page_id=1124"},"modified":"2021-10-11T13:16:58","modified_gmt":"2021-10-11T11:16:58","slug":"impressum","status":"publish","type":"page","link":"https:\/\/www.thuenen.info\/?page_id=1124","title":{"rendered":"Impressum"},"content":{"rendered":"\n<p><strong>Th\u00fcnengesellschaft Tellow e. V.<br><\/strong>OT Tellow 15<br>17168 Warnkenhagen<\/p>\n\n\n\n<p>Telefon:&nbsp;<a href=\"tel:+4939976 5410\">039976 5410<\/a><br>E-Mail:&nbsp;<a href=\"mailto:archiv@thuenen.info\">archiv@thuenen.info<\/a><\/p>\n\n\n\n<p><\/p>\n\n\n\n<p><strong>Gerichtsstand:<\/strong>&nbsp;Amtsgericht Rostock<br><br><strong>Inhaltlich Verantwortlicher<\/strong>&nbsp;gem\u00e4\u00df \u00a7 10 Absatz 3 MDStV: Angela Ziegler (Anschrift wie oben)<br><br><strong>Haftungshinweis:<\/strong>&nbsp;Trotz sorgf\u00e4ltiger inhaltlicher Kontrolle \u00fcbernehmen wir keine Haftung f\u00fcr die Inhalte externer Links. F\u00fcr den Inhalt der verlinkten Seiten sind ausschlie\u00dflich deren Betreiber verantwortlich.<\/p>\n\n\n\n<p><\/p>\n\n\n\n<p><strong>Gestaltung:<\/strong><\/p>\n\n\n\n<p>Heise Medienwerk<br>Marco Schabacker &amp; Maik Schwartz<\/p>\n","protected":false},"excerpt":{"rendered":"<p>Th\u00fcnengesellschaft Tellow e. V.OT Tellow 1517168 Warnkenhagen Telefon:&nbsp;039976 5410E-Mail:&nbsp;archiv@thuenen.info Gerichtsstand:&nbsp;Amtsgericht Rostock Inhaltlich Verantwortlicher&nbsp;gem\u00e4\u00df \u00a7 10 Absatz 3 MDStV: Angela Ziegler (Anschrift wie oben) Haftungshinweis:&nbsp;Trotz sorgf\u00e4ltiger inhaltlicher Kontrolle \u00fcbernehmen wir keine Haftung f\u00fcr die Inhalte externer Links. F\u00fcr den Inhalt der<\/p>\n","protected":false},"author":1,"featured_media":0,"parent":0,"menu_order":0,"comment_status":"closed","ping_status":"closed","template":"","meta":{"footnotes":""},"class_list":["post-1124","page","type-page","status-publish","hentry"],"_links":{"self":[{"href":"https:\/\/www.thuenen.info\/index.php?rest_route=\/wp\/v2\/pages\/1124","targetHints":{"allow":["GET"]}}],"collection":[{"href":"https:\/\/www.thuenen.info\/index.php?rest_route=\/wp\/v2\/pages"}],"about":[{"href":"https:\/\/www.thuenen.info\/index.php?rest_route=\/wp\/v2\/types\/page"}],"author":[{"embeddable":true,"href":"https:\/\/www.thuenen.info\/index.php?rest_route=\/wp\/v2\/users\/1"}],"replies":[{"embeddable":true,"href":"https:\/\/www.thuenen.info\/index.php?rest_route=%2Fwp%2Fv2%2Fcomments&post=1124"}],"version-history":[{"count":6,"href":"https:\/\/www.thuenen.info\/index.php?rest_route=\/wp\/v2\/pages\/1124\/revisions"}],"predecessor-version":[{"id":1977,"href":"https:\/\/www.thuenen.info\/index.php?rest_route=\/wp\/v2\/pages\/1124\/revisions\/1977"}],"wp:attachment":[{"href":"https:\/\/www.thuenen.info\/index.php?rest_route=%2Fwp%2Fv2%2Fmedia&parent=1124"}],"curies":[{"name":"wp","href":"https:\/\/api.w.org\/{rel}","templated":true}]}}